{"id":9777,"date":"2015-07-01T23:23:20","date_gmt":"2015-07-01T21:23:20","guid":{"rendered":"https:\/\/www.powerfoodsjmb.com\/de\/shop\/uncategorized\/xtreme-nitro-stak\/"},"modified":"2020-11-16T20:32:02","modified_gmt":"2020-11-16T19:32:02","slug":"xtreme-nitro-stak","status":"publish","type":"product","link":"https:\/\/www.powerfoodsjmb.com\/de\/product\/xtreme-nitro-stak\/","title":{"rendered":"Xtreme Nitro-Stak"},"content":{"rendered":"","protected":false},"excerpt":{"rendered":"<p><strong>Xtreme Nitro-Stak<\/strong> von <strong>Power-Food\u2019s J-M.B\u00ae<\/strong> basiert auf einer hervorragenden Formel zur Steigerung der Stick-Oxid-Produktion (NO). Die Formel stimuliert den Blutfluss in den trainierenden Muskeln und verbessert somit ihre Versorgung mit N\u00e4hrstoffen, Hormonen und Sauerstoff. Durch die perfekte Kombination aus <strong>Arginin Ketoglutarat <\/strong>(3 g), <strong>Ornithin Alpha Ketoglutarat<\/strong> (1 g) sowie<strong> Taurin, Guarana (Koffein 20 %), Vitamin C<\/strong> und <strong>L-Citrulin hcl,<\/strong> entsteht eine h\u00f6here Sauerstoffzufuhr, wodurch es m\u00f6glich wird, intensivere und aggressivere Trainingseinheiten mit mehr Leistung zu absolvieren. Viele unserer Ausdauer- und Kampfsportler ziehen gro\u00dfen Nutzen aus diesen Eigenschaften. Kraftsportler und Bodybuilder nutzen die Wirksamkeit von <strong>Xtreme Nitro-Stak<\/strong>, um den Pump (Blutfluss) und die Kraftsteigerung in der Muskulatur zu erh\u00f6hen und somit intensivere Trainingseinheiten zu absolvieren.<\/p>\n<p><strong>Power-Food\u2019s J-M.B\u00ae<\/strong> hat mit <strong>Xtreme Nitro-Stak<\/strong> eine der besten Formeln in diesem Bereich entwickelt, die sofortigen Ergebnisse sind der beste Beweis f\u00fcr dieses super Produkt. (Kann perfekt mit <strong>Xtreme Crea-Stak<\/strong> oder <strong>Power Tri-CreaKick<\/strong> kombiniert werden.)<\/p>\n<p>&nbsp;<\/p>\n<p><strong>Gebrauchsanweisung:<\/strong><\/p>\n<p>An Trainingstagen mischen Sie 4 kleine Messl\u00f6ffel (ca. 10 g) mit 250 ml Wasser morgens auf n\u00fcchternen Magen und zus\u00e4tzlich 4 kleine Messl\u00f6ffel ungef\u00e4hr 30 Minuten vor dem Training. An Ruhetagen mischen Sie 4 kleine Messl\u00f6ffel mit 250 ml Wasser morgens auf n\u00fcchternen Magen.<\/p>\n<p><strong>Gebinde:<\/strong><\/p>\n<p>Dose mit 300 g<\/p>\n<p><strong>Geschmacksrichtungen:<\/strong><\/p>\n<p>Ice Tea, Kirsche, Orange, Tropical, Zitrone<\/p>\n<p><strong>Ern\u00e4hrungswerte pro 100 g: (<strong>NUT_PL_AS 1626\/13)<\/strong><\/strong><\/p>\n<p>Energie: 363,48 kcal \/ 1499,4  kJ<br \/>\nKohlenhydrate: 10,9 g<br \/>\nEiwei\u00df: 80 g<br \/>\nFette: 0 g<\/p>\n","protected":false},"featured_media":15845,"comment_status":"closed","ping_status":"closed","template":"","meta":[],"product_brand":[],"product_cat":[528],"product_tag":[697,700,715,723,717,724,773,753,754,768,760,752,758],"class_list":{"0":"post-9777","1":"product","2":"type-product","3":"status-publish","4":"has-post-thumbnail","6":"product_cat-kreatine-und-nox","7":"product_tag-ausdauer","8":"product_tag-ausdauersport","9":"product_tag-bodybuilding-de","10":"product_tag-diaet","11":"product_tag-fitness-de","12":"product_tag-kampfsport","13":"product_tag-kraftsport","14":"product_tag-kraftsteigerung","15":"product_tag-leistungssteigerung","16":"product_tag-power-foods-j-m-b-de","17":"product_tag-pumpeffekt","18":"product_tag-sportler","19":"product_tag-wettkampf","21":"first","22":"instock","23":"taxable","24":"shipping-taxable","25":"purchasable","26":"product-type-variable"},"bundle_layout":"","bundled_by":[],"bundled_items":[],"_links":{"self":[{"href":"https:\/\/www.powerfoodsjmb.com\/de\/wp-json\/wp\/v2\/product\/9777","targetHints":{"allow":["GET"]}}],"collection":[{"href":"https:\/\/www.powerfoodsjmb.com\/de\/wp-json\/wp\/v2\/product"}],"about":[{"href":"https:\/\/www.powerfoodsjmb.com\/de\/wp-json\/wp\/v2\/types\/product"}],"replies":[{"embeddable":true,"href":"https:\/\/www.powerfoodsjmb.com\/de\/wp-json\/wp\/v2\/comments?post=9777"}],"wp:featuredmedia":[{"embeddable":true,"href":"https:\/\/www.powerfoodsjmb.com\/de\/wp-json\/wp\/v2\/media\/15845"}],"wp:attachment":[{"href":"https:\/\/www.powerfoodsjmb.com\/de\/wp-json\/wp\/v2\/media?parent=9777"}],"wp:term":[{"taxonomy":"product_brand","embeddable":true,"href":"https:\/\/www.powerfoodsjmb.com\/de\/wp-json\/wp\/v2\/product_brand?post=9777"},{"taxonomy":"product_cat","embeddable":true,"href":"https:\/\/www.powerfoodsjmb.com\/de\/wp-json\/wp\/v2\/product_cat?post=9777"},{"taxonomy":"product_tag","embeddable":true,"href":"https:\/\/www.powerfoodsjmb.com\/de\/wp-json\/wp\/v2\/product_tag?post=9777"}],"curies":[{"name":"wp","href":"https:\/\/api.w.org\/{rel}","templated":true}]}}