{"id":9735,"date":"2015-07-01T22:35:41","date_gmt":"2015-07-01T20:35:41","guid":{"rendered":"https:\/\/www.powerfoodsjmb.com\/de\/shop\/uncategorized\/vita-force\/"},"modified":"2024-04-24T22:33:34","modified_gmt":"2024-04-24T20:33:34","slug":"vita-force-v2","status":"publish","type":"product","link":"https:\/\/www.powerfoodsjmb.com\/de\/product\/vita-force-v2\/","title":{"rendered":"Vita Force V2"},"content":{"rendered":"<p><strong>Vita-ForceV2<\/strong> ist unsere neue Formel und damit eine noch hervorragendere Erg\u00e4nzung von <strong>Power-Food\u2019s J-M.B<sup>\u00ae<\/sup><\/strong> mit allen Vitaminen, Mineralien und Antioxidantien, die der K\u00f6rper f\u00fcr beste Gesundheit braucht. Vollst\u00e4ndig mit einer Multi-Vitamin-Mineralmischung versetzt, verhindert es die Gefahren eines Mangels an diesen wertvollen Substanzen, die oft wegen einer geringen Nahrungsabwechslung, einem <strong>zu niedrigen<\/strong> Kalorienkonsum (bei Di\u00e4ten) oder eines <strong>hohen Verlustes<\/strong> bei starkem Schwitzen w\u00e4hrend k\u00f6rperlichen oder sportlichen Aktivit\u00e4ten zustande kommt. Diese nahrhaften Substanzen k\u00f6nnen nicht selbst vom K\u00f6rper in ausreichenden Mengen produziert werden. Um Vitalit\u00e4t und Gesundheit aufrecht zu halten sollten diese erg\u00e4nzt werden.<\/p>\n<p>&nbsp;<\/p>\n<p><strong>Gebrauch<\/strong><\/p>\n<p>Nehmen Sie t\u00e4glich 3x\u00a01Tablette zu den Mahlzeiten, morgens, mittags und abends.<\/p>\n<p>&nbsp;<\/p>\n<p><strong>Verf\u00fcgbarkeit<\/strong><\/p>\n<p>Dose mit 120 Tabletten \u00a0Gewicht Net(to) 149,52g<\/p>\n<p>&nbsp;<\/p>\n<p><strong>Zutaten pro Tablette:<\/strong><\/p>\n<p>Vitamine C 160mg, Magensium Oxide 50mg, Beta-Carotene 20% 21,6mg, Vitamine E 50% 36mg, Ginseng Extract (Panax,24% ginsenosides) 25mg, Iron Gluconate 2,7mg, Biotin 2% 0,59mg, Calcium Panthothenate 24mg, Nicotinamide 22mg, Zinc Gluconate 2,8mg, Citrus bioflavonoids (50% hesperidine) 13mg, Cholin Bitartrate 185mg, Inositol 12,5mg, Spirulina platensis 12,5mg, Sodium selenite 2% 0,6mg, Manganese gluconate 1,9mg, Pyridoxine hydrochloride 9,5mg, Thiamine hydrochloride 6,1mg, Copper gluconate, 0,6mg, Rutin 95% 5,2mg, Vitamine B2 6mg, Vitamine D3 (100000IU\/g) 4mg, Coenzyme Q10 22mg, Chromium chloride hexahydrate 0,03mg, Potassium iodide 0,03mg, Folic acid 0,52mg, Vitamine B12 (1% Cyanocobalamin) 0,4mg, Microscrystalline cellulose 509,43mg, Sodium Carboxymethyl Starch 40mg, Magnesium stearate 16mg, Silicon dioxide 10mg.<\/p>\n<p>RDA\/ADH\/ AJR %<\/p>\n<p>&nbsp;<\/p>\n<p><strong>Vegetarisch \/ Vegan<\/strong><\/p>\n","protected":false},"excerpt":{"rendered":"<p>Vita-ForceV2 ist unsere neue Formel und damit eine noch hervorragendere Erg\u00e4nzung von Power-Food\u2019s J-M.B\u00ae mit allen Vitaminen, Mineralien und Antioxidantien, die der K\u00f6rper f\u00fcr beste Gesundheit braucht. Vollst\u00e4ndig mit einer Multi-Vitamin-Mineralmischung versetzt, verhindert es die Gefahren eines Mangels an diesen wertvollen Substanzen, die oft wegen einer geringen Nahrungsabwechslung, einem zu niedrigen Kalorienkonsum (bei Di\u00e4ten) oder eines hohen Verlustes bei starkem [&hellip;]<\/p>\n","protected":false},"featured_media":20745,"comment_status":"closed","ping_status":"closed","template":"","meta":[],"product_brand":[],"product_cat":[531],"product_tag":[695,697,723,717,724,754,768,758,755],"class_list":{"0":"post-9735","1":"product","2":"type-product","3":"status-publish","4":"has-post-thumbnail","6":"product_cat-wohlbefinden-gesundheit","7":"product_tag-antioxydant-de","8":"product_tag-ausdauer","9":"product_tag-diaet","10":"product_tag-fitness-de","11":"product_tag-kampfsport","12":"product_tag-leistungssteigerung","13":"product_tag-power-foods-j-m-b-de","14":"product_tag-wettkampf","15":"product_tag-wohlbefinden","17":"first","18":"outofstock","19":"taxable","20":"shipping-taxable","21":"purchasable","22":"product-type-simple"},"bundle_layout":"","bundled_by":[],"bundled_items":[],"_links":{"self":[{"href":"https:\/\/www.powerfoodsjmb.com\/de\/wp-json\/wp\/v2\/product\/9735","targetHints":{"allow":["GET"]}}],"collection":[{"href":"https:\/\/www.powerfoodsjmb.com\/de\/wp-json\/wp\/v2\/product"}],"about":[{"href":"https:\/\/www.powerfoodsjmb.com\/de\/wp-json\/wp\/v2\/types\/product"}],"replies":[{"embeddable":true,"href":"https:\/\/www.powerfoodsjmb.com\/de\/wp-json\/wp\/v2\/comments?post=9735"}],"wp:featuredmedia":[{"embeddable":true,"href":"https:\/\/www.powerfoodsjmb.com\/de\/wp-json\/wp\/v2\/media\/20745"}],"wp:attachment":[{"href":"https:\/\/www.powerfoodsjmb.com\/de\/wp-json\/wp\/v2\/media?parent=9735"}],"wp:term":[{"taxonomy":"product_brand","embeddable":true,"href":"https:\/\/www.powerfoodsjmb.com\/de\/wp-json\/wp\/v2\/product_brand?post=9735"},{"taxonomy":"product_cat","embeddable":true,"href":"https:\/\/www.powerfoodsjmb.com\/de\/wp-json\/wp\/v2\/product_cat?post=9735"},{"taxonomy":"product_tag","embeddable":true,"href":"https:\/\/www.powerfoodsjmb.com\/de\/wp-json\/wp\/v2\/product_tag?post=9735"}],"curies":[{"name":"wp","href":"https:\/\/api.w.org\/{rel}","templated":true}]}}