{"id":9211,"date":"2015-06-26T16:31:22","date_gmt":"2015-06-26T14:31:22","guid":{"rendered":"https:\/\/www.powerfoodsjmb.com\/shop\/uncategorized\/j-m-b-meal-replace\/?lang=de"},"modified":"2025-04-21T19:48:42","modified_gmt":"2025-04-21T17:48:42","slug":"j-m-b-meal-replace","status":"publish","type":"product","link":"https:\/\/www.powerfoodsjmb.com\/de\/product\/j-m-b-meal-replace\/","title":{"rendered":"J-M.B Meal Replace"},"content":{"rendered":"<p><strong>J-M.B Meal Replace<\/strong> von <strong>Power-Food\u2019s J-M.B\u00ae<\/strong> wurde so zusammengestellt, dass nicht nur Sportler davon profitieren, sondern auch z.\u00a0B. berufst\u00e4tige Menschen, die nicht immer Zeit haben eine vollwertige Mahlzeit zu sich zu nehmen, sei es nun als Fr\u00fchst\u00fcck, Mittag-, Abendessen oder auch als gelegentliche Zwischenmahlzeit. <strong>J-M.B Meal Replace<\/strong> ist eine Zusammensetzung aus hochwertigen Eiwei\u00dfquellen, wenig komplexen Kohlenhydraten, einem <strong>Vitamin-Mineralkomplex<\/strong> und einem Zusatz von <strong>Inulin <\/strong>und <strong>MCT-\u00d6l<\/strong>. Die Mischung der drei Proteinarten (schnelle und langanhaltende), unter anderem dem <strong>miszelarem Casein Protein<\/strong>, einem 100\u00a0% <strong>iso-mikrofiltrierten Whey-Isolat Protein<\/strong>, und einem reinem <strong>Ei-Albumin Protein,<\/strong> wird vom K\u00f6rper auf verschiedenste Weise aufgenommen (optimale Verwertung) und enth\u00e4lt einen gro\u00dfen Anteil an Aminos\u00e4uren. Zusammen mit den komplexen Kohlenhydraten wie dem <strong>Hafermehl <\/strong>und der <strong>Maisst\u00e4rke (hmk) <\/strong>mit sehr hohem Molekulargewicht und einem Zusatz an <strong>Inulin<\/strong> (Ballaststoffe, f\u00f6rdern die gesunde Verdauung, wirken positiv auf die Darmflora, st\u00e4rken die eigenen Abwehrkr\u00e4fte und haben einen langanhaltenden S\u00e4ttigungseffekt zur Folge) und mit dem <strong>MCT-\u00d6l<\/strong>, (liefert Energie und sch\u00fctzt vor einem Proteinabbau, verbessert die Regeneration und verst\u00e4rkt die Thermogenese) wird <strong>J-M.B Meal Replace<\/strong> zu einer leckeren Mahlzeiterg\u00e4nzung mit wertvollen N\u00e4hrstoffen, die zur Unterst\u00fctzung von allen Di\u00e4ten, sowie als Zwischenmahlzeit genutzt werden kann. Praktisch in Portionsp\u00e4ckchen verpackt, kann man jede Mahlzeit individuell und \u00fcberall zubereiten \u2013 sei es bei der Arbeit, beim Sport, unterwegs oder zu Hause.<\/p>\n<p><strong>J-M.B Meal Replace<\/strong> ist ein Muss f\u00fcr alle, die sich bewusst und gesund ern\u00e4hren m\u00f6chten. Auch optimal f\u00fcr alle Sportler, zur Muskelerholung und f\u00fcr den Muskelaufbau (bei gezielten Trainingseinheiten), vor und nach dem Sport oder k\u00f6rperlichen Aktivit\u00e4ten.<\/p>\n<p>&nbsp;<\/p>\n<p><strong>Gebrauchsanweisung:<\/strong><\/p>\n<p>Mischen Sie den Inhalt eines P\u00e4ckchens (85\u00a0g) mit 300\u00a0ml Wasser oder fettarmer Milch in einem Shaker und trinken dies als Mahlzeitenerg\u00e4nzung oder als Zwischenmahlzeit. An Sporttagen auch ideal vor und nach dem Training.<\/p>\n<p><strong>Gebinde:<\/strong><\/p>\n<p>1 Portionsp\u00e4ckchen von 85 g oder 30x 85 g Portionsp\u00e4ckchen im Eimer, 1 kg im Beutel, Dosen mit 1 kg und 2,5 kg<\/p>\n<p><strong>Geschmacksrichtungen:<\/strong><\/p>\n<p>Schokolade, Vanille<\/p>\n<p><strong>Ern\u00e4hrungswerte pro 85 g Portion: (NUT_PL_AS 1626\/21)<\/strong><\/p>\n<p>Energie: 302,75 kcal \/ 1274,43 kJ<br \/>\nKohlenhydrate: 25,81 g<br \/>\nEiwei\u00df: 40,32 g<br \/>\nFette: 5,08 g (davon 3 g MCT O\u0308l)<br \/>\n&#8211; davon gesa\u0308ttigte Fette: 0,63 g<br \/>\nFibre: 5,99 g<br \/>\nSodium: 0,38 g<\/p>\n","protected":false},"excerpt":{"rendered":"<p>J-M.B Meal Replace von Power-Food\u2019s J-M.B\u00ae wurde so zusammengestellt, dass nicht nur Sportler davon profitieren, sondern auch z.\u00a0B. berufst\u00e4tige Menschen, die nicht immer Zeit haben eine vollwertige Mahlzeit zu sich zu nehmen, sei es nun als Fr\u00fchst\u00fcck, Mittag-, Abendessen oder auch als gelegentliche Zwischenmahlzeit. J-M.B Meal Replace ist eine Zusammensetzung aus hochwertigen Eiwei\u00dfquellen, wenig komplexen Kohlenhydraten, einem Vitamin-Mineralkomplex und einem [&hellip;]<\/p>\n","protected":false},"featured_media":16947,"comment_status":"closed","ping_status":"closed","template":"","meta":[],"product_brand":[],"product_cat":[514],"product_tag":[699,723,717,764,768,752,756],"class_list":{"0":"post-9211","1":"product","2":"type-product","3":"status-publish","4":"has-post-thumbnail","6":"product_cat-proteine-nahrungsergaenzungen","7":"product_tag-alltag","8":"product_tag-diaet","9":"product_tag-fitness-de","10":"product_tag-nichtsportler","11":"product_tag-power-foods-j-m-b-de","12":"product_tag-sportler","13":"product_tag-zwischenmahlzeit","15":"first","16":"instock","17":"taxable","18":"shipping-taxable","19":"purchasable","20":"product-type-variable"},"bundle_layout":"","bundled_by":[],"bundled_items":[],"_links":{"self":[{"href":"https:\/\/www.powerfoodsjmb.com\/de\/wp-json\/wp\/v2\/product\/9211","targetHints":{"allow":["GET"]}}],"collection":[{"href":"https:\/\/www.powerfoodsjmb.com\/de\/wp-json\/wp\/v2\/product"}],"about":[{"href":"https:\/\/www.powerfoodsjmb.com\/de\/wp-json\/wp\/v2\/types\/product"}],"replies":[{"embeddable":true,"href":"https:\/\/www.powerfoodsjmb.com\/de\/wp-json\/wp\/v2\/comments?post=9211"}],"wp:featuredmedia":[{"embeddable":true,"href":"https:\/\/www.powerfoodsjmb.com\/de\/wp-json\/wp\/v2\/media\/16947"}],"wp:attachment":[{"href":"https:\/\/www.powerfoodsjmb.com\/de\/wp-json\/wp\/v2\/media?parent=9211"}],"wp:term":[{"taxonomy":"product_brand","embeddable":true,"href":"https:\/\/www.powerfoodsjmb.com\/de\/wp-json\/wp\/v2\/product_brand?post=9211"},{"taxonomy":"product_cat","embeddable":true,"href":"https:\/\/www.powerfoodsjmb.com\/de\/wp-json\/wp\/v2\/product_cat?post=9211"},{"taxonomy":"product_tag","embeddable":true,"href":"https:\/\/www.powerfoodsjmb.com\/de\/wp-json\/wp\/v2\/product_tag?post=9211"}],"curies":[{"name":"wp","href":"https:\/\/api.w.org\/{rel}","templated":true}]}}