{"id":9089,"date":"2015-06-26T09:27:12","date_gmt":"2015-06-26T07:27:12","guid":{"rendered":"https:\/\/www.powerfoodsjmb.com\/de\/shop\/uncategorized\/daa-force\/"},"modified":"2022-07-25T08:52:50","modified_gmt":"2022-07-25T06:52:50","slug":"daa-force","status":"publish","type":"product","link":"https:\/\/www.powerfoodsjmb.com\/de\/product\/daa-force\/","title":{"rendered":"DAA Force"},"content":{"rendered":"<p><strong>DAA-Force<\/strong> ist eine absolute <strong>Neuheit<\/strong> von <strong>Power-Food\u2019s J-M.B\u00ae<\/strong> und jetzt schon der Renner in unserem Sortiment. <strong>DAA-Force<\/strong> ist eine nat\u00fcrliche Aminos\u00e4ure, auch genannt <strong>D-Aspartic<\/strong> S\u00e4ure Calcium <strong>Chelate<\/strong>, die sich in unserer Nahrung wiederfindet und auch vom K\u00f6rper selbst hergestellt wird, wodurch sie zu einem hervorragenden Werkzeug zur Erh\u00f6hung der gesunden m\u00e4nnlichen Testosteronproduktion wird. Wissenschaftliche Studien zeigen, dass dieser Wirkstoff von <strong>DAA-Force<\/strong> bei gesunden M\u00e4nnern und Athleten schon ab 1-2 Wochen regelm\u00e4\u00dfiger Einnahme die LH Werte um mehr als 30\u00a0% und den Testosteronspiegel um \u00fcber 42\u00a0% effizient erh\u00f6ht. Aufgrund dieser Erh\u00f6hung und der gesteigerten Wirkung an der Hypophyse kann <strong>DAA-Force<\/strong> zus\u00e4tzlich die Wachstumshormonproduktion erh\u00f6hen.<\/p>\n<p>Athleten berichten \u00fcber eine enorme Kraft- und Leistungssteigerung und einen fettfreien Muskelaufbau sowie eine verbesserte Ausdauer. Auch Kampfsportler nutzen <strong>DAA-Force<\/strong>, um mehr Aggressivit\u00e4t und bessere Leistung beim Training oder Wettkampf zu entwickeln.<\/p>\n<p>&nbsp;<\/p>\n<p><strong>Gebrauchsanweisung:<\/strong><\/p>\n<p>An Trainingstagen nehmen Sie 5 Kapseln morgens zum Fr\u00fchst\u00fcck und 5 Kapseln 30\u00a0min vor dem Sport. An Ruhetagen nehmen Sie 5 Kapseln morgens zum Fr\u00fchst\u00fcck und 5 Kapseln vor dem Schlafengehen. Kraftsportler und Bodybuilder k\u00f6nnen auch an Trainingstagen zus\u00e4tzlich noch 5 Kapseln vor dem Schlafengehen nehmen.<\/p>\n<p><strong>Gebinde:<\/strong><\/p>\n<p>Dose mit 300 Kapseln je 800 mg<\/p>\n<p><strong>NUT-Nummer:<\/strong><\/p>\n<p>NUT AS_1626\/36<\/p>\n","protected":false},"excerpt":{"rendered":"<p>DAA-Force ist eine absolute Neuheit von Power-Food\u2019s J-M.B\u00ae und jetzt schon der Renner in unserem Sortiment. DAA-Force ist eine nat\u00fcrliche Aminos\u00e4ure, auch genannt D-Aspartic S\u00e4ure Calcium Chelate, die sich in unserer Nahrung wiederfindet und auch vom K\u00f6rper selbst hergestellt wird, wodurch sie zu einem hervorragenden Werkzeug zur Erh\u00f6hung der gesunden m\u00e4nnlichen Testosteronproduktion wird. Wissenschaftliche Studien zeigen, dass dieser Wirkstoff von [&hellip;]<\/p>\n","protected":false},"featured_media":18197,"comment_status":"closed","ping_status":"closed","template":"","meta":[],"product_brand":[],"product_cat":[532],"product_tag":[724,753,754,759,768,752,761,758],"class_list":{"0":"post-9089","1":"product","2":"type-product","3":"status-publish","4":"has-post-thumbnail","6":"product_cat-natuerliche-stimulanten","7":"product_tag-kampfsport","8":"product_tag-kraftsteigerung","9":"product_tag-leistungssteigerung","10":"product_tag-muskelaufbau","11":"product_tag-power-foods-j-m-b-de","12":"product_tag-sportler","13":"product_tag-training","14":"product_tag-wettkampf","16":"first","17":"instock","18":"taxable","19":"shipping-taxable","20":"purchasable","21":"product-type-simple"},"bundle_layout":"","bundled_by":[],"bundled_items":[],"_links":{"self":[{"href":"https:\/\/www.powerfoodsjmb.com\/de\/wp-json\/wp\/v2\/product\/9089","targetHints":{"allow":["GET"]}}],"collection":[{"href":"https:\/\/www.powerfoodsjmb.com\/de\/wp-json\/wp\/v2\/product"}],"about":[{"href":"https:\/\/www.powerfoodsjmb.com\/de\/wp-json\/wp\/v2\/types\/product"}],"replies":[{"embeddable":true,"href":"https:\/\/www.powerfoodsjmb.com\/de\/wp-json\/wp\/v2\/comments?post=9089"}],"wp:featuredmedia":[{"embeddable":true,"href":"https:\/\/www.powerfoodsjmb.com\/de\/wp-json\/wp\/v2\/media\/18197"}],"wp:attachment":[{"href":"https:\/\/www.powerfoodsjmb.com\/de\/wp-json\/wp\/v2\/media?parent=9089"}],"wp:term":[{"taxonomy":"product_brand","embeddable":true,"href":"https:\/\/www.powerfoodsjmb.com\/de\/wp-json\/wp\/v2\/product_brand?post=9089"},{"taxonomy":"product_cat","embeddable":true,"href":"https:\/\/www.powerfoodsjmb.com\/de\/wp-json\/wp\/v2\/product_cat?post=9089"},{"taxonomy":"product_tag","embeddable":true,"href":"https:\/\/www.powerfoodsjmb.com\/de\/wp-json\/wp\/v2\/product_tag?post=9089"}],"curies":[{"name":"wp","href":"https:\/\/api.w.org\/{rel}","templated":true}]}}