{"id":20948,"date":"2024-07-10T09:40:13","date_gmt":"2024-07-10T07:40:13","guid":{"rendered":"https:\/\/www.powerfoodsjmb.com\/?post_type=product&#038;p=20948"},"modified":"2024-07-10T10:24:19","modified_gmt":"2024-07-10T08:24:19","slug":"power-vegan-pro-90","status":"publish","type":"product","link":"https:\/\/www.powerfoodsjmb.com\/de\/product\/power-vegan-pro-90\/","title":{"rendered":"Power Vegan-Pro 90"},"content":{"rendered":"<p><strong>Power Vegan-Pro&nbsp;90<\/strong> von <strong>Power-Food\u2019s J-M.B\u00ae<\/strong> ist unsere neue Formel und besteht jetzt aus 80&nbsp;% Reisproteinisolat, 10,76&nbsp;% Erbsenproteinisolat und 5&nbsp;% L-Glutamine! <strong>Power Vergan-Pro&nbsp;90<\/strong> ist ein rein <strong>pflanzliches Zweikomponentenprotein<\/strong> mit einem sehr hohem Eiwei\u00dfanteil bis zu 90&nbsp;%, und durch die Zugabe von <strong>L-Glutamine<\/strong> auch jetzt einem h\u00f6herem <strong>Aminos\u00e4urengehalt<\/strong>. Im Gegensatz zu den meisten anderen Reis und Erbsenproteinpulvern kommt es jetzt auch ohne die f\u00fcr Reisprotein typische zu sehr sandige Konsistenz und den zu intensiven Erbsengeschmack aus, und hat daf\u00fcr nun einen sehr leckeren und angenehmen Geschmack!<\/p>\n<p><strong>Power Vegan-Pro&nbsp;90<\/strong> hat durch seinen sehr hohen <strong>Proteinanteil von 90&nbsp;%<\/strong> noch mehr Vorteile und f\u00f6rdert zudem einem besseren <strong>Muskelaufbau<\/strong> bzw. <strong>Muskelerhalt<\/strong> beim Sport oder auch w\u00e4hrend einer kalorienreduzierten Di\u00e4t. Durch seine Wasserl\u00f6slichkeit k\u00f6nnt ihr zus\u00e4tzliche Kalorien sparen ohne dabei auf den Geschmack verzichten zu m\u00fcssen. Unser <strong>Power Vegan-Pro&nbsp;90<\/strong> hat jetzt auch einen leicht cremigen-leckeren und angenehmen Geschmack und kann super mit Wasser sowie auch hervorragend mit Pflanzlichen Milchsorten wie Reismilch, Hafermilch, Dinkelmilch als Shake getrunken werden, zudem zeichnet es sich vor allem zus\u00e4tzlich durch seinen niedrigen Zucker- und Fettgehalt aus.<\/p>\n<p>Da sich Reis- und Erbsenprotein in ihrem Aminos\u00e4ureprofil ideal erg\u00e4nzen, ergibt sich bei unserem <strong>Power Vegan Pro&nbsp;90<\/strong> jetzt auch mit dem zusatz von <strong>L-Glutamine<\/strong> eine bestm\u00f6gliche <strong>biologische Wertigkeit<\/strong>, und zeichnet sich durch seinen <strong>hypoallergenen Charakter<\/strong> aus. Daher ist unser Mix aus Reis mit Erbsenproteinpulver nicht nur hervorragend f\u00fcr Veganer, sondern besonders auch f\u00fcr Menschen und Athleten, die unter <strong>Lebensmittelunvertr\u00e4glichkeiten (Soja, Laktose, etc.)<\/strong> leiden.<\/p>\n<p>Unsere <strong>Power Vegan-Pro&nbsp;90 <\/strong>Mischung aus Reis- Erbsenproteinisolaten und L-Glutamine ist ideal f\u00fcr alle und passt perfekt in jede Ern\u00e4hrung als Erg\u00e4nzung, ob bei Nichtsportler zur Einnahme als Erg\u00e4nzung des t\u00e4glichen Proteinbedarfs, bei Di\u00e4ten sowie <strong>Eiweissmangelnder<\/strong> Ern\u00e4hrung, f\u00fcr Sportler vor und nach dem Training als Shake, zur Unterst\u00fctzung und Steigerung der Proteinsynthese f\u00fcr Muskel-Wachstum, und nat\u00fcrlich hervorragend als Zwischenmahlzeit zur Erg\u00e4nzung des t\u00e4glichen <strong>Proteinbedarfs<\/strong>. Durch die vielen enthaltenen positiven Inhaltsstoffe stellt unser pflanzliches Eiwei\u00df die Basis f\u00fcr eine gesunde Ern\u00e4hrung dar, und somit ist unser <strong>Power Vegan-Pro&nbsp;90<\/strong> von <strong>Power-Food\u00b4s J-M.B\u00ae<\/strong> nicht nur f\u00fcr Veganer, sondern auch f\u00fcr alle gesundheitsbewussten Menschen geeignet.<\/p>\n<h2><strong>Gebrauch<\/strong><\/h2>\n<p>Mischen Sie mehrmals t\u00e4glich 1geh\u00e4uften Messl\u00f6ffel (ca. 30 g) mit 300 ml Wasser oder Pflanzenmilche wie z. B. Reis-, Hafer-, Dinkel- oder Mandelmilch als Shake, und trinken diesen 2-3x \u00fcber den Tag verteilt als Erg\u00e4nzung, zu Di\u00e4ten oder als Ersatz einer Tagesmahlzeit (morgens, mittags oder abends). An Sporttagen am besten morgens zum oder als Fr\u00fchst\u00fcck, sowie 60 Minuten vor und direkt nach dem Training. An Ruhetagen, morgens und mittags als Zwischenmahlzeit und bei Bedarf sogar abends vor dem Schlafengehen.<\/p>\n<h2>Verf\u00fcgbarkeit<\/h2>\n<p>Dose mit 750\u00a0g \/ Beutel 1\u00a0kg<\/p>\n<h2>Geschmacksrichtung<\/h2>\n<p>Chocolat \/ French-Vanille<\/p>\n<h2><strong>Ern\u00e4hrungswerte pro 100\u00a0g: <\/strong><\/h2>\n<p>(Angaben: Geschmacksrichtung french-vanille)<\/p>\n<p><strong>Energie: <\/strong>388,45\u00a0kcal \/ 1641,43\u00a0kJ<br \/>\n<strong>Kohlenhydrate:<\/strong> 7,51 g<br \/>\ndavon Zucker: 0,2 g<br \/>\n<strong>Eiwei\u00df:<\/strong> 82,03 g<br \/>\n<strong>Fette:<\/strong> 5,07 g<br \/>\ndavon ges\u00e4ttigte Fette: 1,91 g<br \/>\n<strong>Fiber: <\/strong>3,77\u00a0g<br \/>\n<strong>Salz:<\/strong> 0,22 g<br \/>\ndavon Sodium: 0,37\u00a0g<\/p>\n<h2><strong>Aminos\u00e4urenprofil auf 100\u00a0g\u00a0: <\/strong><\/h2>\n<p>L-Glutamine acide\/glutaminezuur\u00a0: 16039,89 mg<br \/>\nL-Aspartic acide \/asparaginezuur\u00a0: 7831,65 mg<br \/>\nL-Leucin\u00b0(Bcaa)\u00a0: 7517,70 mg<br \/>\nL-Arginine\u00a0: 7376,50 mg<br \/>\nL-Valine\u00b0(Bcaa)\u00a0: 6024,08 mg<br \/>\nL-Glutamine\u00a0: 5000,00 mg<br \/>\nL-Alanine\u00a0: 4920,46 mg<br \/>\nL-Ph\u00e9nylalanine\u00b0\u00a0: 4741,00 mg<br \/>\nL-Cystein\u00a0: 4083,32 mg<br \/>\nL-Glycine\u00a0: 4054,03 mg<br \/>\nL-Lysine\u00b0\u00a0: 3601,62 mg<br \/>\nL-Isoleucine\u00b0(Bcaa)\u00a0: 3569,35 mg<br \/>\nL -Proline\u00a0: 3466,28 mg<br \/>\nL-Serine\u00a0: 3272,13 mg<br \/>\nL-Tyrosine\u00a0: 2797,14 mg<br \/>\nL-Methionine\u00b0\u00a0: 2778,24 mg<br \/>\nL-Threonine\u00b0\u00a0: 2256,51 mg<br \/>\nL-Histidine\u00a0: 1896,28 mg<br \/>\nL-Tryptophan\u00b0\u00a0: 1649,64 mg<\/p>\n<p>(Bcaa\u2019s) = verzweigtkettige Aminos\u00e4uren \/ \u00b0\u00a0essentielle Aminos\u00e4uren <\/p>\n<p>Vitamine E\u00a0: 0,31 mg \/ 3,12\u00a0 %<br \/>\nCalcium\u00a0: 13,88 mg \/ 1,72\u00a0 %<br \/>\nIron\u00a0: 2,39 mg \/ 17,11\u00a0 %<br \/>\nZinc\u00a0: 0,74 mg \/ 4,95\u00a0 %<\/p>\n<p>% RDA<\/p>\n<h2>Zutaten auf 100\u00a0g\u00a0:<\/h2>\n<p>Reisproteinisolat 80&nbsp;%, Erbsenproteinisolat 10,76&nbsp;%, L-Glutamine 5&nbsp;%, Aroma (french-vanille) 3,1&nbsp;%, Cellulose-thickener 1&nbsp;%, Sucralose-Sweetener (E955) 0,16&nbsp;%.<\/p>\n<p>&nbsp;<\/p>\n<p><strong>Ohne Aspartam, ohne Zucker, ohne Laktose, ohne Soja, ohne Farbstoffe, ohne Gluten, Vegan.<\/strong><\/p>\n","protected":false},"excerpt":{"rendered":"<p>Power Vegan-Pro&nbsp;90 von Power-Food\u2019s J-M.B\u00ae ist unsere neue Formel und besteht jetzt aus 80&nbsp;% Reisproteinisolat, 10,76&nbsp;% Erbsenproteinisolat und 5&nbsp;% L-Glutamine! Power Vergan-Pro&nbsp;90 ist ein rein pflanzliches Zweikomponentenprotein mit einem sehr hohem Eiwei\u00dfanteil bis zu 90&nbsp;%, und durch die Zugabe von L-Glutamine auch jetzt einem h\u00f6herem Aminos\u00e4urengehalt. Im Gegensatz zu den meisten anderen Reis und Erbsenproteinpulvern kommt es jetzt auch ohne [&hellip;]<\/p>\n","protected":false},"featured_media":21900,"comment_status":"closed","ping_status":"closed","template":"","meta":[],"product_brand":[],"product_cat":[514,1145],"product_tag":[698,723,722,717,725,762,763,759,768,772,752,1143,774,758,756],"class_list":{"0":"post-20948","1":"product","2":"type-product","3":"status-publish","4":"has-post-thumbnail","6":"product_cat-proteine-nahrungsergaenzungen","7":"product_cat-vegan-de","8":"product_tag-allergiker","9":"product_tag-diaet","10":"product_tag-erholung","11":"product_tag-fitness-de","12":"product_tag-immunsystem","13":"product_tag-kohlenhydrate","14":"product_tag-laktoseintoleranz","15":"product_tag-muskelaufbau","16":"product_tag-power-foods-j-m-b-de","17":"product_tag-regeneration-de","18":"product_tag-sportler","19":"product_tag-vegan-de","20":"product_tag-vegetarier","21":"product_tag-wettkampf","22":"product_tag-zwischenmahlzeit","24":"first","25":"instock","26":"taxable","27":"shipping-taxable","28":"purchasable","29":"product-type-variable"},"bundle_layout":"","bundled_by":[],"bundled_items":[],"_links":{"self":[{"href":"https:\/\/www.powerfoodsjmb.com\/de\/wp-json\/wp\/v2\/product\/20948","targetHints":{"allow":["GET"]}}],"collection":[{"href":"https:\/\/www.powerfoodsjmb.com\/de\/wp-json\/wp\/v2\/product"}],"about":[{"href":"https:\/\/www.powerfoodsjmb.com\/de\/wp-json\/wp\/v2\/types\/product"}],"replies":[{"embeddable":true,"href":"https:\/\/www.powerfoodsjmb.com\/de\/wp-json\/wp\/v2\/comments?post=20948"}],"wp:featuredmedia":[{"embeddable":true,"href":"https:\/\/www.powerfoodsjmb.com\/de\/wp-json\/wp\/v2\/media\/21900"}],"wp:attachment":[{"href":"https:\/\/www.powerfoodsjmb.com\/de\/wp-json\/wp\/v2\/media?parent=20948"}],"wp:term":[{"taxonomy":"product_brand","embeddable":true,"href":"https:\/\/www.powerfoodsjmb.com\/de\/wp-json\/wp\/v2\/product_brand?post=20948"},{"taxonomy":"product_cat","embeddable":true,"href":"https:\/\/www.powerfoodsjmb.com\/de\/wp-json\/wp\/v2\/product_cat?post=20948"},{"taxonomy":"product_tag","embeddable":true,"href":"https:\/\/www.powerfoodsjmb.com\/de\/wp-json\/wp\/v2\/product_tag?post=20948"}],"curies":[{"name":"wp","href":"https:\/\/api.w.org\/{rel}","templated":true}]}}