{"id":20861,"date":"2024-02-16T01:19:56","date_gmt":"2024-02-16T00:19:56","guid":{"rendered":"https:\/\/www.powerfoodsjmb.com\/?post_type=product&#038;p=20861"},"modified":"2024-05-16T01:24:44","modified_gmt":"2024-05-15T23:24:44","slug":"pro-tan-one-coat-instant-competition-color","status":"publish","type":"product","link":"https:\/\/www.powerfoodsjmb.com\/de\/product\/pro-tan-one-coat-instant-competition-color\/","title":{"rendered":"Pro Tan One Coat Instant Competition Color"},"content":{"rendered":"<p>ProTan \u2013 Einschichtige Instant-Wettkampffarbe Ultradunkle, walnussfarbene Br\u00e4unungsformel Anwendung: F\u00fcr die ultimative, tiefe, dunkle Br\u00e4une im Handumdrehen &#8230; Die streifenfreie, ultra-br\u00e4unende Einschichtl\u00f6sung sorgt sofort f\u00fcr die perfekte Wettkampffarbe. One Coat verleiht Ihnen in Sekundenschnelle eine nat\u00fcrlich aussehende schwarze Walnussfarbe, die sich sofort nach der Anwendung mit Wasser und Seife abwaschen l\u00e4sst.<\/p>\n<p>DIE PERFEKTE FARBE: One Coat garantiert Ihnen die ultimative Wettbewerbsfarbe und kann auch zum Modellieren, Fotografieren, Filmen und f\u00fcr den t\u00e4glichen Gebrauch verwendet werden. Anwendung: Vor Gebrauch gut sch\u00fctteln. Vor Gebrauch gut sch\u00fctteln. Verwenden Sie den beigef\u00fcgten Applikatorschwamm, den Handschuh oder ein HVLP-Spr\u00fchger\u00e4t. Tragen Sie eine kleine Menge entweder auf die saubere, trockene Haut auf, b\u00fcrsten, reiben oder spr\u00fchen Sie sie jeweils einzeln auf die Haut auf. Lassen Sie die Farbe trocknen, bevor Sie sie direkt mit Kleidung oder Wasser in Ber\u00fchrung bringen. F\u00fcr eine tiefere Farbe erneut auftragen und ca. 1\u20132 Stunden warten, bevor erneut aufgetragen wird. Zum Airbrushen: 3\u20134 Unzen Farbe in den Airbrush-Becher gie\u00dfen. Von der Oberseite des K\u00f6rpers nach unten in horizontaler Richtung spr\u00fchen. Achten Sie darauf, alle Bereiche abzudecken. Trocknen Sie den K\u00f6rper mit Luft aus der HLVP-Airbrush-Pistole, um den Vorgang zu beschleunigen. F\u00fcr tiefste Ergebnisse direkt \u00fcber Protan\u00ae Instant Competition Color auftragen.<\/p>\n<p>WETTBEWERBSTIPP: Tragen Sie MUSCLE JUICE oder MUSCLE SHEEN auf, um die Farbe zu fixieren und Ihren K\u00f6rper hervorzuheben, bevor Sie die B\u00fchne betreten. Nach dem Wettkampf mit Wasser und Seife abwaschen.<\/p>\n<p>Enth\u00e4lt: DI-Wasser, Propylen. Glykol, FD&amp;C Gelb Nr. 5 (CI 19140), FD&amp;C Rot Nr. 4 (CI 4700), D&amp;C Rot Nr. 33 (CI 17200), FD&amp;C Blau Nr. 1 (CI 42090), Dihydroxyaceton, Diazolidinylharnstoff (und) Lodoprophyl Butylcaramat.<\/p>\n<p>NETTOINHALT: 250 ml<\/p>\n","protected":false},"excerpt":{"rendered":"<p>ProTan \u2013 Einschichtige Instant-Wettkampffarbe Ultradunkle, walnussfarbene Br\u00e4unungsformel Anwendung: F\u00fcr die ultimative, tiefe, dunkle Br\u00e4une im Handumdrehen &#8230; Die streifenfreie, ultra-br\u00e4unende Einschichtl\u00f6sung sorgt sofort f\u00fcr die perfekte Wettkampffarbe. One Coat verleiht Ihnen in Sekundenschnelle eine nat\u00fcrlich aussehende schwarze Walnussfarbe, die sich sofort nach der Anwendung mit Wasser und Seife abwaschen l\u00e4sst. DIE PERFEKTE FARBE: One Coat garantiert Ihnen die ultimative Wettbewerbsfarbe [&hellip;]<\/p>\n","protected":false},"featured_media":20863,"comment_status":"closed","ping_status":"closed","template":"","meta":[],"product_brand":[],"product_cat":[1037],"product_tag":[981,758],"class_list":{"0":"post-20861","1":"product","2":"type-product","3":"status-publish","4":"has-post-thumbnail","6":"product_cat-wettkampfartikel","7":"product_tag-pro-tan-de","8":"product_tag-wettkampf","10":"first","11":"instock","12":"taxable","13":"shipping-taxable","14":"purchasable","15":"product-type-simple"},"bundle_layout":"","bundled_by":[],"bundled_items":[],"_links":{"self":[{"href":"https:\/\/www.powerfoodsjmb.com\/de\/wp-json\/wp\/v2\/product\/20861","targetHints":{"allow":["GET"]}}],"collection":[{"href":"https:\/\/www.powerfoodsjmb.com\/de\/wp-json\/wp\/v2\/product"}],"about":[{"href":"https:\/\/www.powerfoodsjmb.com\/de\/wp-json\/wp\/v2\/types\/product"}],"replies":[{"embeddable":true,"href":"https:\/\/www.powerfoodsjmb.com\/de\/wp-json\/wp\/v2\/comments?post=20861"}],"wp:featuredmedia":[{"embeddable":true,"href":"https:\/\/www.powerfoodsjmb.com\/de\/wp-json\/wp\/v2\/media\/20863"}],"wp:attachment":[{"href":"https:\/\/www.powerfoodsjmb.com\/de\/wp-json\/wp\/v2\/media?parent=20861"}],"wp:term":[{"taxonomy":"product_brand","embeddable":true,"href":"https:\/\/www.powerfoodsjmb.com\/de\/wp-json\/wp\/v2\/product_brand?post=20861"},{"taxonomy":"product_cat","embeddable":true,"href":"https:\/\/www.powerfoodsjmb.com\/de\/wp-json\/wp\/v2\/product_cat?post=20861"},{"taxonomy":"product_tag","embeddable":true,"href":"https:\/\/www.powerfoodsjmb.com\/de\/wp-json\/wp\/v2\/product_tag?post=20861"}],"curies":[{"name":"wp","href":"https:\/\/api.w.org\/{rel}","templated":true}]}}