{"id":20524,"date":"2024-03-22T08:22:40","date_gmt":"2024-03-22T07:22:40","guid":{"rendered":"https:\/\/www.powerfoodsjmb.com\/?post_type=product&#038;p=20524"},"modified":"2024-03-22T08:26:29","modified_gmt":"2024-03-22T07:26:29","slug":"vita-d3k2-force","status":"publish","type":"product","link":"https:\/\/www.powerfoodsjmb.com\/de\/product\/vita-d3k2-force\/","title":{"rendered":"Vita D3+K2-Force"},"content":{"rendered":"<p><strong>Vita D3+K2-Force<\/strong> ist unsere neue Formel aus einer Zusammenstellung von <strong>Vitamine D3 und K2<\/strong> im optimalen Verh\u00e4ltnis und damit eine hervorragendere Erg\u00e4nzung von <strong>Power-Food\u2019s J-M.B<sup>\u00ae<\/sup><\/strong> die der K\u00f6rper f\u00fcr beste Gesundheit braucht. <strong>Vitamin D3 und K2<\/strong> sind <strong>fettl\u00f6sliche Vitamine<\/strong>, welche f\u00fcr den Menschen lebensnotwendig sind und den K\u00f6rper dabei unterst\u00fctzen gesund zu bleiben. Eine kombinierte Einnahme der beiden Vitamine wird empfohlen, da sich diese gegenseitig erg\u00e4nzen und regulieren.<\/p>\n<p>Um seinen K\u00f6rper \u00fcber das ganze Jahr hindurch mit ausreichend <strong>Vitamin D3 und K2<\/strong> zu versorgen, reicht eine gesunde und ausgewogene Ern\u00e4hrung oftmals nicht aus, da vor allem <strong>Vitamin D3<\/strong> nur in geringen Mengen in Lebensmitteln enthalten ist und au\u00dferdem in erster Linie \u00fcber direktes Sonnenlicht aufgenommen werden kann. Die Einnahme von unserem <strong>Vitamin D3+K2-Force<\/strong> Pr\u00e4parat ist somit besonders sinnvoll.<\/p>\n<p><strong>Unser Vitamin D3+K2-Force<\/strong> bildet zusammen ein unschlagbares Duo, das sich gegenseitig unterst\u00fctzt und zusammen an einer Vielzahl von K\u00f6rperprozessen beteiligt ist. Diese beiden Vitamine sind einzeln bereits \u00e4u\u00dferst wertvoll f\u00fcr unseren K\u00f6rper, doch in Kombination umso mehr. Ob zur St\u00e4rkung der Knochen und Z\u00e4hne, Unterst\u00fctzung des Immunsystems oder zur F\u00f6rderung normaler Herz-Kreislauf-Funktionen, <strong>Vitamin D3+K2-Force<\/strong> zeigt sich als ein starkes Team mit einer Vielzahl beeindruckender Vorteile.<\/p>\n<p>Symptome eines <strong>Vitamin D3 + K2<\/strong> Mangels sind beispielsweise:<\/p>\n<ul>\n<li><strong>Allgemeine M\u00fcdigkeit und Schw\u00e4che<\/strong>:<br \/>\nEin Mangel an Vitamin D kann zu einer verminderten Energie f\u00fchren, die als anhaltende M\u00fcdigkeit oder Schw\u00e4che wahrgenommen wird.<\/li>\n<li><strong>Schmerzende Knochen und Gelenke<\/strong>:<br \/>\nDies kann aufgrund der Rolle von Vitamin D bei der Erhaltung normaler Knochen auftreten.<\/li>\n<li><strong>Muskelschmerzen und -schw\u00e4che<\/strong>:<br \/>\nVitamin D tr\u00e4gt zur normalen Muskelfunktion bei und ein Mangel kann zu Unbehagen oder Schw\u00e4che f\u00fchren.<\/li>\n<li><strong>Anf\u00e4lligkeit f\u00fcr Infektionen<\/strong>:<br \/>\nVitamin D tr\u00e4gt zu einem normalen Immunsystem bei. Bei einem Mangel kann die Anf\u00e4lligkeit f\u00fcr Infektionen erh\u00f6ht sein.<\/li>\n<li><strong>Stimmungsschwankungen<br \/>\n<\/strong>Ein unzureichender Vitamin-D-Spiegel kann den Hormonhaushalt beeinflussen und zu Stimmungsschwankungen f\u00fchren.<\/li>\n<li><strong>Gelenkentz\u00fcndungen<br \/>\n<\/strong>Vitamin D ist an der Regulierung entz\u00fcndlicher Prozesse beteiligt und sein Mangel kann zu Gelenkentz\u00fcndungen f\u00fchren.<\/li>\n<li><strong>Immunschw\u00e4che<br \/>\n<\/strong>Ein Vitamin-D-Mangel kann die normale Immunfunktion beeintr\u00e4chtigen und das Risiko verschiedener Infektionen erh\u00f6hen.<\/li>\n<li><strong>Schlafprobleme<br \/>\n<\/strong>Ein ausreichender Vitamin-D-Spiegel ist mit einem gesunden Hormonhaushalt verbunden, der sich positiv auf die Schlafqualit\u00e4t auswirken kann.<\/li>\n<li><strong>Konzentrationsschw\u00e4che<br \/>\n<\/strong>Ein Vitamin-D-Mangel kann die kognitive Funktion beeintr\u00e4chtigen und zu Konzentrationsproblemen f\u00fchren.<\/li>\n<li><strong>Kopfschmerzen<br \/>\n<\/strong>Ein unzureichender Vitamin-D-Spiegel kann mit Kopfschmerzen verbunden sein, was die Bedeutung der Aufrechterhaltung eines ausreichenden Vitaminstatus f\u00fcr das allgemeine Wohlbefinden unterstreicht.<\/li>\n<\/ul>\n<p>Um Ihre Vitalit\u00e4t und Gesundheit aufrecht zu halten sollten Sie diese regelm\u00e4ssig mit unserem\u00a0\u00a0\u00a0 <strong>Vita D3+K2-Force<\/strong> erg\u00e4nzen.<\/p>\n<p><strong>Gebrauch<\/strong><\/p>\n<p>Nehmen Sie t\u00e4glich 1 Kapsel pro Tag zu einer Mahlzeit.<\/p>\n<p><strong>Verf\u00fcgbarkeit<\/strong><\/p>\n<p>Dose mit 60 Softgel Kapseln \u00a0Gewicht Net(to) 60,00g<\/p>\n<p><strong>Zutaten pro 1 Tablette:<\/strong><\/p>\n<p>Vitamin D3 2000IU, Vitamin K2 120mcg, huile d\u2019olive 188mg, Gelatine (Softgel),<\/p>\n<p>*AJR%\/ ETD%\/ RDA%\/ ADH%<\/p>\n<p>&nbsp;<\/p>\n<p><strong>Vegetarisch<\/strong><\/p>\n","protected":false},"excerpt":{"rendered":"<p>Vita D3+K2-Force ist unsere neue Formel aus einer Zusammenstellung von Vitamine D3 und K2 im optimalen Verh\u00e4ltnis und damit eine hervorragendere Erg\u00e4nzung von Power-Food\u2019s J-M.B\u00ae die der K\u00f6rper f\u00fcr beste Gesundheit braucht. Vitamin D3 und K2 sind fettl\u00f6sliche Vitamine, welche f\u00fcr den Menschen lebensnotwendig sind und den K\u00f6rper dabei unterst\u00fctzen gesund zu bleiben. Eine kombinierte Einnahme der beiden Vitamine wird [&hellip;]<\/p>\n","protected":false},"featured_media":20565,"comment_status":"closed","ping_status":"closed","template":"","meta":[],"product_brand":[],"product_cat":[531],"product_tag":[],"class_list":{"0":"post-20524","1":"product","2":"type-product","3":"status-publish","4":"has-post-thumbnail","6":"product_cat-wohlbefinden-gesundheit","8":"first","9":"instock","10":"taxable","11":"shipping-taxable","12":"purchasable","13":"product-type-simple"},"bundle_layout":"","bundled_by":[],"bundled_items":[],"_links":{"self":[{"href":"https:\/\/www.powerfoodsjmb.com\/de\/wp-json\/wp\/v2\/product\/20524","targetHints":{"allow":["GET"]}}],"collection":[{"href":"https:\/\/www.powerfoodsjmb.com\/de\/wp-json\/wp\/v2\/product"}],"about":[{"href":"https:\/\/www.powerfoodsjmb.com\/de\/wp-json\/wp\/v2\/types\/product"}],"replies":[{"embeddable":true,"href":"https:\/\/www.powerfoodsjmb.com\/de\/wp-json\/wp\/v2\/comments?post=20524"}],"wp:featuredmedia":[{"embeddable":true,"href":"https:\/\/www.powerfoodsjmb.com\/de\/wp-json\/wp\/v2\/media\/20565"}],"wp:attachment":[{"href":"https:\/\/www.powerfoodsjmb.com\/de\/wp-json\/wp\/v2\/media?parent=20524"}],"wp:term":[{"taxonomy":"product_brand","embeddable":true,"href":"https:\/\/www.powerfoodsjmb.com\/de\/wp-json\/wp\/v2\/product_brand?post=20524"},{"taxonomy":"product_cat","embeddable":true,"href":"https:\/\/www.powerfoodsjmb.com\/de\/wp-json\/wp\/v2\/product_cat?post=20524"},{"taxonomy":"product_tag","embeddable":true,"href":"https:\/\/www.powerfoodsjmb.com\/de\/wp-json\/wp\/v2\/product_tag?post=20524"}],"curies":[{"name":"wp","href":"https:\/\/api.w.org\/{rel}","templated":true}]}}