{"id":20520,"date":"2024-03-22T08:12:36","date_gmt":"2024-03-22T07:12:36","guid":{"rendered":"https:\/\/www.powerfoodsjmb.com\/?post_type=product&#038;p=20520"},"modified":"2024-03-22T08:21:59","modified_gmt":"2024-03-22T07:21:59","slug":"magnesium-citrat-force","status":"publish","type":"product","link":"https:\/\/www.powerfoodsjmb.com\/de\/product\/magnesium-citrat-force\/","title":{"rendered":"Magnesium-Citrat Force"},"content":{"rendered":"<p><strong>Magnesium-Citrat Force<\/strong> von <strong>Power-Food\u2019s J-M.B<sup>\u00ae<\/sup><\/strong> ist ein Magnesium in Citratform mit 403,2mg pro Kapsel. Magnesium ist ein lebenswichtiger <strong>Mineralstoff<\/strong> und <strong>Elektrolyt<\/strong>, das zu 60\u00a0% in den <strong>Knochen<\/strong> und 30\u00a0% in den <strong>Muskeln<\/strong> gespeichert wird. <strong>Magnesium<\/strong> ist vor allem f\u00fcr eine ausgeglichene Funktion des Nervensystems und der Muskulatur zust\u00e4ndig. Einen <strong>Mangel an Magnesium<\/strong> merkt man meistens erst dann, wenn nachts oder nach dem Sport bzw. k\u00f6rperlichen Aktivit\u00e4ten ein\u00a0 <strong>Wadenkrampf<\/strong> auftritt. Bei den heutigen <strong>Lebens- und Essgewohnheiten<\/strong> kann es vorkommen, dass der Bedarf dieses wichtigen <strong>Mineralstoffs<\/strong> nicht immer gedeckt ist und unsere Muskeln dies auf verschiedene Art und Weise signalisieren. Ohne <strong>Magnesium<\/strong> k\u00f6nnte beispielsweise unser K\u00f6rper die Kohlenhydrate und Fette nicht zur Energiegewinnung nutzen. Da <strong>Magnesium<\/strong> vom K\u00f6rper nicht selbst gebildet werden kann, muss es st\u00e4ndig \u00fcber die Nahrung aufgenommen werden. Dies ist bei vielen Menschen \u2013 trotz guter Ern\u00e4hrung \u2013 kaum zu erreichen. Deshalb empfehlen wir die erg\u00e4nzende t\u00e4gliche Einnahme. Unser <strong>Magnesium-Citrat Force<\/strong> ist ein organisches Magnesium von h\u00f6chster Qualit\u00e4t und ist besonders als Ausgleich eines Verlustes von Magnesium durch z.\u00a0B. einseitige Di\u00e4ten, die Zubereitung von Speisen (beim Kochen von Kartoffeln gehen ca. 50\u00a0% des Magnesiums verloren), Stress, Alkohol, entw\u00e4ssernde Medikamente, etc. empfehlenswert.<\/p>\n<p>Unser <strong>Magnesium-Citrat Force<\/strong> von <strong>Power-Food\u2019s J-M.B<sup>\u00ae<\/sup><\/strong> ist optimal f\u00fcr alle, ob <strong>Sportler<\/strong> oder <strong>Nichtsportler<\/strong>, bei intensiven Trainingseinheiten oder k\u00f6rperlichen Aktivit\u00e4ten, zur Vorbeugung bei k\u00f6rperlichen und muskul\u00e4ren Anstrengungen sowie zur Unterst\u00fctzung bei Di\u00e4ten. In vielen Bereichen kann die Deckung des Magnesium-Mehrbedarfs eine wichtige Voraussetzung f\u00fcr ein aktives Leben sein.<\/p>\n<p><strong>Gebrauch<\/strong><\/p>\n<p>Nehmen Sie 1-2x pro Tag 2Kapseln, an Trainingstagen vor oder nach dem Sport, an Ruhetagen morgens zum Fr\u00fchst\u00fcck oder abends vor dem Schlafengehen.<\/p>\n<p><strong>Verf\u00fcgbarkeit<\/strong><\/p>\n<p>1 Dose mit 200Kapseln Net(to) 126,00g<\/p>\n<p><strong>Zutaten pro Kapsel:<\/strong><\/p>\n<p>Magnesium-Citrat Andrydrous 403,2mg, \u00a0Gelatine (Kapsel)<\/p>\n<p>RDA% 134,3916%<\/p>\n<p>&nbsp;<\/p>\n<p><strong>Ohne Zucker, ohne Gluten, ohne Laktose, Vegetarisch, Doping-frei<\/strong><\/p>\n","protected":false},"excerpt":{"rendered":"<p>Magnesium-Citrat Force von Power-Food\u2019s J-M.B\u00ae ist ein Magnesium in Citratform mit 403,2mg pro Kapsel. Magnesium ist ein lebenswichtiger Mineralstoff und Elektrolyt, das zu 60\u00a0% in den Knochen und 30\u00a0% in den Muskeln gespeichert wird. Magnesium ist vor allem f\u00fcr eine ausgeglichene Funktion des Nervensystems und der Muskulatur zust\u00e4ndig. Einen Mangel an Magnesium merkt man meistens erst dann, wenn nachts oder [&hellip;]<\/p>\n","protected":false},"featured_media":20561,"comment_status":"closed","ping_status":"closed","template":"","meta":[],"product_brand":[],"product_cat":[531],"product_tag":[],"class_list":{"0":"post-20520","1":"product","2":"type-product","3":"status-publish","4":"has-post-thumbnail","6":"product_cat-wohlbefinden-gesundheit","8":"first","9":"instock","10":"taxable","11":"shipping-taxable","12":"purchasable","13":"product-type-simple"},"bundle_layout":"","bundled_by":[],"bundled_items":[],"_links":{"self":[{"href":"https:\/\/www.powerfoodsjmb.com\/de\/wp-json\/wp\/v2\/product\/20520","targetHints":{"allow":["GET"]}}],"collection":[{"href":"https:\/\/www.powerfoodsjmb.com\/de\/wp-json\/wp\/v2\/product"}],"about":[{"href":"https:\/\/www.powerfoodsjmb.com\/de\/wp-json\/wp\/v2\/types\/product"}],"replies":[{"embeddable":true,"href":"https:\/\/www.powerfoodsjmb.com\/de\/wp-json\/wp\/v2\/comments?post=20520"}],"wp:featuredmedia":[{"embeddable":true,"href":"https:\/\/www.powerfoodsjmb.com\/de\/wp-json\/wp\/v2\/media\/20561"}],"wp:attachment":[{"href":"https:\/\/www.powerfoodsjmb.com\/de\/wp-json\/wp\/v2\/media?parent=20520"}],"wp:term":[{"taxonomy":"product_brand","embeddable":true,"href":"https:\/\/www.powerfoodsjmb.com\/de\/wp-json\/wp\/v2\/product_brand?post=20520"},{"taxonomy":"product_cat","embeddable":true,"href":"https:\/\/www.powerfoodsjmb.com\/de\/wp-json\/wp\/v2\/product_cat?post=20520"},{"taxonomy":"product_tag","embeddable":true,"href":"https:\/\/www.powerfoodsjmb.com\/de\/wp-json\/wp\/v2\/product_tag?post=20520"}],"curies":[{"name":"wp","href":"https:\/\/api.w.org\/{rel}","templated":true}]}}