{"id":19930,"date":"2023-05-22T21:32:16","date_gmt":"2023-05-22T19:32:16","guid":{"rendered":"https:\/\/www.powerfoodsjmb.com\/product\/hd-air-bike-hammer-strenght\/"},"modified":"2023-05-22T21:35:51","modified_gmt":"2023-05-22T19:35:51","slug":"hd-air-bike-hammer-strenght","status":"publish","type":"product","link":"https:\/\/www.powerfoodsjmb.com\/de\/product\/hd-air-bike-hammer-strenght\/","title":{"rendered":"HD AIR-BIKE HAMMER STRENGHT"},"content":{"rendered":"","protected":false},"excerpt":{"rendered":"<p><strong>(F\u00fcr weitere Informationen oder zum Kauf des Ger\u00e4tes, rufen Sie uns einfach an oder schicken Sie uns eine E-Mail)<\/strong><\/p>\n<p><strong>(Sie k\u00f6nnen auch sehr gerne in unseren Showroom kommen und die Ger\u00e4te vor Ort mit professioneller Beratung testen.)<\/strong><\/p>\n<p>&nbsp;<\/p>\n<p>Das HD Air Bike Hammer Strength ist das erste professionelle Airbike. Mit einem Gewicht von knapp 80 kg ist es perfekt f\u00fcr den sehr intensiven Dauereinsatz in Ihrem Cross-Trainingsbereich geeignet. Au\u00dferdem ist er mit einem intuitiven Sitzverstellsystem und Transportr\u00e4dern ausgestattet, die den Transport erleichtern. <\/p>\n<p>&nbsp;<\/p>\n<ul>\n<li>Abmessungen (L x B x H): 105 cm x 62 cm x 138 cm<\/li>\n<li>Gewicht: 77kg<\/li>\n<\/ul>\n","protected":false},"featured_media":19929,"comment_status":"closed","ping_status":"closed","template":"","meta":[],"product_brand":[],"product_cat":[1188],"product_tag":[],"class_list":{"0":"post-19930","1":"product","2":"type-product","3":"status-publish","4":"has-post-thumbnail","6":"product_cat-fitnessgeraete","8":"first","9":"outofstock","10":"sold-individually","11":"taxable","12":"shipping-taxable","13":"purchasable","14":"product-type-simple"},"bundle_layout":"","bundled_by":[],"bundled_items":[],"_links":{"self":[{"href":"https:\/\/www.powerfoodsjmb.com\/de\/wp-json\/wp\/v2\/product\/19930","targetHints":{"allow":["GET"]}}],"collection":[{"href":"https:\/\/www.powerfoodsjmb.com\/de\/wp-json\/wp\/v2\/product"}],"about":[{"href":"https:\/\/www.powerfoodsjmb.com\/de\/wp-json\/wp\/v2\/types\/product"}],"replies":[{"embeddable":true,"href":"https:\/\/www.powerfoodsjmb.com\/de\/wp-json\/wp\/v2\/comments?post=19930"}],"wp:featuredmedia":[{"embeddable":true,"href":"https:\/\/www.powerfoodsjmb.com\/de\/wp-json\/wp\/v2\/media\/19929"}],"wp:attachment":[{"href":"https:\/\/www.powerfoodsjmb.com\/de\/wp-json\/wp\/v2\/media?parent=19930"}],"wp:term":[{"taxonomy":"product_brand","embeddable":true,"href":"https:\/\/www.powerfoodsjmb.com\/de\/wp-json\/wp\/v2\/product_brand?post=19930"},{"taxonomy":"product_cat","embeddable":true,"href":"https:\/\/www.powerfoodsjmb.com\/de\/wp-json\/wp\/v2\/product_cat?post=19930"},{"taxonomy":"product_tag","embeddable":true,"href":"https:\/\/www.powerfoodsjmb.com\/de\/wp-json\/wp\/v2\/product_tag?post=19930"}],"curies":[{"name":"wp","href":"https:\/\/api.w.org\/{rel}","templated":true}]}}