{"id":19856,"date":"2023-05-14T23:14:43","date_gmt":"2023-05-14T21:14:43","guid":{"rendered":"https:\/\/www.powerfoodsjmb.com\/product\/strongbox-escape-fitness\/"},"modified":"2023-05-15T21:36:22","modified_gmt":"2023-05-15T19:36:22","slug":"strongbox-escape-fitness","status":"publish","type":"product","link":"https:\/\/www.powerfoodsjmb.com\/de\/product\/strongbox-escape-fitness\/","title":{"rendered":"Strongbox Escape Fitness"},"content":{"rendered":"","protected":false},"excerpt":{"rendered":"<p><strong>(F\u00fcr weitere Informationen oder zum Kauf des Ger\u00e4tes, rufen Sie uns einfach an oder schicken Sie uns eine E-Mail)<\/strong><\/p>\n<p><strong>(Sie k\u00f6nnen auch sehr gerne in unseren Showroom kommen und die Ger\u00e4te vor Ort mit professioneller Beratung testen.)<\/strong><\/p>\n<p>&nbsp;<\/p>\n<p>Diese formsch\u00f6ne Multifunktionsbank wird Ihr Training revolutionieren. Seine R\u00fcckenlehne verf\u00fcgt \u00fcber 6 verschiedene Neigungen. Sie k\u00f6nnen es auch als Box f\u00fcr Ihre plyometrischen \u00dcbungen verwenden. Dank der verschiedenen Staur\u00e4ume k\u00f6nnen Sie Ihr gesamtes Zubeh\u00f6r an einem Ort aufbewahren. <\/p>\n<p>&nbsp;<\/p>\n<p>Technische Eigenschaften:<\/p>\n<ul>\n<li>Abmessungen (LxBxH) 130 x 51 x 52 cm<\/li>\n<li>Gewicht 90kg (leer)<\/li>\n<li>Sitzpositionen 6 Stufen von 0\u00b0, 15\u00b0, 30\u00b0, 45\u00b0, 60\u00b0 und 80\u00b0<\/li>\n<\/ul>\n<p>&nbsp;<\/p>\n<p>Preis: 3664,00\u20ac (einschliesslich das Kurzhantel Set, aber ohne Kettlebells)<\/p>\n","protected":false},"featured_media":19864,"comment_status":"closed","ping_status":"closed","template":"","meta":[],"product_brand":[],"product_cat":[1188],"product_tag":[],"class_list":{"0":"post-19856","1":"product","2":"type-product","3":"status-publish","4":"has-post-thumbnail","6":"product_cat-fitnessgeraete","7":"product_shipping_class-abholung","9":"first","10":"outofstock","11":"sold-individually","12":"taxable","13":"shipping-taxable","14":"purchasable","15":"product-type-simple"},"bundle_layout":"","bundled_by":[],"bundled_items":[],"_links":{"self":[{"href":"https:\/\/www.powerfoodsjmb.com\/de\/wp-json\/wp\/v2\/product\/19856","targetHints":{"allow":["GET"]}}],"collection":[{"href":"https:\/\/www.powerfoodsjmb.com\/de\/wp-json\/wp\/v2\/product"}],"about":[{"href":"https:\/\/www.powerfoodsjmb.com\/de\/wp-json\/wp\/v2\/types\/product"}],"replies":[{"embeddable":true,"href":"https:\/\/www.powerfoodsjmb.com\/de\/wp-json\/wp\/v2\/comments?post=19856"}],"wp:featuredmedia":[{"embeddable":true,"href":"https:\/\/www.powerfoodsjmb.com\/de\/wp-json\/wp\/v2\/media\/19864"}],"wp:attachment":[{"href":"https:\/\/www.powerfoodsjmb.com\/de\/wp-json\/wp\/v2\/media?parent=19856"}],"wp:term":[{"taxonomy":"product_brand","embeddable":true,"href":"https:\/\/www.powerfoodsjmb.com\/de\/wp-json\/wp\/v2\/product_brand?post=19856"},{"taxonomy":"product_cat","embeddable":true,"href":"https:\/\/www.powerfoodsjmb.com\/de\/wp-json\/wp\/v2\/product_cat?post=19856"},{"taxonomy":"product_tag","embeddable":true,"href":"https:\/\/www.powerfoodsjmb.com\/de\/wp-json\/wp\/v2\/product_tag?post=19856"}],"curies":[{"name":"wp","href":"https:\/\/api.w.org\/{rel}","templated":true}]}}