{"id":19845,"date":"2023-05-14T22:59:58","date_gmt":"2023-05-14T20:59:58","guid":{"rendered":"https:\/\/www.powerfoodsjmb.com\/product\/velo-ic6-life-fitness\/"},"modified":"2023-05-15T21:36:13","modified_gmt":"2023-05-15T19:36:13","slug":"velo-ic6-life-fitness","status":"publish","type":"product","link":"https:\/\/www.powerfoodsjmb.com\/de\/product\/velo-ic6-life-fitness\/","title":{"rendered":"V\u00e9lo IC6 Life-Fitness"},"content":{"rendered":"","protected":false},"excerpt":{"rendered":"<p><strong>(F\u00fcr weitere Informationen oder zum Kauf des Ger\u00e4tes, rufen Sie uns einfach an oder schicken Sie uns eine E-Mail)<\/strong><\/p>\n<p><strong>(Sie k\u00f6nnen auch sehr gerne in unseren Showroom kommen und die Ger\u00e4te vor Ort mit professioneller Beratung testen.)<\/strong><\/p>\n<p>&nbsp;<\/p>\n<p>Das IC6-Indoor-Cycling-Bike von Life-Fitness verwendet eine leistungsstarke WattRate\u00ae-Konsole mit einem Farb-TFT-Bildschirm, die \u00fcber den Generator des Fahrrads selbst mit Strom versorgt wird, um die notwendige Verbindung der Benutzer zu ihrem Training sicherzustellen. Zu dieser Interaktion geh\u00f6rt der Datenaustausch zwischen den Ger\u00e4ten und der Coach by Color.<\/p>\n<ul>\n<li>Technologie. V-Rahmen<\/li>\n<li>Q-Faktor (Fu\u00dfabstand) optimal: 155 mm<\/li>\n<li>Abmessungen (L x B x H): 132 cm x 52 cm x 120 cm<\/li>\n<li>Gewicht: 51 kg<\/li>\n<\/ul>\n","protected":false},"featured_media":19872,"comment_status":"closed","ping_status":"closed","template":"","meta":[],"product_brand":[],"product_cat":[1188],"product_tag":[],"class_list":{"0":"post-19845","1":"product","2":"type-product","3":"status-publish","4":"has-post-thumbnail","6":"product_cat-fitnessgeraete","7":"product_shipping_class-abholung","9":"first","10":"outofstock","11":"sold-individually","12":"taxable","13":"shipping-taxable","14":"purchasable","15":"product-type-simple"},"bundle_layout":"","bundled_by":[],"bundled_items":[],"_links":{"self":[{"href":"https:\/\/www.powerfoodsjmb.com\/de\/wp-json\/wp\/v2\/product\/19845","targetHints":{"allow":["GET"]}}],"collection":[{"href":"https:\/\/www.powerfoodsjmb.com\/de\/wp-json\/wp\/v2\/product"}],"about":[{"href":"https:\/\/www.powerfoodsjmb.com\/de\/wp-json\/wp\/v2\/types\/product"}],"replies":[{"embeddable":true,"href":"https:\/\/www.powerfoodsjmb.com\/de\/wp-json\/wp\/v2\/comments?post=19845"}],"wp:featuredmedia":[{"embeddable":true,"href":"https:\/\/www.powerfoodsjmb.com\/de\/wp-json\/wp\/v2\/media\/19872"}],"wp:attachment":[{"href":"https:\/\/www.powerfoodsjmb.com\/de\/wp-json\/wp\/v2\/media?parent=19845"}],"wp:term":[{"taxonomy":"product_brand","embeddable":true,"href":"https:\/\/www.powerfoodsjmb.com\/de\/wp-json\/wp\/v2\/product_brand?post=19845"},{"taxonomy":"product_cat","embeddable":true,"href":"https:\/\/www.powerfoodsjmb.com\/de\/wp-json\/wp\/v2\/product_cat?post=19845"},{"taxonomy":"product_tag","embeddable":true,"href":"https:\/\/www.powerfoodsjmb.com\/de\/wp-json\/wp\/v2\/product_tag?post=19845"}],"curies":[{"name":"wp","href":"https:\/\/api.w.org\/{rel}","templated":true}]}}