{"id":19837,"date":"2023-05-14T22:47:36","date_gmt":"2023-05-14T20:47:36","guid":{"rendered":"https:\/\/www.powerfoodsjmb.com\/product\/homegym-g4-life-fitness\/"},"modified":"2023-05-15T21:36:04","modified_gmt":"2023-05-15T19:36:04","slug":"homegym-g4-life-fitness","status":"publish","type":"product","link":"https:\/\/www.powerfoodsjmb.com\/de\/product\/homegym-g4-life-fitness\/","title":{"rendered":"HomeGym G4 Life-Fitness"},"content":{"rendered":"","protected":false},"excerpt":{"rendered":"<p><strong>(F\u00fcr weitere Informationen oder zum Kauf des Ger\u00e4tes, rufen Sie uns einfach an oder schicken Sie uns eine E-Mail)<\/strong><\/p>\n<p><strong>(Sie k\u00f6nnen auch sehr gerne in unseren Showroom kommen und die Ger\u00e4te vor Ort mit professioneller Beratung testen.)<\/strong><\/p>\n<p>&nbsp;<\/p>\n<p>Das G4 Home Gym bietet zahlreiche \u00dcbungsm\u00f6glichkeiten mit festen Bewegungen und einem kompakten Design.<br \/>\nDuale Brust-\/hintere Deltamuskelbewegungen, zentraler Kablezug, Latzug und Low-Row-Stangen bieten eine breite Palette an Oberk\u00f6rper\u00fcbungen, einschliesslich Bein\u00fcbungen. Die vielf\u00e4ltigen Ausf\u00fchrungen des G4 erm\u00f6glichen ein Komplett K\u00f6rpertraining, damit Sie Ihre Ziele erreichen.<\/p>\n<p>&nbsp;<\/p>\n<p>Haupteigenschaften:<\/p>\n<ul>\n<li>Erm\u00f6glicht die Durchf\u00fchrung verschiedener \u00dcbungen f\u00fcr Bauch, Arme, Schultern und Brust<\/li>\n<li>Ergonomisches Design, das nat\u00fcrliche K\u00f6rperbewegungen nachahmt<\/li>\n<li>Gew\u00e4hrleistet die richtige Positionierung f\u00fcr verschiedene \u00dcbungen<\/li>\n<li>Abmessungen\u00a0(L x B x H) : 204 cm x 135 cm x 214 cm)<\/li>\n<\/ul>\n","protected":false},"featured_media":19868,"comment_status":"closed","ping_status":"closed","template":"","meta":[],"product_brand":[],"product_cat":[1188],"product_tag":[],"class_list":{"0":"post-19837","1":"product","2":"type-product","3":"status-publish","4":"has-post-thumbnail","6":"product_cat-fitnessgeraete","7":"product_shipping_class-abholung","9":"first","10":"outofstock","11":"sold-individually","12":"taxable","13":"shipping-taxable","14":"purchasable","15":"product-type-simple"},"bundle_layout":"","bundled_by":[],"bundled_items":[],"_links":{"self":[{"href":"https:\/\/www.powerfoodsjmb.com\/de\/wp-json\/wp\/v2\/product\/19837","targetHints":{"allow":["GET"]}}],"collection":[{"href":"https:\/\/www.powerfoodsjmb.com\/de\/wp-json\/wp\/v2\/product"}],"about":[{"href":"https:\/\/www.powerfoodsjmb.com\/de\/wp-json\/wp\/v2\/types\/product"}],"replies":[{"embeddable":true,"href":"https:\/\/www.powerfoodsjmb.com\/de\/wp-json\/wp\/v2\/comments?post=19837"}],"wp:featuredmedia":[{"embeddable":true,"href":"https:\/\/www.powerfoodsjmb.com\/de\/wp-json\/wp\/v2\/media\/19868"}],"wp:attachment":[{"href":"https:\/\/www.powerfoodsjmb.com\/de\/wp-json\/wp\/v2\/media?parent=19837"}],"wp:term":[{"taxonomy":"product_brand","embeddable":true,"href":"https:\/\/www.powerfoodsjmb.com\/de\/wp-json\/wp\/v2\/product_brand?post=19837"},{"taxonomy":"product_cat","embeddable":true,"href":"https:\/\/www.powerfoodsjmb.com\/de\/wp-json\/wp\/v2\/product_cat?post=19837"},{"taxonomy":"product_tag","embeddable":true,"href":"https:\/\/www.powerfoodsjmb.com\/de\/wp-json\/wp\/v2\/product_tag?post=19837"}],"curies":[{"name":"wp","href":"https:\/\/api.w.org\/{rel}","templated":true}]}}