{"id":19830,"date":"2023-05-14T22:38:31","date_gmt":"2023-05-14T20:38:31","guid":{"rendered":"https:\/\/www.powerfoodsjmb.com\/product\/heat-row-life-fitness\/"},"modified":"2023-05-15T21:35:55","modified_gmt":"2023-05-15T19:35:55","slug":"heat-row-life-fitness","status":"publish","type":"product","link":"https:\/\/www.powerfoodsjmb.com\/de\/product\/heat-row-life-fitness\/","title":{"rendered":"Heat Row Life Fitness"},"content":{"rendered":"","protected":false},"excerpt":{"rendered":"<p><strong>(F\u00fcr weitere Informationen oder zum Kauf des Ger\u00e4tes, rufen Sie uns einfach an oder schicken Sie uns eine E-Mail)<\/strong><\/p>\n<p><strong>(Sie k\u00f6nnen auch sehr gerne in unseren Showroom kommen und die Ger\u00e4te vor Ort mit professioneller Beratung testen.)<\/strong><\/p>\n<p>&nbsp;<\/p>\n<p>Steigern Sie die Intensit\u00e4t Ihres Trainings mit dem Life-Fitness Heat Row. Sein modernes Design ist so konzipiert, dass es sich an alle Intensit\u00e4tsstufen anpasst. Wir haben die Grenzen \u00fcberschritten, um ein optimiertes Ruderger\u00e4t zu entwickeln, das Benutzern hilft, ihre Grenzen zu \u00fcberschreiten. Die intuitive LCD-Konsole bietet ein benutzerfreundliches digitales Erlebnis mit pr\u00e4zisem Feedback.<\/p>\n<ul>\n<li>Abmessungen (L x B x H): 216 cm x 71 cm x 120 cm<\/li>\n<li>Gewicht: 61 kg<\/li>\n<\/ul>\n","protected":false},"featured_media":19866,"comment_status":"closed","ping_status":"closed","template":"","meta":[],"product_brand":[],"product_cat":[1188],"product_tag":[],"class_list":{"0":"post-19830","1":"product","2":"type-product","3":"status-publish","4":"has-post-thumbnail","6":"product_cat-fitnessgeraete","7":"product_shipping_class-abholung","9":"first","10":"outofstock","11":"taxable","12":"shipping-taxable","13":"purchasable","14":"product-type-simple"},"bundle_layout":"","bundled_by":[],"bundled_items":[],"_links":{"self":[{"href":"https:\/\/www.powerfoodsjmb.com\/de\/wp-json\/wp\/v2\/product\/19830","targetHints":{"allow":["GET"]}}],"collection":[{"href":"https:\/\/www.powerfoodsjmb.com\/de\/wp-json\/wp\/v2\/product"}],"about":[{"href":"https:\/\/www.powerfoodsjmb.com\/de\/wp-json\/wp\/v2\/types\/product"}],"replies":[{"embeddable":true,"href":"https:\/\/www.powerfoodsjmb.com\/de\/wp-json\/wp\/v2\/comments?post=19830"}],"wp:featuredmedia":[{"embeddable":true,"href":"https:\/\/www.powerfoodsjmb.com\/de\/wp-json\/wp\/v2\/media\/19866"}],"wp:attachment":[{"href":"https:\/\/www.powerfoodsjmb.com\/de\/wp-json\/wp\/v2\/media?parent=19830"}],"wp:term":[{"taxonomy":"product_brand","embeddable":true,"href":"https:\/\/www.powerfoodsjmb.com\/de\/wp-json\/wp\/v2\/product_brand?post=19830"},{"taxonomy":"product_cat","embeddable":true,"href":"https:\/\/www.powerfoodsjmb.com\/de\/wp-json\/wp\/v2\/product_cat?post=19830"},{"taxonomy":"product_tag","embeddable":true,"href":"https:\/\/www.powerfoodsjmb.com\/de\/wp-json\/wp\/v2\/product_tag?post=19830"}],"curies":[{"name":"wp","href":"https:\/\/api.w.org\/{rel}","templated":true}]}}