{"id":19825,"date":"2023-05-14T22:19:16","date_gmt":"2023-05-14T20:19:16","guid":{"rendered":"https:\/\/www.powerfoodsjmb.com\/product\/cross-trainer-elliptique-e3-life-fitness\/"},"modified":"2023-05-15T21:35:35","modified_gmt":"2023-05-15T19:35:35","slug":"cross-trainer-elliptique-e3-life-fitness","status":"publish","type":"product","link":"https:\/\/www.powerfoodsjmb.com\/de\/product\/cross-trainer-elliptique-e3-life-fitness\/","title":{"rendered":"Cross Trainer Elliptique E3 Life-Fitness"},"content":{"rendered":"","protected":false},"excerpt":{"rendered":"<p><strong>(F\u00fcr weitere Informationen oder zum Kauf des Ger\u00e4tes, rufen Sie uns einfach an oder schicken Sie uns eine E-Mail)<\/strong><\/p>\n<p><strong>(Sie k\u00f6nnen auch sehr gerne in unseren Showroom kommen und die Ger\u00e4te vor Ort mit professioneller Beratung testen.)<\/strong><\/p>\n<p>&nbsp;<\/p>\n<p>Der Cross-Trainer Elliptique E3 von Life-Fitness ist mit der WhisperStride-Technologie ausgestattet, die ihn sehr leise macht. Es ist eine elegante und attraktive Cardio-Option f\u00fcr zu Hause f\u00fcr Benutzer aller Leistungsniveaus, die ein Ganzk\u00f6rpertraining mit geringer Belastung suchen.<\/p>\n<p>&nbsp;<\/p>\n<p>Haupteigenschaften:<\/p>\n<ul>\n<li>Dank intensiver biomechanischer Forschung erzeugt der Cross-Trainer Elliptique eine nat\u00fcrlich fl\u00fcssige und komfortable Bewegung.<\/li>\n<li>Herzfrequenzsensoren an den mobilen Multi-Grip-Griffen und festen Griffen.<\/li>\n<li>Die Coach Zone bietet Benutzern motivierende \u00dcbungen, die verschiedene Muskelgruppen ansprechen.<\/li>\n<li>Wartungsfreie Kugellager reduzieren die Reibung und sorgen f\u00fcr einen sehr leisen Betrieb, ideal f\u00fcr den Heimgebrauch.<\/li>\n<li>Abmessungen (L x B x H): 209 cm x 87 cm x 155 cm<\/li>\n<li>Gewicht: 103 kg<\/li>\n<\/ul>\n","protected":false},"featured_media":19870,"comment_status":"closed","ping_status":"closed","template":"","meta":[],"product_brand":[],"product_cat":[1188],"product_tag":[],"class_list":{"0":"post-19825","1":"product","2":"type-product","3":"status-publish","4":"has-post-thumbnail","6":"product_cat-fitnessgeraete","7":"product_shipping_class-abholung","9":"first","10":"outofstock","11":"sold-individually","12":"taxable","13":"shipping-taxable","14":"purchasable","15":"product-type-simple"},"bundle_layout":"","bundled_by":[],"bundled_items":[],"_links":{"self":[{"href":"https:\/\/www.powerfoodsjmb.com\/de\/wp-json\/wp\/v2\/product\/19825","targetHints":{"allow":["GET"]}}],"collection":[{"href":"https:\/\/www.powerfoodsjmb.com\/de\/wp-json\/wp\/v2\/product"}],"about":[{"href":"https:\/\/www.powerfoodsjmb.com\/de\/wp-json\/wp\/v2\/types\/product"}],"replies":[{"embeddable":true,"href":"https:\/\/www.powerfoodsjmb.com\/de\/wp-json\/wp\/v2\/comments?post=19825"}],"wp:featuredmedia":[{"embeddable":true,"href":"https:\/\/www.powerfoodsjmb.com\/de\/wp-json\/wp\/v2\/media\/19870"}],"wp:attachment":[{"href":"https:\/\/www.powerfoodsjmb.com\/de\/wp-json\/wp\/v2\/media?parent=19825"}],"wp:term":[{"taxonomy":"product_brand","embeddable":true,"href":"https:\/\/www.powerfoodsjmb.com\/de\/wp-json\/wp\/v2\/product_brand?post=19825"},{"taxonomy":"product_cat","embeddable":true,"href":"https:\/\/www.powerfoodsjmb.com\/de\/wp-json\/wp\/v2\/product_cat?post=19825"},{"taxonomy":"product_tag","embeddable":true,"href":"https:\/\/www.powerfoodsjmb.com\/de\/wp-json\/wp\/v2\/product_tag?post=19825"}],"curies":[{"name":"wp","href":"https:\/\/api.w.org\/{rel}","templated":true}]}}