{"id":19686,"date":"2023-02-13T13:39:29","date_gmt":"2023-02-13T12:39:29","guid":{"rendered":"https:\/\/www.powerfoodsjmb.com\/product\/pro-tan-instant-competition-color\/"},"modified":"2023-09-04T17:04:58","modified_gmt":"2023-09-04T15:04:58","slug":"pro-tan-instant-competition-color","status":"publish","type":"product","link":"https:\/\/www.powerfoodsjmb.com\/de\/product\/pro-tan-instant-competition-color\/","title":{"rendered":"Pro Tan Instant Competition Color\u00ae Top Coat with Applicator Sponge"},"content":{"rendered":"<p>SOFORTIGE WETTBEWERBSFARBE ULTRA-DUNKLER MAHAGONI-TON<\/p>\n<p>Fr\u00fcher Bikini-Bronze, Physik-Bronze &amp; Bodybuilder-Bronze\u00ae<\/p>\n<p>Dieses ultradunkle Bronzing-Mousse bietet eine dunkle, mahagonifarbene Farbe, die perfekt f\u00fcr alle Wettk\u00e4mpfe ist. Die streifenfreie Formel von Instant Competition Color\u00ae Top Coat sorgt f\u00fcr die perfekte sofortige Wettkampffarbe. Einfach zu bedienen, trocknet schnell, verblasst gleichm\u00e4\u00dfig.<\/p>\n<p>FUNKTIONEN UND VORTEILE:<br \/>\n\u2713 STREIFENFREI<br \/>\n\u2713 GILT GLEICHM\u00c4SSIG<br \/>\n\u2713 TROCKNET SCHNELL<br \/>\n\u2713 WIRD SIE NICHT GR\u00dcN, ORANGE, ROT ODER LILA WIE ANDERE BR\u00c4UNUNGSPRODUKTE VON WETTBEWERBEN<\/p>\n","protected":false},"excerpt":{"rendered":"<p>SOFORTIGE WETTBEWERBSFARBE ULTRA-DUNKLER MAHAGONI-TON Fr\u00fcher Bikini-Bronze, Physik-Bronze &amp; Bodybuilder-Bronze\u00ae Dieses ultradunkle Bronzing-Mousse bietet eine dunkle, mahagonifarbene Farbe, die perfekt f\u00fcr alle Wettk\u00e4mpfe ist. Die streifenfreie Formel von Instant Competition Color\u00ae Top Coat sorgt f\u00fcr die perfekte sofortige Wettkampffarbe. Einfach zu bedienen, trocknet schnell, verblasst gleichm\u00e4\u00dfig. FUNKTIONEN UND VORTEILE: \u2713 STREIFENFREI \u2713 GILT GLEICHM\u00c4SSIG \u2713 TROCKNET SCHNELL \u2713 WIRD SIE NICHT [&hellip;]<\/p>\n","protected":false},"featured_media":19685,"comment_status":"closed","ping_status":"closed","template":"","meta":[],"product_brand":[],"product_cat":[1037],"product_tag":[981,758],"class_list":{"0":"post-19686","1":"product","2":"type-product","3":"status-publish","4":"has-post-thumbnail","6":"product_cat-wettkampfartikel","7":"product_tag-pro-tan-de","8":"product_tag-wettkampf","10":"first","11":"instock","12":"taxable","13":"shipping-taxable","14":"purchasable","15":"product-type-simple"},"bundle_layout":"","bundled_by":[],"bundled_items":[],"_links":{"self":[{"href":"https:\/\/www.powerfoodsjmb.com\/de\/wp-json\/wp\/v2\/product\/19686","targetHints":{"allow":["GET"]}}],"collection":[{"href":"https:\/\/www.powerfoodsjmb.com\/de\/wp-json\/wp\/v2\/product"}],"about":[{"href":"https:\/\/www.powerfoodsjmb.com\/de\/wp-json\/wp\/v2\/types\/product"}],"replies":[{"embeddable":true,"href":"https:\/\/www.powerfoodsjmb.com\/de\/wp-json\/wp\/v2\/comments?post=19686"}],"wp:featuredmedia":[{"embeddable":true,"href":"https:\/\/www.powerfoodsjmb.com\/de\/wp-json\/wp\/v2\/media\/19685"}],"wp:attachment":[{"href":"https:\/\/www.powerfoodsjmb.com\/de\/wp-json\/wp\/v2\/media?parent=19686"}],"wp:term":[{"taxonomy":"product_brand","embeddable":true,"href":"https:\/\/www.powerfoodsjmb.com\/de\/wp-json\/wp\/v2\/product_brand?post=19686"},{"taxonomy":"product_cat","embeddable":true,"href":"https:\/\/www.powerfoodsjmb.com\/de\/wp-json\/wp\/v2\/product_cat?post=19686"},{"taxonomy":"product_tag","embeddable":true,"href":"https:\/\/www.powerfoodsjmb.com\/de\/wp-json\/wp\/v2\/product_tag?post=19686"}],"curies":[{"name":"wp","href":"https:\/\/api.w.org\/{rel}","templated":true}]}}