{"id":19681,"date":"2023-02-13T13:17:53","date_gmt":"2023-02-13T12:17:53","guid":{"rendered":"https:\/\/www.powerfoodsjmb.com\/product\/pro-tan-hair-away-total-body-hair-remover\/"},"modified":"2023-02-13T13:19:48","modified_gmt":"2023-02-13T12:19:48","slug":"pro-tan-hair-away","status":"publish","type":"product","link":"https:\/\/www.powerfoodsjmb.com\/de\/product\/pro-tan-hair-away\/","title":{"rendered":"Pro Tan HAIR AWAY\u00ae TOTAL BODY HAIR REMOVER"},"content":{"rendered":"<p>GANZK\u00d6RPER-HAARENTFERNER<\/p>\n<p>Entfernt unerw\u00fcnschte K\u00f6rperbehaarung schnell und angenehm und pflegt sanft die Haut und sorgt f\u00fcr ein glattes, frisches Hautgef\u00fchl. Hair Away\u00ae ist f\u00fcr alle Hauttypen pr\u00e4zise ausbalanciert und entfernt Haare f\u00fcr bis zu drei Wochen in nur vier Minuten.<\/p>\n<p>FUNKTIONEN UND VORTEILE:<br \/>\n\u2713 ANFTE 4-MINUTEN-FORMEL<br \/>\n\u2713 GANZK\u00d6RPER-HAARENTFERNER<br \/>\n\u2713 SCHONENDE, NICHT BRENNENDE FORMEL<\/p>\n<p>ZUERST TESTEN: Eine kleine Menge auf die Innenfalte des Ellenbogens auftragen. 2 Minuten wirken lassen. Mit einem feuchten Baumwolltuch abwischen oder mit warmem Wasser absp\u00fclen. Warten Sie 24 Stunden. Wenn R\u00f6tungen oder Irritationen auftreten, unterbrechen Sie die Anwendung. Wenn die Haut normal aussieht, fahren Sie fort.<\/p>\n","protected":false},"excerpt":{"rendered":"<p>GANZK\u00d6RPER-HAARENTFERNER Entfernt unerw\u00fcnschte K\u00f6rperbehaarung schnell und angenehm und pflegt sanft die Haut und sorgt f\u00fcr ein glattes, frisches Hautgef\u00fchl. Hair Away\u00ae ist f\u00fcr alle Hauttypen pr\u00e4zise ausbalanciert und entfernt Haare f\u00fcr bis zu drei Wochen in nur vier Minuten. FUNKTIONEN UND VORTEILE: \u2713 ANFTE 4-MINUTEN-FORMEL \u2713 GANZK\u00d6RPER-HAARENTFERNER \u2713 SCHONENDE, NICHT BRENNENDE FORMEL ZUERST TESTEN: Eine kleine Menge auf die Innenfalte [&hellip;]<\/p>\n","protected":false},"featured_media":19680,"comment_status":"closed","ping_status":"closed","template":"","meta":[],"product_brand":[],"product_cat":[1037],"product_tag":[981,758],"class_list":{"0":"post-19681","1":"product","2":"type-product","3":"status-publish","4":"has-post-thumbnail","6":"product_cat-wettkampfartikel","7":"product_tag-pro-tan-de","8":"product_tag-wettkampf","10":"first","11":"instock","12":"taxable","13":"shipping-taxable","14":"purchasable","15":"product-type-simple"},"bundle_layout":"","bundled_by":[],"bundled_items":[],"_links":{"self":[{"href":"https:\/\/www.powerfoodsjmb.com\/de\/wp-json\/wp\/v2\/product\/19681","targetHints":{"allow":["GET"]}}],"collection":[{"href":"https:\/\/www.powerfoodsjmb.com\/de\/wp-json\/wp\/v2\/product"}],"about":[{"href":"https:\/\/www.powerfoodsjmb.com\/de\/wp-json\/wp\/v2\/types\/product"}],"replies":[{"embeddable":true,"href":"https:\/\/www.powerfoodsjmb.com\/de\/wp-json\/wp\/v2\/comments?post=19681"}],"wp:featuredmedia":[{"embeddable":true,"href":"https:\/\/www.powerfoodsjmb.com\/de\/wp-json\/wp\/v2\/media\/19680"}],"wp:attachment":[{"href":"https:\/\/www.powerfoodsjmb.com\/de\/wp-json\/wp\/v2\/media?parent=19681"}],"wp:term":[{"taxonomy":"product_brand","embeddable":true,"href":"https:\/\/www.powerfoodsjmb.com\/de\/wp-json\/wp\/v2\/product_brand?post=19681"},{"taxonomy":"product_cat","embeddable":true,"href":"https:\/\/www.powerfoodsjmb.com\/de\/wp-json\/wp\/v2\/product_cat?post=19681"},{"taxonomy":"product_tag","embeddable":true,"href":"https:\/\/www.powerfoodsjmb.com\/de\/wp-json\/wp\/v2\/product_tag?post=19681"}],"curies":[{"name":"wp","href":"https:\/\/api.w.org\/{rel}","templated":true}]}}