{"id":19677,"date":"2023-02-13T13:11:22","date_gmt":"2023-02-13T12:11:22","guid":{"rendered":"https:\/\/www.powerfoodsjmb.com\/product\/pro-tan-muscle-sheen-maximum-definition-posing-gel\/"},"modified":"2023-02-13T13:12:35","modified_gmt":"2023-02-13T12:12:35","slug":"pro-tan-muscle-sheen","status":"publish","type":"product","link":"https:\/\/www.powerfoodsjmb.com\/de\/product\/pro-tan-muscle-sheen\/","title":{"rendered":"Pro Tan MUSCLE SHEEN\u00ae MAXIMUM DEFINITION POSING GEL"},"content":{"rendered":"<p>POSING GEL MIT MAXIMALEM DEFINITION<\/p>\n<p>Die ultimative K\u00f6rperpr\u00e4sentation und die totale muskul\u00e4re Definition des Posing-Gels, das Ihre Konkurrenz im Pump-up-Raum verl\u00e4sst.<\/p>\n<p>FUNKTIONEN UND VORTEILE:<br \/>\n\u2713 WURDE AUSSCHLIE\u00dfLICH F\u00dcR HELLE LICHTER ENTWICKELT<br \/>\n\u2713 BETONT UND VERBESSERT IHR ERSCHEINUNGSBILD DER MUSKULATUR<br \/>\n\u2713 PERFEKTER B\u00dcHNENGLANZ<\/p>\n","protected":false},"excerpt":{"rendered":"<p>POSING GEL MIT MAXIMALEM DEFINITION Die ultimative K\u00f6rperpr\u00e4sentation und die totale muskul\u00e4re Definition des Posing-Gels, das Ihre Konkurrenz im Pump-up-Raum verl\u00e4sst. FUNKTIONEN UND VORTEILE: \u2713 WURDE AUSSCHLIE\u00dfLICH F\u00dcR HELLE LICHTER ENTWICKELT \u2713 BETONT UND VERBESSERT IHR ERSCHEINUNGSBILD DER MUSKULATUR \u2713 PERFEKTER B\u00dcHNENGLANZ<\/p>\n","protected":false},"featured_media":19675,"comment_status":"closed","ping_status":"closed","template":"","meta":[],"product_brand":[],"product_cat":[1037],"product_tag":[981,758],"class_list":{"0":"post-19677","1":"product","2":"type-product","3":"status-publish","4":"has-post-thumbnail","6":"product_cat-wettkampfartikel","7":"product_tag-pro-tan-de","8":"product_tag-wettkampf","10":"first","11":"instock","12":"taxable","13":"shipping-taxable","14":"purchasable","15":"product-type-simple"},"bundle_layout":"","bundled_by":[],"bundled_items":[],"_links":{"self":[{"href":"https:\/\/www.powerfoodsjmb.com\/de\/wp-json\/wp\/v2\/product\/19677","targetHints":{"allow":["GET"]}}],"collection":[{"href":"https:\/\/www.powerfoodsjmb.com\/de\/wp-json\/wp\/v2\/product"}],"about":[{"href":"https:\/\/www.powerfoodsjmb.com\/de\/wp-json\/wp\/v2\/types\/product"}],"replies":[{"embeddable":true,"href":"https:\/\/www.powerfoodsjmb.com\/de\/wp-json\/wp\/v2\/comments?post=19677"}],"wp:featuredmedia":[{"embeddable":true,"href":"https:\/\/www.powerfoodsjmb.com\/de\/wp-json\/wp\/v2\/media\/19675"}],"wp:attachment":[{"href":"https:\/\/www.powerfoodsjmb.com\/de\/wp-json\/wp\/v2\/media?parent=19677"}],"wp:term":[{"taxonomy":"product_brand","embeddable":true,"href":"https:\/\/www.powerfoodsjmb.com\/de\/wp-json\/wp\/v2\/product_brand?post=19677"},{"taxonomy":"product_cat","embeddable":true,"href":"https:\/\/www.powerfoodsjmb.com\/de\/wp-json\/wp\/v2\/product_cat?post=19677"},{"taxonomy":"product_tag","embeddable":true,"href":"https:\/\/www.powerfoodsjmb.com\/de\/wp-json\/wp\/v2\/product_tag?post=19677"}],"curies":[{"name":"wp","href":"https:\/\/api.w.org\/{rel}","templated":true}]}}