{"id":19411,"date":"2022-10-23T22:22:58","date_gmt":"2022-10-23T20:22:58","guid":{"rendered":"https:\/\/www.powerfoodsjmb.com\/product\/boxer-competition-mens-classic-shorty\/"},"modified":"2024-11-21T23:11:11","modified_gmt":"2024-11-21T22:11:11","slug":"boxer-posing-hose-fuer-bodybuilding-mens-classic","status":"publish","type":"product","link":"https:\/\/www.powerfoodsjmb.com\/de\/product\/boxer-posing-hose-fuer-bodybuilding-mens-classic\/","title":{"rendered":"Boxer Posing-Hose f\u00fcr Bodybuilding &#8211; MENS-CLASSIC"},"content":{"rendered":"<p>Boxer Posing-Hose f\u00fcr Bodybuilding- MENS-CLASSIC Wettk\u00e4mpfe oder einfach als Sommer-Badeanzug.<\/p>\n<p>Seine Zusammensetzung aus Polyamid und Elasthan macht dieses Posing zu einem bequemen und sehr widerstandsf\u00e4higen Artikel f\u00fcr die Dauer des Gebrauchs Maschinenwaschbar bei 40\u00b0 Synthetik Bei Br\u00e4unungsflecken ist es ratsam, einen Fleckentferner darauf aufzutragen, leicht trocknen zu lassen und dann bei 40\u00b0 in eine Synthetik-Maschine zu geben (nicht einweichen oder von Hand waschen).<\/p>\n<p>Nach jedem Bad im Pool oder Meer ist es ratsam, es gleich nach der Ankunft unter kaltes Wasser zu halten (um seine urspr\u00fcngliche Farbe so lange wie m\u00f6glich zu erhalten), leicht einzuseifen, abzusp\u00fclen und zu trocknen<\/p>\n<p>Farbe: Schwarz<\/p>\n<p>Seitenrand: 15cm breit<\/p>\n","protected":false},"excerpt":{"rendered":"<p>Boxer Posing-Hose f\u00fcr Bodybuilding- MENS-CLASSIC Wettk\u00e4mpfe oder einfach als Sommer-Badeanzug. Seine Zusammensetzung aus Polyamid und Elasthan macht dieses Posing zu einem bequemen und sehr widerstandsf\u00e4higen Artikel f\u00fcr die Dauer des Gebrauchs Maschinenwaschbar bei 40\u00b0 Synthetik Bei Br\u00e4unungsflecken ist es ratsam, einen Fleckentferner darauf aufzutragen, leicht trocknen zu lassen und dann bei 40\u00b0 in eine Synthetik-Maschine zu geben (nicht einweichen oder [&hellip;]<\/p>\n","protected":false},"featured_media":21239,"comment_status":"closed","ping_status":"closed","template":"","meta":[],"product_brand":[],"product_cat":[1037],"product_tag":[],"class_list":{"0":"post-19411","1":"product","2":"type-product","3":"status-publish","4":"has-post-thumbnail","6":"product_cat-wettkampfartikel","8":"first","9":"instock","10":"taxable","11":"shipping-taxable","12":"purchasable","13":"product-type-variable"},"bundle_layout":"","bundled_by":[],"bundled_items":[],"_links":{"self":[{"href":"https:\/\/www.powerfoodsjmb.com\/de\/wp-json\/wp\/v2\/product\/19411","targetHints":{"allow":["GET"]}}],"collection":[{"href":"https:\/\/www.powerfoodsjmb.com\/de\/wp-json\/wp\/v2\/product"}],"about":[{"href":"https:\/\/www.powerfoodsjmb.com\/de\/wp-json\/wp\/v2\/types\/product"}],"replies":[{"embeddable":true,"href":"https:\/\/www.powerfoodsjmb.com\/de\/wp-json\/wp\/v2\/comments?post=19411"}],"wp:featuredmedia":[{"embeddable":true,"href":"https:\/\/www.powerfoodsjmb.com\/de\/wp-json\/wp\/v2\/media\/21239"}],"wp:attachment":[{"href":"https:\/\/www.powerfoodsjmb.com\/de\/wp-json\/wp\/v2\/media?parent=19411"}],"wp:term":[{"taxonomy":"product_brand","embeddable":true,"href":"https:\/\/www.powerfoodsjmb.com\/de\/wp-json\/wp\/v2\/product_brand?post=19411"},{"taxonomy":"product_cat","embeddable":true,"href":"https:\/\/www.powerfoodsjmb.com\/de\/wp-json\/wp\/v2\/product_cat?post=19411"},{"taxonomy":"product_tag","embeddable":true,"href":"https:\/\/www.powerfoodsjmb.com\/de\/wp-json\/wp\/v2\/product_tag?post=19411"}],"curies":[{"name":"wp","href":"https:\/\/api.w.org\/{rel}","templated":true}]}}