{"id":18190,"date":"2021-06-12T13:21:26","date_gmt":"2021-06-12T11:21:26","guid":{"rendered":"https:\/\/www.powerfoodsjmb.com\/product\/power-tri-creakick-plus\/"},"modified":"2025-01-29T07:24:48","modified_gmt":"2025-01-29T06:24:48","slug":"power-tri-creakick-plus","status":"publish","type":"product","link":"https:\/\/www.powerfoodsjmb.com\/de\/product\/power-tri-creakick-plus\/","title":{"rendered":"Power Tri-CreaKick Plus"},"content":{"rendered":"<p><strong>Power Tri-CreaKick plus<\/strong> von <strong>Power-Food\u2019s J-M.B<sup>\u00ae<\/sup><\/strong> ist eine spezielle und neue Zusammensetzung von <strong>drei besonderen Kreatinen<\/strong> mit einer Zugabe von <strong>Citrulline-Malate <\/strong>und <strong>Beta-Alanine<\/strong>!<\/p>\n<p><strong>Das erste Kreatin<\/strong> ist das sehr erfolgreich klinisch getestete <strong>Kreatin Gluconat<\/strong> was an ein Glucosemolek\u00fcl gebunden ist, es besitzt eine noch effektivere Wirkung als viele andere Kreatinsorten da es eine bessere L\u00f6slichkeit, Absorption und h\u00f6here Bioverf\u00fcgbarkeit hat. Es hat den Vorteil, dass es nicht den geringsten Verlust beim Transport auf dem Weg zur Erzeugung von Energie, Kraft usw. aufweist. Die Energie in den Muskelzellen wird sofort gesteigert, wobei die Muskeln eine noch wesentlich h\u00f6here Kreatin-Konzentration aufweist und somit die Kraft, Leistung und Muskelaufbau rasch und erheblich steigert!<br \/>\n<strong>Das zweite Kreatin<\/strong>, das <strong>Di-Kreatin-Malat<\/strong>, ist ein l\u00f6sliches Kreatinsalz, welches in Verbindung mit Apfels\u00e4ure eine entscheidende Rolle in unserem nat\u00fcrlichen Energiekreislauf hat. Es bewirkt einen starken Anstieg der Bioverf\u00fcgbarkeit, wodurch die ATP-Produktion und das Zellvolumen gesteigert werden. Die gr\u00f6\u00dfere Muskelmasse und das erh\u00f6hte Volumen steigern Kraft und Ausdauer.<br \/>\n<strong>Das dritte Kreatin<\/strong>, das <strong>Kreatin-Phosphat<\/strong> ist ein phosphoryliertes Kreatin, das als schnell mobilisierbarer Energielieferant in Sklettmuskeln, Myokard und Gehirn der Regeneration von ATP dient, hat eine organische Verbindung, die eine noch schnellere Energiequelle entwickelt und somit einen perfekten <strong>Energieschub<\/strong> und <strong>Muskelkontraktion<\/strong> bewirkt.<\/p>\n<p>Um diese Kombination <strong>dieser drei perfekten Kreatine<\/strong> nochmal zu steigern, f\u00fcgten wir zus\u00e4tzlich zwei Aminos\u00e4uren hinzu, das Citrulline Malate und das Beta-Alanine!<br \/>\n<strong>Das Citrulline-Malate<\/strong> ist eine nicht proteinogene, nicht-essenzielle Aminos\u00e4ure und spielt neben L-Arginin und L-Ornithin eine entscheidende Rolle im Harnzyklus was sch\u00e4dliche Substanzen \u00fcber die Nieren mit dem Urin ausscheidet. Citrulline-Malate verbessert die Durchblutung und die Sauerstoffzufuhr im Muskel und erh\u00f6ht ebenfalls die Produktion von ATP, es verringert somit die Milchs\u00e4ure, reduziert die Menge an Ammoniak aus dem Blut und hat einen direkten positiven Effekt auf die Muskelerholung. Studien zeigen, dass die Supplementierung von Citrulline-Malate zu einem verminderten Muskelkater (um bis zu 40\u00a0%), und zu einem erh\u00f6hten Pumpeffekt f\u00fchrt!<br \/>\nBeta-Alanine spielt vor allem bei der raschen Energielieferung eine entscheidende Rolle. Wenn im <strong>K\u00f6rper<\/strong> nicht mehr gen\u00fcgend Glukosereserven vorhanden sind, wird Beta-Alanine in Zucker umgewandelt. Gleichzeitig erh\u00f6ht Beta-Alanine den Blutzuckerspiegel, indem es die Ausscheidung von Glucagon anregt. Beta-Alanine wird im K\u00f6rper mit einer zweiten Aminos\u00e4ure, dem Histin, kombiniert, um das Dipeptid Carnosin zu bilden. Studien fanden heraus, dass Muskeln mit h\u00f6heren Carnosinwerten mehr Kraft und Ausdauer haben<strong>. <\/strong>Diese Eigenschaft wird durch Beta-Alanine vorteilhaft aktiviert.<\/p>\n<p>In einer unserer Studien konnten wir feststellen, dass Athleten, die unserer neue Formel das <strong>Power Tri-CreaKick plus <\/strong>mit der Zugabe von <strong>Beta-Alanine<\/strong> und <strong>Citrulline-Malate<\/strong> benutzen, mehr Muskeln aufbauen und gleichzeitig mehr Fett abbauen als ohne diese Kombination.<\/p>\n<p>Diese hervorragende Zusammensetzung des <strong>Power Tri-CreaKick plus<\/strong> von <strong>Power-Food\u2019s J-M.B<sup>\u00ae<\/sup> <\/strong>ist einzigartig und wird Ihnen sicherlich bei der \u00dcberwindung bisheriger Grenzen helfen. Sie werden andere Dimensionen von Kraft-, Ausdauer-, Energie- und Leistungssteigerung erreichen. <strong>Power Tri-CreaKick plus<\/strong> ist geeignet f\u00fcr alle Sportarten, dies gilt besonders auch f\u00fcr Non-Responder (d.\u00a0h. Athleten, die bei anderen Kreatinformeln keinerlei Wirkung versp\u00fcren).<\/p>\n<p>&nbsp;<\/p>\n<p><strong>Gebrauch<\/strong><\/p>\n<p>Nehmen Sie 4 Messl\u00f6ffel (ca. 17\u00a0g) mit 300\u00a0ml Wasser ungef\u00e4hr 15-30 Minuten vor dem Training, und zus\u00e4tzlich 4 Messl\u00f6ffel (ca. 17\u00a0g) mit 300\u00a0ml Wasser direkt nach dem Training. An Ruhetagen nehmen Sie 4 Messl\u00f6ffel (ca. 17\u00a0g) mit 300\u00a0ml Wasser morgens direkt nach dem Aufstehen auf n\u00fcchternen Magen.<\/p>\n<p><strong>Verf\u00fcgbarkeit<\/strong><\/p>\n<p>Dose mit 500 g<\/p>\n<p><strong>Geschmacksrichtungen<\/strong><\/p>\n<p>Orange, Zitrone<\/p>\n<p>&nbsp;<\/p>\n<p><strong>Ohne Aspartam\/ ohne Gluten\/ ohne Laktose\/ Vegetarsich\/ Zuckerfrei\/ ohne Farbstoffe<\/strong><\/p>\n","protected":false},"excerpt":{"rendered":"<p>Power Tri-CreaKick plus von Power-Food\u2019s J-M.B\u00ae ist eine spezielle und neue Zusammensetzung von drei besonderen Kreatinen mit einer Zugabe von Citrulline-Malate und Beta-Alanine! Das erste Kreatin ist das sehr erfolgreich klinisch getestete Kreatin Gluconat was an ein Glucosemolek\u00fcl gebunden ist, es besitzt eine noch effektivere Wirkung als viele andere Kreatinsorten da es eine bessere L\u00f6slichkeit, Absorption und h\u00f6here Bioverf\u00fcgbarkeit hat. [&hellip;]<\/p>\n","protected":false},"featured_media":18188,"comment_status":"closed","ping_status":"closed","template":"","meta":[],"product_brand":[],"product_cat":[528],"product_tag":[],"class_list":{"0":"post-18190","1":"product","2":"type-product","3":"status-publish","4":"has-post-thumbnail","6":"product_cat-kreatine-und-nox","8":"first","9":"instock","10":"taxable","11":"shipping-taxable","12":"purchasable","13":"product-type-variable"},"bundle_layout":"","bundled_by":[],"bundled_items":[],"_links":{"self":[{"href":"https:\/\/www.powerfoodsjmb.com\/de\/wp-json\/wp\/v2\/product\/18190","targetHints":{"allow":["GET"]}}],"collection":[{"href":"https:\/\/www.powerfoodsjmb.com\/de\/wp-json\/wp\/v2\/product"}],"about":[{"href":"https:\/\/www.powerfoodsjmb.com\/de\/wp-json\/wp\/v2\/types\/product"}],"replies":[{"embeddable":true,"href":"https:\/\/www.powerfoodsjmb.com\/de\/wp-json\/wp\/v2\/comments?post=18190"}],"wp:featuredmedia":[{"embeddable":true,"href":"https:\/\/www.powerfoodsjmb.com\/de\/wp-json\/wp\/v2\/media\/18188"}],"wp:attachment":[{"href":"https:\/\/www.powerfoodsjmb.com\/de\/wp-json\/wp\/v2\/media?parent=18190"}],"wp:term":[{"taxonomy":"product_brand","embeddable":true,"href":"https:\/\/www.powerfoodsjmb.com\/de\/wp-json\/wp\/v2\/product_brand?post=18190"},{"taxonomy":"product_cat","embeddable":true,"href":"https:\/\/www.powerfoodsjmb.com\/de\/wp-json\/wp\/v2\/product_cat?post=18190"},{"taxonomy":"product_tag","embeddable":true,"href":"https:\/\/www.powerfoodsjmb.com\/de\/wp-json\/wp\/v2\/product_tag?post=18190"}],"curies":[{"name":"wp","href":"https:\/\/api.w.org\/{rel}","templated":true}]}}