{"id":18099,"date":"2021-04-26T09:40:00","date_gmt":"2021-04-26T07:40:00","guid":{"rendered":"https:\/\/www.powerfoodsjmb.com\/product\/vita-b-complex-force\/"},"modified":"2021-04-26T09:50:36","modified_gmt":"2021-04-26T07:50:36","slug":"vita-b-complex-force","status":"publish","type":"product","link":"https:\/\/www.powerfoodsjmb.com\/de\/product\/vita-b-complex-force\/","title":{"rendered":"Vita B-Complex Force"},"content":{"rendered":"<p><strong>Vita B-Complex Force<\/strong> ist eine hervorragende Erg\u00e4nzung von <strong>Power\u2011Food&#8217;s J-M.B\u00ae <\/strong>und hochwertiges Vitamin B-Complex (700mg pro Kapsel) bestehend aus 8 essentiellen Vitaminen die der K\u00f6rper f\u00fcr beste Gesundheit braucht. Vollst\u00e4ndig versetzt mit <strong>VITAMIN B1<\/strong>(thiamin), <strong>B2<\/strong> (riboflavin), <strong>B3<\/strong> (niacin), <strong>B5<\/strong> (pantothenic Acid), <strong>B6<\/strong> (pyridoxin), <strong>B7 (<\/strong>biotin), <strong>B9<\/strong> (folic Acid) und <strong>B12<\/strong> (dibencozid-cobalamin), verhindert es die Gefahren <strong>eines Mangels<\/strong> an diesen wertvollen Substanzen, die oft wegen einer geringen Nahrungsabwechslung, einem <strong>zu niedrigen<\/strong> Kalorienkonsum (bei Di\u00e4ten) oder eines <strong>hohen Verlustes<\/strong> bei starkem Schwitzen w\u00e4hrend k\u00f6rperlichen oder sportlichen Aktivit\u00e4ten zustande kommt. Diese nahrhaften Substanzen k\u00f6nnen nicht selbst vom K\u00f6rper in ausreichenden Mengen produziert werden.<\/p>\n<p>Grunds\u00e4tzlich sollte <strong>jeder Mensch<\/strong> auf eine ausreichende Zufuhr von <strong>B-Vitaminen<\/strong> achten, jedoch gibt es einige Personengruppen, die einen h\u00f6heren <strong>Vitamin-B-Bedarf<\/strong> haben. Schwangere sollten zum Beispiel besonders auf den <strong>Fols\u00e4ure-Gehalt<\/strong> in ihrer Ern\u00e4hrung achten, weil <strong>Fols\u00e4ure<\/strong> wichtig f\u00fcr die gesunde Entwicklung des Babys ist. Auch <strong>Sportler<\/strong>, die <strong>Muskeln aufbauen<\/strong> wollen, haben einen h\u00f6heren <strong>Vitamin-B-Bedarf.<\/strong><\/p>\n<p><strong>Vita B-Complex Force <\/strong>\u00fcbernimmt unterschiedliche Aufgaben im K\u00f6rper. Die einzelnen Aufgaben unserer <strong>B-Vitamine<\/strong> h\u00e4ngen in ihren Funktionen f\u00fcr den <strong>menschlichen Organismus<\/strong> jedoch eng zusammen. Sie arbeiten wie ineinandergreifende Zahnr\u00e4der und spielen gemeinsam insbesondere f\u00fcr die <strong>Funktion von Gehirn, Nerven und Energiestoffwechsel<\/strong> eine wichtige Rolle. Im Zusammenspiel \u00fcbernehmen diese Vitamine noch andere wichtige Funktionen: Sie unterst\u00fctzen beispielsweise die <strong>Herzfunktion<\/strong>, das <strong>Immunsystem<\/strong> oder auch die <strong>Zellteilung<\/strong>, um nur einige Beispiele zu nennen.<\/p>\n<p>Weitere Faktoren, die zu einem Mehrbedarf an Vitamin B beitragen k\u00f6nnen, sind:<br \/>\n<strong>\u2022 Stress<br \/>\n\u2022 Nikotin<br \/>\n\u2022 Alkohol<br \/>\n\u2022 Di\u00e4ten<br \/>\n\u2022 Magen-Darm-Erkrankungen<br \/>\n\u2022 Medikamente.<\/strong><\/p>\n<p>Um ihre Vitalit\u00e4t sowie Gesundheit zu steigern und aufrecht zu halten sollten Sie mit unserem <strong>Vita B-Complex Force<\/strong> erg\u00e4nzen.<\/p>\n<h2>Gebrauch<\/h2>\n<p>Nehmen Sie 3x t\u00e4glich 1 Kapsel zu den Hauptmahlzeiten, morgens &#8211; mittags und abends.<\/p>\n<h2>Verf\u00fcgbarkeit<\/h2>\n<p>Dose mit 90 Tabletten von 700mg \/ Gewicht Net(to) 63 g<\/p>\n<h2>Zutaten pro Tablette:<\/h2>\n<p>Vitamine B3 (niacin) 168mg 933,331%, Vitamine B5 (pantothenic Acid) 63mg\u00a0 1050%, Vitamine B2 (riboflavin) 14,7mg 918,75%, Vitamine B6 (pyridoxin) 14,7mg 735%, Vitamine B1 (thiamin) 11,55mg 824,999%, Vitamine B9 (folic Acid) 2,1mg 1050%, Vitamine B7 (biotin) 0,525mg 350%, Vitamine B12 0,0266mg 2660%, Gelatine<\/p>\n<p>RDA\/AJR\/ADH%<\/p>\n","protected":false},"excerpt":{"rendered":"<p>Vita B-Complex Force ist eine hervorragende Erg\u00e4nzung von Power\u2011Food&#8217;s J-M.B\u00ae und hochwertiges Vitamin B-Complex (700mg pro Kapsel) bestehend aus 8 essentiellen Vitaminen die der K\u00f6rper f\u00fcr beste Gesundheit braucht. Vollst\u00e4ndig versetzt mit VITAMIN B1(thiamin), B2 (riboflavin), B3 (niacin), B5 (pantothenic Acid), B6 (pyridoxin), B7 (biotin), B9 (folic Acid) und B12 (dibencozid-cobalamin), verhindert es die Gefahren eines Mangels an diesen wertvollen [&hellip;]<\/p>\n","protected":false},"featured_media":18097,"comment_status":"closed","ping_status":"closed","template":"","meta":[],"product_brand":[],"product_cat":[531],"product_tag":[],"class_list":{"0":"post-18099","1":"product","2":"type-product","3":"status-publish","4":"has-post-thumbnail","6":"product_cat-wohlbefinden-gesundheit","8":"first","9":"instock","10":"taxable","11":"shipping-taxable","12":"purchasable","13":"product-type-simple"},"bundle_layout":"","bundled_by":[],"bundled_items":[],"_links":{"self":[{"href":"https:\/\/www.powerfoodsjmb.com\/de\/wp-json\/wp\/v2\/product\/18099","targetHints":{"allow":["GET"]}}],"collection":[{"href":"https:\/\/www.powerfoodsjmb.com\/de\/wp-json\/wp\/v2\/product"}],"about":[{"href":"https:\/\/www.powerfoodsjmb.com\/de\/wp-json\/wp\/v2\/types\/product"}],"replies":[{"embeddable":true,"href":"https:\/\/www.powerfoodsjmb.com\/de\/wp-json\/wp\/v2\/comments?post=18099"}],"wp:featuredmedia":[{"embeddable":true,"href":"https:\/\/www.powerfoodsjmb.com\/de\/wp-json\/wp\/v2\/media\/18097"}],"wp:attachment":[{"href":"https:\/\/www.powerfoodsjmb.com\/de\/wp-json\/wp\/v2\/media?parent=18099"}],"wp:term":[{"taxonomy":"product_brand","embeddable":true,"href":"https:\/\/www.powerfoodsjmb.com\/de\/wp-json\/wp\/v2\/product_brand?post=18099"},{"taxonomy":"product_cat","embeddable":true,"href":"https:\/\/www.powerfoodsjmb.com\/de\/wp-json\/wp\/v2\/product_cat?post=18099"},{"taxonomy":"product_tag","embeddable":true,"href":"https:\/\/www.powerfoodsjmb.com\/de\/wp-json\/wp\/v2\/product_tag?post=18099"}],"curies":[{"name":"wp","href":"https:\/\/api.w.org\/{rel}","templated":true}]}}