{"id":17364,"date":"2015-07-01T13:01:44","date_gmt":"2015-07-01T11:01:44","guid":{"rendered":"https:\/\/www.powerfoodsjmb.com\/product\/power-recovery\/"},"modified":"2026-01-25T22:39:40","modified_gmt":"2026-01-25T21:39:40","slug":"power-recovery","status":"publish","type":"product","link":"https:\/\/www.powerfoodsjmb.com\/de\/product\/power-recovery\/","title":{"rendered":"Power Recovery"},"content":{"rendered":"","protected":false},"excerpt":{"rendered":"<p>Mit <strong>Power Recovery<\/strong> erhalten Sie ein absolutes Spitzenprodukte aus dem Arsenal von <strong>Power-Food\u2019s J-M.B<sup>\u00ae<\/sup><\/strong>! Die von <strong>Power-Food\u2019s J-M.B<sup>\u00ae<\/sup> <\/strong>zun\u00e4chst f\u00fcr das pers\u00f6nlichen Training entwickelte Formel steht nun auch als Produkt f\u00fcr Sie bereit und z\u00e4hlt zu den besten Post-Work Shakes der Welt.<\/p>\n<p>Es wirkt ausgezeichnet durch seine Qualit\u00e4t und beste N\u00e4hrstoffe, unter anderem durch die Zusammensetzung von einem 100 % iso-mikrofiltrierten <strong>Whey-Protein<\/strong> und einer hochmolekulare Maisst\u00e4rke wie das <strong>Waxy-Maize<\/strong> (ein sehr langanhaltendes komplexes Kohlenhydrat, das speziell entwickelt wurde, um den K\u00f6rper schnell wieder in eine anabole Lage zu versetzten und somit effektiv mit Energie zu versorgen). Die weitere Zugabe von <strong>Crea-Mono<\/strong>, <strong>Beta-Alanine<\/strong>, <strong>BCAAs <\/strong>und <strong>L-Glutamin<\/strong> sowie allen <strong>essentiellen Aminos\u00e4uren<\/strong>, machen <strong>Power Recovery<\/strong> zu einem absoluten Highlight und zum Muss f\u00fcr alle Sportler. Ob Ausdauer-, Kampf- oder Kraftsportler, es ist ganz egal, denn der Effekt ist so auf jede ausgef\u00fchrte Sportart angepasst, dass der K\u00f6rper sich so oder so schneller regeneriert und es (bei gezieltem Training) zu einem verbesserten Muskelaufbau kommt. <strong>Power Recovery<\/strong> bietet entscheidende Vorteile: es sorgt f\u00fcr eine schnellere Passage durch den Magen, wodurch der Einstrom von Kohlenhydraten in die Blutbahn beschleunigt wird. Der erh\u00f6hte Blutzuckerwert sch\u00fcttet vermehrt Insulin aus und sorgt f\u00fcr eine schnellere Aufnahme des <strong>Iso-Whey Proteins<\/strong> und der <strong>Aminos\u00e4uren<\/strong>, dem <strong>Crea-Mono<\/strong>-, <strong>Beta-Alanin<\/strong>-, <strong>BCAAs<\/strong> und dem <strong>L-Glutamin <\/strong>von der Muskulatur. Der direkt nach dem Training zus\u00e4tzlich erh\u00f6hte Insulinwert l\u00e4sst somit den Spiegel des Stresshormons (Cortisol) absinken und schafft damit das gew\u00fcnschte hormonelle Umfeld f\u00fcr Wachstum und Erholung. <strong>Power Recovery<\/strong> ist optimal f\u00fcr alle Sportler, die nach langen und intensiven Trainingseinheiten, eine verbesserte Regeneration und Erholung (Muskelschmerzen und Muskelkater werden gelindert) w\u00fcnschen. Ideal auch f\u00fcr alle, die eine fettfreie Muskelmasse aufbauen m\u00f6chten.<\/p>\n<p>&nbsp;<\/p>\n<p><strong>Gebrauch:<\/strong><\/p>\n<p>Mischen Sie eine Portion von 100 g, also 2 geh\u00e4ufte Messl\u00f6ffel, mit 350-400 ml Wasser sofort nach dem Training. Athleten die \u00fcber 100 kg K\u00f6rpergewicht haben, sollten 3-4 geh\u00e4ufte Messl\u00f6ffel mit 450-500 ml Wasser zu sich nehmen. (Am besten nur an Trainingstagen.)<\/p>\n<p><strong>Verf\u00fcgbarkeit:<\/strong><\/p>\n<p>Dosen mit 900 g und 2,5 kg<\/p>\n<p><strong>Geschmacksrichtungen:<\/strong><\/p>\n<p>Belgische Schokolade, French Vanille-Cookies<\/p>\n<p><strong>Ern\u00e4hrungswerte pro 100 g : (NUT_AS 1626\/2)<br \/>\n<\/strong><\/p>\n<p>Energie: 344,20 kcal \/ 1440,13 kJ<br \/>\nKohlenhydrate: 48,6 g<br \/>\nEiwei\u00df: 42 g<br \/>\nFette: 0 g<\/p>\n","protected":false},"featured_media":15825,"comment_status":"closed","ping_status":"closed","template":"","meta":[],"product_brand":[],"product_cat":[514],"product_tag":[700,722,724,773,753,754,759,767,768,752,758],"class_list":{"0":"post-17364","1":"product","2":"type-product","3":"status-publish","4":"has-post-thumbnail","6":"product_cat-proteine-nahrungsergaenzungen","7":"product_tag-ausdauersport","8":"product_tag-erholung","9":"product_tag-kampfsport","10":"product_tag-kraftsport","11":"product_tag-kraftsteigerung","12":"product_tag-leistungssteigerung","13":"product_tag-muskelaufbau","14":"product_tag-post-work-shake-de","15":"product_tag-power-foods-j-m-b-de","16":"product_tag-sportler","17":"product_tag-wettkampf","19":"first","20":"instock","21":"taxable","22":"shipping-taxable","23":"purchasable","24":"product-type-variable"},"bundle_layout":"","bundled_by":[],"bundled_items":[],"_links":{"self":[{"href":"https:\/\/www.powerfoodsjmb.com\/de\/wp-json\/wp\/v2\/product\/17364","targetHints":{"allow":["GET"]}}],"collection":[{"href":"https:\/\/www.powerfoodsjmb.com\/de\/wp-json\/wp\/v2\/product"}],"about":[{"href":"https:\/\/www.powerfoodsjmb.com\/de\/wp-json\/wp\/v2\/types\/product"}],"replies":[{"embeddable":true,"href":"https:\/\/www.powerfoodsjmb.com\/de\/wp-json\/wp\/v2\/comments?post=17364"}],"wp:featuredmedia":[{"embeddable":true,"href":"https:\/\/www.powerfoodsjmb.com\/de\/wp-json\/wp\/v2\/media\/15825"}],"wp:attachment":[{"href":"https:\/\/www.powerfoodsjmb.com\/de\/wp-json\/wp\/v2\/media?parent=17364"}],"wp:term":[{"taxonomy":"product_brand","embeddable":true,"href":"https:\/\/www.powerfoodsjmb.com\/de\/wp-json\/wp\/v2\/product_brand?post=17364"},{"taxonomy":"product_cat","embeddable":true,"href":"https:\/\/www.powerfoodsjmb.com\/de\/wp-json\/wp\/v2\/product_cat?post=17364"},{"taxonomy":"product_tag","embeddable":true,"href":"https:\/\/www.powerfoodsjmb.com\/de\/wp-json\/wp\/v2\/product_tag?post=17364"}],"curies":[{"name":"wp","href":"https:\/\/api.w.org\/{rel}","templated":true}]}}