{"id":17347,"date":"2015-07-01T12:46:04","date_gmt":"2015-07-01T10:46:04","guid":{"rendered":"https:\/\/www.powerfoodsjmb.com\/product\/power-mass-v2\/"},"modified":"2026-01-25T22:36:07","modified_gmt":"2026-01-25T21:36:07","slug":"power-mass-v2","status":"publish","type":"product","link":"https:\/\/www.powerfoodsjmb.com\/de\/product\/power-mass-v2\/","title":{"rendered":"Power Mass V2"},"content":{"rendered":"","protected":false},"excerpt":{"rendered":"<p><strong>Power Mass V2<\/strong> von <strong>Power-Food\u2019s J-M.B\u00ae<\/strong> ist eine Ern\u00e4hrungserg\u00e4nzung mit hochwertigem Maltodextrin und einem 100 % iso-mikrofiltrierten Whey-Isolat-Protein, das mit zus\u00e4tzlichem <strong>L-Glutamin<\/strong> (4,4 g) und <strong>BCAAs<\/strong> (5 g) pro Portion verfeinert wurde, um den Verlust von Muskelmasse zu verhindern, das Immunsystem zu st\u00e4rken und um den Muskelaufbau zu f\u00f6rdern. Des Weiteren kommt es zu einer <strong>Steigerung<\/strong> <strong>der Gewichtszunahme <\/strong>und <strong>Beschleunigung der Erholung<\/strong> w\u00e4hrend und nach sportlichen und k\u00f6rperlichen Anstrengungen. <strong>Power Mass V2<\/strong> enth\u00e4lt eine Mischung aus Maltodextrin, 100 % iso-mikrofiltriertem Whey-Isolat-Protein, sehr wenig Fructose, MCTs und eine hochwertige Mischung aus Mineralien und Vitaminen.<\/p>\n<p>Eine perfekte Erg\u00e4nzung f\u00fcr alle (Ausdauer- oder Kraftsportler), die mehr Leistung und Energie anstreben oder ihr K\u00f6rpergewicht und Muskelmasse erh\u00f6hen m\u00f6chten. Das Produkt eignet sich zur Gewichtszunahme.<\/p>\n<p>&nbsp;<\/p>\n<p><strong>Gebrauchsanweisung:<\/strong><\/p>\n<p>Mischen Sie mehrmals t\u00e4glich 2 geh\u00e4ufte Messl\u00f6ffel (ca. 100 g) mit 250-300 ml Magermilch oder Wasser und trinken dies z. B. an Trainingstagen: morgens zum oder als Fr\u00fchst\u00fcck, ungef\u00e4hr 90 Minuten vor und direkt nach dem Sport. An Ruhetagen sowie f\u00fcr Nichtsportler: morgens zum oder als Fr\u00fchst\u00fcck, nachmittags als Zwischenmahlzeit und abends vor dem Schlafengehen.<\/p>\n<p><strong>Gebinde:<\/strong><\/p>\n<p>Dosen mit 1,5 kg, 3 kg und 5 kg<\/p>\n<p><strong>Geschmacksrichtungen:<\/strong><\/p>\n<p>Banane, Erdbeere, French Vanille, Schokolade, Schoko-Cookies<\/p>\n<p><strong>Ern\u00e4hrungswerte pro 100 g: (NUT_AS 1626\/3)<br \/>\n<\/strong><\/p>\n<p>Energie: 369,88 kcal \/ 1547,57 kJ<br \/>\nKohlenhydrate: 65,7 g<br \/>\nEiwei\u00df: 27 g<br \/>\nFette: 2,12 g (davon 2 g MCT \u00d6l)<\/p>\n","protected":false},"featured_media":15803,"comment_status":"closed","ping_status":"closed","template":"","meta":[],"product_brand":[],"product_cat":[514],"product_tag":[700,714,722,720,773,754,759,768,772,752],"class_list":{"0":"post-17347","1":"product","2":"type-product","3":"status-publish","4":"has-post-thumbnail","6":"product_cat-proteine-nahrungsergaenzungen","7":"product_tag-ausdauersport","8":"product_tag-energiesteigerung","9":"product_tag-erholung","10":"product_tag-gewichtszunahme","11":"product_tag-kraftsport","12":"product_tag-leistungssteigerung","13":"product_tag-muskelaufbau","14":"product_tag-power-foods-j-m-b-de","15":"product_tag-regeneration-de","16":"product_tag-sportler","18":"first","19":"instock","20":"taxable","21":"shipping-taxable","22":"purchasable","23":"product-type-variable"},"bundle_layout":"","bundled_by":[],"bundled_items":[],"_links":{"self":[{"href":"https:\/\/www.powerfoodsjmb.com\/de\/wp-json\/wp\/v2\/product\/17347","targetHints":{"allow":["GET"]}}],"collection":[{"href":"https:\/\/www.powerfoodsjmb.com\/de\/wp-json\/wp\/v2\/product"}],"about":[{"href":"https:\/\/www.powerfoodsjmb.com\/de\/wp-json\/wp\/v2\/types\/product"}],"replies":[{"embeddable":true,"href":"https:\/\/www.powerfoodsjmb.com\/de\/wp-json\/wp\/v2\/comments?post=17347"}],"wp:featuredmedia":[{"embeddable":true,"href":"https:\/\/www.powerfoodsjmb.com\/de\/wp-json\/wp\/v2\/media\/15803"}],"wp:attachment":[{"href":"https:\/\/www.powerfoodsjmb.com\/de\/wp-json\/wp\/v2\/media?parent=17347"}],"wp:term":[{"taxonomy":"product_brand","embeddable":true,"href":"https:\/\/www.powerfoodsjmb.com\/de\/wp-json\/wp\/v2\/product_brand?post=17347"},{"taxonomy":"product_cat","embeddable":true,"href":"https:\/\/www.powerfoodsjmb.com\/de\/wp-json\/wp\/v2\/product_cat?post=17347"},{"taxonomy":"product_tag","embeddable":true,"href":"https:\/\/www.powerfoodsjmb.com\/de\/wp-json\/wp\/v2\/product_tag?post=17347"}],"curies":[{"name":"wp","href":"https:\/\/api.w.org\/{rel}","templated":true}]}}