{"id":16752,"date":"2020-02-25T14:43:24","date_gmt":"2020-02-25T13:43:24","guid":{"rendered":"https:\/\/www.powerfoodsjmb.com\/product\/eaa-force\/"},"modified":"2020-02-25T14:46:04","modified_gmt":"2020-02-25T13:46:04","slug":"eaa-force","status":"publish","type":"product","link":"https:\/\/www.powerfoodsjmb.com\/de\/product\/eaa-force\/","title":{"rendered":"EAA-Force"},"content":{"rendered":"","protected":false},"excerpt":{"rendered":"<p>Das neue<strong> EAA-Force in Kapseln <\/strong>von <strong>Power-Food\u2019s J-M.B<sup>\u00ae<\/sup><\/strong> enth\u00e4lt jetzt alle <strong>8 essentielle Aminos\u00e4uren<\/strong>, kombiniert mit den BCAAs in h\u00f6chster Dosis wie: <strong>L-Leucin,<\/strong> <strong>L-Isoleucin <\/strong>und <strong>L-Valin <\/strong>welche in optimaler Struktur 2:1:1 vorhanden und als verzweigt gekettete Aminos\u00e4uren bekannt sind. Wegen ihrer Struktur und einem speziell reinen Verh\u00e4ltnis von 2:1:1 zueinander, werden diese als gebundene <strong>Aminos\u00e4uren<\/strong> bezeichnet. Der Stoffwechsel der <strong>BCAAs<\/strong> und den restlichen essentiellen Aminos\u00e4uren wie, L-Lysin hcl, L-Histidin, L-Methionin, L-Phenylalanin, L-Threonin und L-Tryptophan, findet direkt in der Muskulatur statt und nicht in der Leber, was das kombinieren dieser essentiellen Aminos\u00e4uren in unserem <strong>EAA-Force<\/strong> so unentbehrlich f\u00fcr den Wiederaufbau des Muskelgewebes macht, das normalerweise schon w\u00e4hrend eines intensiven Trainings oder K\u00f6rperlichen Aktivit\u00e4ten zerst\u00f6rt wurde.<\/p>\n<p>Bei richtigem Timing und Zufuhr (am besten morgens und w\u00e4hrend dem Training) steigert<strong> EAA-Force<\/strong> die antikatabole und anabole Wirkung, erh\u00f6ht somit die Regenerations- und Erholungsphase schon w\u00e4hrend dem Sport und f\u00f6rdert ideal konstante Fortschritte f\u00fcr bessere Leistungssteigerung oder gezielten Muskelaufbau. Vor allem das <strong>L-Leucin<\/strong>, stimuliert die Insulinproduktion, das Hormon, welches dem Muskelgewebe erlaubt die Aminos\u00e4uren und N\u00e4hrstoffe besser aufzunehmen.<\/p>\n<p><strong>EAA-Force<\/strong> verhindert die Bildung von Harnstoffen und Ammoniak w\u00e4hrend des Trainings in der Leber und reagiert mit <strong>L-Tryptophan<\/strong>, sodass die Produktion von Serotonin verringert wird, die Ursache f\u00fcr M\u00fcdigkeit, Schl\u00e4frigkeit und Konzentrationsmangel bei intensiven Trainingseinheiten oder k\u00f6rperlichen Anstrengungen.<\/p>\n<p><strong>EAA-Force<\/strong> von <strong>Power-Food\u2019s J-M.B<sup>\u00ae<\/sup><\/strong> ist unentbehrlich, ob Freizeitsportler oder Leistungssportler, bei allen k\u00f6rperlichen Aktivit\u00e4ten und Sportarten, einfach ideal f\u00fcr alle (auch f\u00fcr Nichtsportler geeignet).<\/p>\n<p>&nbsp;<\/p>\n<p><strong>Gebrauch<\/strong><\/p>\n<p>An Trainingstagen nehmen Sie 2x 5 Kapseln mit einem Glas Wasser vor und w\u00e4hrend dem Training oder k\u00f6rperlichen Aktivit\u00e4ten. An Ruhetagen nehmen Sie 2x 5 Kapseln pro Tag, 5 Kapseln morgens zum Fr\u00fchst\u00fcck oder direkt n\u00fcchtern und abends 5 Kapseln vor dem Schlafengehen.<\/p>\n<p>&nbsp;<\/p>\n<p><strong>Verf\u00fcgbarkeit<\/strong><\/p>\n<p>Dose mit 300 Kapseln \/ Gewicht Net(to) 185,40 g<\/p>\n<p>&nbsp;<\/p>\n<p><strong>N\u00e4hrwerte auf 100 g:<\/strong><\/p>\n<p>Energie: 410 kcal \/ 1710,54 KJ<br \/>\nKohlenhydrate: 0 g<br \/>\nEiweiss: 100 g<br \/>\nFette: 0 g<\/p>\n<p>&nbsp;<\/p>\n<p><strong>Zusammensetzung pro 1 Kapsel:<\/strong><\/p>\n<p>L-Leucin* : 100 mg<br \/>\nL-Isoleucin* : 150 mg<br \/>\nL-Valin* : 75 mg<br \/>\nLysin hcl* : 75 mg<br \/>\nHistidin** : 20 mg<br \/>\nMethionin* : 20 mg<br \/>\nPhenylalanin* : 20 mg<br \/>\nThreonin* : 20 mg<br \/>\nTryptophan* : 20 mg<\/p>\n<p>*Amino-acides essentiel, **amino-acides semi-essentiel<\/p>\n<p>&nbsp;<\/p>\n<p><strong>Zutaten:<\/strong><\/p>\n<p>L-Leucin, L-Isoleucin, L-Valin, Lysin hcl, Histidin, Methionin, Phenylalanin, Threonin, Tryptophan, (Kapsel-Gelatine)<\/p>\n<p>&nbsp;<\/p>\n<p><strong>Ohne Aspartam, ohne Gluten, ohne Laktose, Vegetarisch<\/strong><\/p>\n<p><strong>\u00a0<\/strong><\/p>\n","protected":false},"featured_media":16751,"comment_status":"closed","ping_status":"closed","template":"","meta":[],"product_brand":[],"product_cat":[524],"product_tag":[],"class_list":{"0":"post-16752","1":"product","2":"type-product","3":"status-publish","4":"has-post-thumbnail","6":"product_cat-aminosaeuren","8":"first","9":"instock","10":"taxable","11":"shipping-taxable","12":"purchasable","13":"product-type-simple"},"bundle_layout":"","bundled_by":[],"bundled_items":[],"_links":{"self":[{"href":"https:\/\/www.powerfoodsjmb.com\/de\/wp-json\/wp\/v2\/product\/16752","targetHints":{"allow":["GET"]}}],"collection":[{"href":"https:\/\/www.powerfoodsjmb.com\/de\/wp-json\/wp\/v2\/product"}],"about":[{"href":"https:\/\/www.powerfoodsjmb.com\/de\/wp-json\/wp\/v2\/types\/product"}],"replies":[{"embeddable":true,"href":"https:\/\/www.powerfoodsjmb.com\/de\/wp-json\/wp\/v2\/comments?post=16752"}],"wp:featuredmedia":[{"embeddable":true,"href":"https:\/\/www.powerfoodsjmb.com\/de\/wp-json\/wp\/v2\/media\/16751"}],"wp:attachment":[{"href":"https:\/\/www.powerfoodsjmb.com\/de\/wp-json\/wp\/v2\/media?parent=16752"}],"wp:term":[{"taxonomy":"product_brand","embeddable":true,"href":"https:\/\/www.powerfoodsjmb.com\/de\/wp-json\/wp\/v2\/product_brand?post=16752"},{"taxonomy":"product_cat","embeddable":true,"href":"https:\/\/www.powerfoodsjmb.com\/de\/wp-json\/wp\/v2\/product_cat?post=16752"},{"taxonomy":"product_tag","embeddable":true,"href":"https:\/\/www.powerfoodsjmb.com\/de\/wp-json\/wp\/v2\/product_tag?post=16752"}],"curies":[{"name":"wp","href":"https:\/\/api.w.org\/{rel}","templated":true}]}}