{"id":16113,"date":"2019-04-26T14:22:52","date_gmt":"2019-04-26T12:22:52","guid":{"rendered":"https:\/\/www.powerfoodsjmb.com\/product\/jmb-light-protein-bar\/"},"modified":"2021-07-10T10:01:17","modified_gmt":"2021-07-10T08:01:17","slug":"jmb-light-protein-bar","status":"publish","type":"product","link":"https:\/\/www.powerfoodsjmb.com\/de\/product\/jmb-light-protein-bar\/","title":{"rendered":"J-M.B\u00ae light Protein-Bar"},"content":{"rendered":"","protected":false},"excerpt":{"rendered":"<p>Der <strong>J-M.B\u00ae Protein-Bar (Eiwei\u00dfriegel)<\/strong> von <strong>Power-Food\u2019s J-M.B\u00ae<\/strong> ist ein leckerer Proteinsnack f\u00fcr zwischendurch. Dank ausreichend <strong>hochwertigem Protein (30\u202f%)<\/strong> und wenig Fett ist er eine gute Alternative zu herk\u00f6mmlichen Schokoriegeln oder Snacks. Im Alltag ist es h\u00e4ufig ein Problem ausreichend Eiwei\u00df zu sich zu nehmen und die Energie bei der Arbeit oder beim Sport umzusetzen. Denn nur wer ausreichend Eiwei\u00df zu sich nimmt, kann auch von einem gr\u00f6\u00dferen Energieschub profitieren. Doch wer hat schon immer Zeit und Lust entsprechend zu kochen? So erhalten Sie mit den <strong>J-M.B\u00ae Protein-Bar<\/strong> mit <strong>30\u202f% Protein<\/strong> einfach und praktisch die Extraportion Eiwei\u00df, die Ihr K\u00f6rper im Alltag oder beim Sport ben\u00f6tigt. Optimal f\u00fcr alle, ob als leckere Zwischenmahlzeit, als Mahlzeitenersatz oder um einfach mal etwas S\u00fc\u00dfes (ohne schlechtes Gewissen) zu sich zu nehmen.<\/p>\n<p><strong>Gebinde:<\/strong><\/p>\n<p>1 Riegel \u00e0 50 g, Box mit 24 Riegeln<\/p>\n<p><strong>Geschmacksrichtungen:<\/strong><\/p>\n<p>Banane, Haselnuss, Kokosnuss, Mandel, Schokolade, Waldfrucht<\/p>\n","protected":false},"featured_media":16224,"comment_status":"closed","ping_status":"closed","template":"","meta":[],"product_brand":[],"product_cat":[525,514],"product_tag":[723,717,757,764,768,752,756],"class_list":{"0":"post-16113","1":"product","2":"type-product","3":"status-publish","4":"has-post-thumbnail","6":"product_cat-riegel","7":"product_cat-proteine-nahrungsergaenzungen","8":"product_tag-diaet","9":"product_tag-fitness-de","10":"product_tag-mahlzeitergaenzung","11":"product_tag-nichtsportler","12":"product_tag-power-foods-j-m-b-de","13":"product_tag-sportler","14":"product_tag-zwischenmahlzeit","16":"first","17":"instock","18":"sale","19":"taxable","20":"shipping-taxable","21":"purchasable","22":"product-type-variable"},"bundle_layout":"","bundled_by":[],"bundled_items":[],"_links":{"self":[{"href":"https:\/\/www.powerfoodsjmb.com\/de\/wp-json\/wp\/v2\/product\/16113","targetHints":{"allow":["GET"]}}],"collection":[{"href":"https:\/\/www.powerfoodsjmb.com\/de\/wp-json\/wp\/v2\/product"}],"about":[{"href":"https:\/\/www.powerfoodsjmb.com\/de\/wp-json\/wp\/v2\/types\/product"}],"replies":[{"embeddable":true,"href":"https:\/\/www.powerfoodsjmb.com\/de\/wp-json\/wp\/v2\/comments?post=16113"}],"wp:featuredmedia":[{"embeddable":true,"href":"https:\/\/www.powerfoodsjmb.com\/de\/wp-json\/wp\/v2\/media\/16224"}],"wp:attachment":[{"href":"https:\/\/www.powerfoodsjmb.com\/de\/wp-json\/wp\/v2\/media?parent=16113"}],"wp:term":[{"taxonomy":"product_brand","embeddable":true,"href":"https:\/\/www.powerfoodsjmb.com\/de\/wp-json\/wp\/v2\/product_brand?post=16113"},{"taxonomy":"product_cat","embeddable":true,"href":"https:\/\/www.powerfoodsjmb.com\/de\/wp-json\/wp\/v2\/product_cat?post=16113"},{"taxonomy":"product_tag","embeddable":true,"href":"https:\/\/www.powerfoodsjmb.com\/de\/wp-json\/wp\/v2\/product_tag?post=16113"}],"curies":[{"name":"wp","href":"https:\/\/api.w.org\/{rel}","templated":true}]}}