{"id":14100,"date":"2017-08-02T11:08:04","date_gmt":"2017-08-02T09:08:04","guid":{"rendered":"https:\/\/www.powerfoodsjmb.com\/product\/pro-tan-cheerleader-bronze\/"},"modified":"2023-02-13T22:00:39","modified_gmt":"2023-02-13T21:00:39","slug":"pro-tan-cheerleader-bronze","status":"publish","type":"product","link":"https:\/\/www.powerfoodsjmb.com\/de\/product\/pro-tan-cheerleader-bronze\/","title":{"rendered":"Pro Tan Cheerleader Bronze"},"content":{"rendered":"<p>DEIN PRODUKT F\u00dcR ZUVERL\u00c4SSIGE, NAT\u00dcRLICHE BR\u00c4UNE OHNE UV-STRAHLUNG UND RISIKEN DES SONNENBADS<\/p>\n<p>Die ultimative Selbstbr\u00e4unungsformel dieses Produkts erm\u00f6glicht es, eine tiefe, dunkle, langlebige Br\u00e4une nach nur einer einfachen Anwendung zu erreichen.<br \/>\nEntwickelt f\u00fcr S\u00e4nger, Cheerleader, T\u00e4nzer und Vorf\u00fchrungen oder auch f\u00fcr die zuverl\u00e4ssige Anwendung im Alltag, Cheerleader Bronze TM garantiert Ihnen die ultimative, nat\u00fcrlich wirkende Br\u00e4une um die Sie jeder beneiden wird.<\/p>\n<p>Das Beste daran, Ihre Br\u00e4une wird nicht verlaufen oder streifig aussehen, sie verblasst wie nat\u00fcrliche Br\u00e4une nach rund 5-7 Tagen. Die angewandte Formel in diesem Produkt st\u00f6rt eine Sonnen- oder Solarienbr\u00e4unung nicht und enth\u00e4lt aber auch keinen Sonnenschutz.<\/p>\n<p><strong>Anwendung: <\/strong>VOR GEBRAUCH GUT SCH\u00dcTTELN. Auf die gereinigte Haut auftragen, in gut gel\u00fcftetet R\u00e4umen oder im Freien verwenden. Vermeiden Sie ein auftragen unter windigen\/st\u00fcrmischen Wetterverh\u00e4ltnissen. Vermeiden Sie die Farbe einzuatmen, seien Sie vorsichtig in der Region der Augen, Lippen und Schleimh\u00e4ute. Spr\u00fchen Sie aus einem Abstand von etwa 25 Zentimeter, in horizontaler Richtung, von oben beginnend den kompletten K\u00f6rper ein. Stellen Sie sicher dass sie alle K\u00f6rperstellen gleichm\u00e4\u00dfig benetzt haben.<\/p>\n<p>Sie werden eine sofortige, leichte Br\u00e4unung feststellen, dies unterst\u00fctzt die Gleichm\u00e4\u00dfigkeit und die Br\u00e4unung wird sich in den folgenden 5-8 Stunden intensivieren. Lassen Sie die Farbe ca. 30 Minuten trocknen bevor Sie mit Kleidung oder Wasser in Kontakt kommt. F\u00fcr eine dunklere Br\u00e4unung ist die Anwendung zu wiederholen. Lassen Sie die Farbe entsprechend einziehen und duschen Sie die \u00fcbersch\u00fcssige Farbe am n\u00e4chsten Morgen mit lauwarmen Wasser, ohne Verwendung von Seife etc., ab, so erhalten Sie eine nat\u00fcrlich wirkende, gleichm\u00e4\u00dfige Br\u00e4unung.<\/p>\n<p><strong>Br\u00e4unungstips: <\/strong>Reinigen Sie Ihre Haut vor dem ersten Farbauftrag mit GET BUFFED, um eine nat\u00fcrliche, gleichm\u00e4\u00dfige Br\u00e4une zu erhalten. Der Instantfarbanteil in diesem Produkt ist so konzipiert dass er eine Schutzschicht f\u00fcr die beinhalteten Br\u00e4unungskomplexe zu bilden. Das Produkt ist so konzipiert das der Instantanteil problemlos nach circa 24 Stunden abgewaschen werden kann. Die Br\u00e4unung wird mit jedem Auftrag dunkler. Vermeiden Sie in den letzten Tagen, bevor Sie Pro Tan Competition Color auftragen, den Gebrauch von Deodorants und \u00e4hnlichen Produkten. Vermeiden Sie die Handfl\u00e4chen zu benetzen, waschen Sie diese bei Kontakt mit Wassser und Seife um eine unnat\u00fcrliche Optik zu vermeiden.<\/p>\n<p><em><strong>Warnhinweise: <\/strong>Leicht entz\u00fcndlich. Beh\u00e4lter steht unter Druck. Kann bei Erw\u00e4rmung bersten. Beh\u00e4lter nicht gewaltsam \u00f6ffnen oder verbrennen, auch nicht nach Entleerung. Vor direkter Sonneneinstrahlung sch\u00fctzen. Nicht Temperaturen \u00fcber 50 Grad aussetzen. Nicht gegen offene Flammen oder andere Z\u00fcndquellen spr\u00fchen oder in deren N\u00e4he verwenden. Von Hitze, hei\u00dfen Oberfl\u00e4chen, Funken, offenen Flammen sowie anderen Z\u00fcndquellen fernhalten. W\u00e4hrend der Benutzung nicht rauchen. Nur zur \u00e4u\u00dferlichen Anwendung. Benutzung ausschlie\u00dflich gem\u00e4\u00df Verwendungszweck. Vermeiden sie den Kontakt mit Augen und Schleimh\u00e4uten. F\u00fcr den Fall des Kontaktes mit den Augen, sp\u00fclen sie diese sorgf\u00e4ltig mit reichlich Wasser aus. Unterbrechen Sie die Anwendung falls Hautreizungen oder Hautirritationen auftreten. Direktes Einatmen vermeiden. Vors\u00e4tzlicher Mi\u00dfbrauch kann ihre Gesundheit dauerhaft sch\u00e4digen. Das Produkt ist von Kindern fern zu halten und au\u00dferhalb deren Reichweite aufzubewahren. Dieses Produkt bietet Ihnen keinen Sonnenschutz und sch\u00fctzt sie nicht vor Sonnenbrand.<\/em><\/p>\n<p><img loading=\"lazy\" decoding=\"async\" class=\"alignnone size-full wp-image-14082\" src=\"https:\/\/www.powerfoodsjmb.com\/wp-content\/uploads\/2017\/08\/Pro-Tan_Cheerleader_Bronze_Banner.jpg\" alt=\"\" width=\"800\" height=\"340\" srcset=\"https:\/\/www.powerfoodsjmb.com\/wp-content\/uploads\/2017\/08\/Pro-Tan_Cheerleader_Bronze_Banner.jpg 800w, https:\/\/www.powerfoodsjmb.com\/wp-content\/uploads\/2017\/08\/Pro-Tan_Cheerleader_Bronze_Banner-300x128.jpg 300w, https:\/\/www.powerfoodsjmb.com\/wp-content\/uploads\/2017\/08\/Pro-Tan_Cheerleader_Bronze_Banner-768x326.jpg 768w\" sizes=\"auto, (max-width: 800px) 100vw, 800px\" \/><\/p>\n","protected":false},"excerpt":{"rendered":"<p>DEIN PRODUKT F\u00dcR ZUVERL\u00c4SSIGE, NAT\u00dcRLICHE BR\u00c4UNE OHNE UV-STRAHLUNG UND RISIKEN DES SONNENBADS Die ultimative Selbstbr\u00e4unungsformel dieses Produkts erm\u00f6glicht es, eine tiefe, dunkle, langlebige Br\u00e4une nach nur einer einfachen Anwendung zu erreichen. Entwickelt f\u00fcr S\u00e4nger, Cheerleader, T\u00e4nzer und Vorf\u00fchrungen oder auch f\u00fcr die zuverl\u00e4ssige Anwendung im Alltag, Cheerleader Bronze TM garantiert Ihnen die ultimative, nat\u00fcrlich wirkende Br\u00e4une um die Sie jeder [&hellip;]<\/p>\n","protected":false},"featured_media":14093,"comment_status":"closed","ping_status":"closed","template":"","meta":[],"product_brand":[],"product_cat":[1037],"product_tag":[981,758],"class_list":{"0":"post-14100","1":"product","2":"type-product","3":"status-publish","4":"has-post-thumbnail","6":"product_cat-wettkampfartikel","7":"product_tag-pro-tan-de","8":"product_tag-wettkampf","10":"first","11":"instock","12":"taxable","13":"shipping-taxable","14":"purchasable","15":"product-type-simple"},"bundle_layout":"","bundled_by":[],"bundled_items":[],"_links":{"self":[{"href":"https:\/\/www.powerfoodsjmb.com\/de\/wp-json\/wp\/v2\/product\/14100","targetHints":{"allow":["GET"]}}],"collection":[{"href":"https:\/\/www.powerfoodsjmb.com\/de\/wp-json\/wp\/v2\/product"}],"about":[{"href":"https:\/\/www.powerfoodsjmb.com\/de\/wp-json\/wp\/v2\/types\/product"}],"replies":[{"embeddable":true,"href":"https:\/\/www.powerfoodsjmb.com\/de\/wp-json\/wp\/v2\/comments?post=14100"}],"wp:featuredmedia":[{"embeddable":true,"href":"https:\/\/www.powerfoodsjmb.com\/de\/wp-json\/wp\/v2\/media\/14093"}],"wp:attachment":[{"href":"https:\/\/www.powerfoodsjmb.com\/de\/wp-json\/wp\/v2\/media?parent=14100"}],"wp:term":[{"taxonomy":"product_brand","embeddable":true,"href":"https:\/\/www.powerfoodsjmb.com\/de\/wp-json\/wp\/v2\/product_brand?post=14100"},{"taxonomy":"product_cat","embeddable":true,"href":"https:\/\/www.powerfoodsjmb.com\/de\/wp-json\/wp\/v2\/product_cat?post=14100"},{"taxonomy":"product_tag","embeddable":true,"href":"https:\/\/www.powerfoodsjmb.com\/de\/wp-json\/wp\/v2\/product_tag?post=14100"}],"curies":[{"name":"wp","href":"https:\/\/api.w.org\/{rel}","templated":true}]}}