{"id":14098,"date":"2017-08-02T11:04:10","date_gmt":"2017-08-02T09:04:10","guid":{"rendered":"https:\/\/www.powerfoodsjmb.com\/product\/pro-tan-blow-out\/"},"modified":"2023-02-13T22:02:28","modified_gmt":"2023-02-13T21:02:28","slug":"pro-tan-blow-out","status":"publish","type":"product","link":"https:\/\/www.powerfoodsjmb.com\/de\/product\/pro-tan-blow-out\/","title":{"rendered":"Pro Tan Blow Out"},"content":{"rendered":"<p>Hot Action Pre-Training Gel<br \/>\nDurchblutungsf\u00f6rderndes Pre-Training Gel<\/p>\n<p>Blow Out Pre-Workout Gel kurbelt die Durchblutung ihre Muskulatur sofort an um den ultimativen Pump zu erleben. Eine kraftvolle Hitzewelle aktiviert unmittelbar die Muskelsensibilit\u00e4t, welche explosionsartig Reserven aktiviert, die selbst das intensivste Workout bereichern.<\/p>\n<p>Blow Out ist ein revolution\u00e4res Gel, nach dessen Anwendung wird ihr Pump nie mehr der Selbe sein.<\/p>\n<p>Vorteile:<\/p>\n<ul>\n<li>Erh\u00f6ht die Muskelausdauer, um durch Plateaus zu helfen.<\/li>\n<li>Hilft f\u00fcr eine besser Durchblutung zu sorgen da die Blutzirkulation in den behandelten Regionen erh\u00f6ht wird.<\/li>\n<li>Hilft die Vaskulosit\u00e4t zu maximieren.<\/li>\n<li>St\u00fctzt und h\u00e4lt ihren Pump l\u00e4nger aufrecht.<\/li>\n<li>Maximiert die Muskelf\u00fclle.<\/li>\n<li>Unterst\u00fctzt \u201eHigh Intensity Workouts\u201c.<\/li>\n<li>W\u00e4rmt Gelenke und Muskeln.<\/li>\n<\/ul>\n<p><strong>Achtung:<\/strong> Dieses Produkt ist ein Hardcore Produkt \u2013 lesen sie alle Anleitungen und Warnungen sorgf\u00e4ltig vor dem Gebrauch. F\u00fcr den Fall einer Unvertr\u00e4glichkeit sollten sie das Produkt erst an einer kleinen Stelle ausprobieren.<\/p>\n<p><strong>Anwendung:<\/strong> Tragen sie das Gel 5 Minuten vor ihrem Training direkt auf die gew\u00fcnschten Regionen auf und massieren sie es ein. Nach dem Auftragen unmittelbar die H\u00e4nde mit Wasser und Seife gr\u00fcndlich waschen.<\/p>\n<p><em><strong>Bitte beachten:<\/strong> Nicht empfohlen f\u00fcr den Gebrauch auf dem latissimus dorsi, hier k\u00f6nnte die W\u00e4rmeentwicklung zu intensiv sein.<\/em><\/p>\n<p><em><strong>Warnhinweis:<\/strong> Nur f\u00fcr die au\u00dfere Anwendung. Vermeiden Sie auf jeden Fall den Kontakt mit den Augen und Schleimh\u00e4uten. F\u00fcr den Fall des Kontaktes mit den Augen, sp\u00fclen sie diese sofort mit reichlich Wasser aus. Unterbrechen Sie den Gebrauch wenn unerw\u00fcnschte Hautreizungen oder Irritationen auftreten. Tragen sie das Produkt nicht auf irritierte oder gesch\u00e4digte Hautstellen auf.<\/em><\/p>\n<p><em>Dieses Produkt verursacht eine R\u00f6tung und ein Kribbeln der Haut, dieser Effekt schleicht sich nach der Anwendung allm\u00e4hlich aus. Keinesfalls im Gesicht anwenden.<\/em><br \/>\n<em> Das Produkt ist von Kindern fernzuhalten und au\u00dferhalb deren Reichweite aufzubewahren.<\/em><\/p>\n<p><em>Verwenden Sie das Produkt nicht wenn sie schwanger sind oder hohen Blutdruck haben. Das Produkt ist nicht f\u00fcr Personen unter 18 Jahren geeignet.<\/em><\/p>\n<p><em><strong>Ingredients:<\/strong> Aqua (Water\/Eau), Isopropyl Alcohol, Methyl Salicylate, PEG-400, Methyl Nicotinate, Cinnamomum Zeylanicum (Cinnamon) Leaf Oil, Menthol, Aminomethyl Propanol, Carbomer, DMDM Hydantoin, Benzyl Nicotinate, Capsicum Annuum Extract, Arginine, Carnitine, Tyrosine, Acetyl Glycyl Beta-Alanine, Taurine, Leucine, Tribulus Terrestris Extract<\/em><\/p>\n","protected":false},"excerpt":{"rendered":"<p>Hot Action Pre-Training Gel Durchblutungsf\u00f6rderndes Pre-Training Gel Blow Out Pre-Workout Gel kurbelt die Durchblutung ihre Muskulatur sofort an um den ultimativen Pump zu erleben. Eine kraftvolle Hitzewelle aktiviert unmittelbar die Muskelsensibilit\u00e4t, welche explosionsartig Reserven aktiviert, die selbst das intensivste Workout bereichern. Blow Out ist ein revolution\u00e4res Gel, nach dessen Anwendung wird ihr Pump nie mehr der Selbe sein. Vorteile: Erh\u00f6ht [&hellip;]<\/p>\n","protected":false},"featured_media":14091,"comment_status":"closed","ping_status":"closed","template":"","meta":[],"product_brand":[],"product_cat":[1037],"product_tag":[981,758],"class_list":{"0":"post-14098","1":"product","2":"type-product","3":"status-publish","4":"has-post-thumbnail","6":"product_cat-wettkampfartikel","7":"product_tag-pro-tan-de","8":"product_tag-wettkampf","10":"first","11":"instock","12":"taxable","13":"shipping-taxable","14":"purchasable","15":"product-type-simple"},"bundle_layout":"","bundled_by":[],"bundled_items":[],"_links":{"self":[{"href":"https:\/\/www.powerfoodsjmb.com\/de\/wp-json\/wp\/v2\/product\/14098","targetHints":{"allow":["GET"]}}],"collection":[{"href":"https:\/\/www.powerfoodsjmb.com\/de\/wp-json\/wp\/v2\/product"}],"about":[{"href":"https:\/\/www.powerfoodsjmb.com\/de\/wp-json\/wp\/v2\/types\/product"}],"replies":[{"embeddable":true,"href":"https:\/\/www.powerfoodsjmb.com\/de\/wp-json\/wp\/v2\/comments?post=14098"}],"wp:featuredmedia":[{"embeddable":true,"href":"https:\/\/www.powerfoodsjmb.com\/de\/wp-json\/wp\/v2\/media\/14091"}],"wp:attachment":[{"href":"https:\/\/www.powerfoodsjmb.com\/de\/wp-json\/wp\/v2\/media?parent=14098"}],"wp:term":[{"taxonomy":"product_brand","embeddable":true,"href":"https:\/\/www.powerfoodsjmb.com\/de\/wp-json\/wp\/v2\/product_brand?post=14098"},{"taxonomy":"product_cat","embeddable":true,"href":"https:\/\/www.powerfoodsjmb.com\/de\/wp-json\/wp\/v2\/product_cat?post=14098"},{"taxonomy":"product_tag","embeddable":true,"href":"https:\/\/www.powerfoodsjmb.com\/de\/wp-json\/wp\/v2\/product_tag?post=14098"}],"curies":[{"name":"wp","href":"https:\/\/api.w.org\/{rel}","templated":true}]}}