{"id":14096,"date":"2017-08-02T10:58:48","date_gmt":"2017-08-02T08:58:48","guid":{"rendered":"https:\/\/www.powerfoodsjmb.com\/product\/pro-tan-buns-of-steel\/"},"modified":"2023-02-13T21:56:13","modified_gmt":"2023-02-13T20:56:13","slug":"pro-tan-buns-of-steel","status":"publish","type":"product","link":"https:\/\/www.powerfoodsjmb.com\/de\/product\/pro-tan-buns-of-steel\/","title":{"rendered":"Pro Tan Buns of Steel"},"content":{"rendered":"<p>Mache Deinen Hintern knackig mit BUNS OF STEEL\u00b4s fortgeschrittener, wissenschaftlich entwickelter, W\u00e4rme aktivierender Formel, welche speziell entwickelt wurde um dabei zu helfen einen knackigen Hintern zu formen.<br \/>\nBUNS OF STEEL enth\u00e4lt Intenslim, dies ist eine Mischung aus Globularia Cordifolia Extrakt, Zingiber Zerumbet Extrakt und Koffein sowie Regestril und weiteren bew\u00e4hrten Wirkstoffen, die synergistisch zusammengestellt sind und die perfekte Formel f\u00fcr schnelle sp\u00fcr- und sehbare Ergebnisse liefern.<br \/>\nBUNS OF STEEL hilft die Reduktion von Cellulite, Dehnungsstreifen und subkutanem Fett zu erreichen.<\/p>\n<p><strong>Anwendung:<\/strong> Tragen Sie BUNS OF STEEL zweimal t\u00e4glich auf die betroffenen Bereiche auf und massieren sie es kr\u00e4ftig in die Haut bis es vollst\u00e4ndig absorbiert ist. F\u00fcr optimale Resultate sollte die Anwendung 15 Minuten vor dem Training, nach dem Duschen und \/ oder vor dem zu Bett gehen erfolgen. Sie werden unmittelbar nach dem Auftragen eine leichte W\u00e4rmeentwicklung wahrnehmen. Lassen Sie die Creme komplett einziehen bevor sie mit Bekleidung oder Bettw\u00e4sche in Kontakt kommen. Waschen Sie ihre H\u00e4nde unmittelbar mit Wasser und Seife nach jeder Anwendung.<\/p>\n<p><em><strong>Hinweis:<\/strong> Wir empfehlen die Anwendung von BUNS OF STEEL in Verbindung mit regelm\u00e4\u00dfigen Training und einer gesunde Ern\u00e4hrung, um maximale Ergebnisse zu erzielen.<\/em><\/p>\n<p><em><strong>Warnhinweis:<\/strong> Nur zur \u00e4u\u00dferlichen Anwendung. Vermeiden Sie den Kontakt mit den Augen. F\u00fcr den Fall eines Augenkontakts, sp\u00fclen Sie diese sofort mit klaren Wasser.<\/em><br \/>\n<em>Wenn Sie einen akute oder auch abgeheilte Hauterkrankung oder \u00fcberempfindliche Haut haben, konsultieren Sie Ihren Arzt vor Gebrauch. Beenden Sie die Anwendung, wenn Hautreizungen auftreten. Dieses Produkt kann eine R\u00f6tung und Kribbeln auf die Haut verursachen, diese Effekte werden nach dem Gebrauch allm\u00e4hlich nachlassen.<\/em><br \/>\n<em>Au\u00dferhalb der Reichweite von Kindern aufbewahren.<\/em><\/p>\n<p><img loading=\"lazy\" decoding=\"async\" class=\"alignnone size-full wp-image-14080\" src=\"https:\/\/www.powerfoodsjmb.com\/wp-content\/uploads\/2017\/08\/Pro-Tan_Buns_of_Steel_Banner.jpg\" alt=\"\" width=\"800\" height=\"327\" srcset=\"https:\/\/www.powerfoodsjmb.com\/wp-content\/uploads\/2017\/08\/Pro-Tan_Buns_of_Steel_Banner.jpg 800w, https:\/\/www.powerfoodsjmb.com\/wp-content\/uploads\/2017\/08\/Pro-Tan_Buns_of_Steel_Banner-300x123.jpg 300w, https:\/\/www.powerfoodsjmb.com\/wp-content\/uploads\/2017\/08\/Pro-Tan_Buns_of_Steel_Banner-768x314.jpg 768w\" sizes=\"auto, (max-width: 800px) 100vw, 800px\" \/><\/p>\n","protected":false},"excerpt":{"rendered":"<p>Mache Deinen Hintern knackig mit BUNS OF STEEL\u00b4s fortgeschrittener, wissenschaftlich entwickelter, W\u00e4rme aktivierender Formel, welche speziell entwickelt wurde um dabei zu helfen einen knackigen Hintern zu formen. BUNS OF STEEL enth\u00e4lt Intenslim, dies ist eine Mischung aus Globularia Cordifolia Extrakt, Zingiber Zerumbet Extrakt und Koffein sowie Regestril und weiteren bew\u00e4hrten Wirkstoffen, die synergistisch zusammengestellt sind und die perfekte Formel f\u00fcr [&hellip;]<\/p>\n","protected":false},"featured_media":14089,"comment_status":"closed","ping_status":"closed","template":"","meta":[],"product_brand":[],"product_cat":[1037],"product_tag":[981,758],"class_list":{"0":"post-14096","1":"product","2":"type-product","3":"status-publish","4":"has-post-thumbnail","6":"product_cat-wettkampfartikel","7":"product_tag-pro-tan-de","8":"product_tag-wettkampf","10":"first","11":"instock","12":"taxable","13":"shipping-taxable","14":"purchasable","15":"product-type-simple"},"bundle_layout":"","bundled_by":[],"bundled_items":[],"_links":{"self":[{"href":"https:\/\/www.powerfoodsjmb.com\/de\/wp-json\/wp\/v2\/product\/14096","targetHints":{"allow":["GET"]}}],"collection":[{"href":"https:\/\/www.powerfoodsjmb.com\/de\/wp-json\/wp\/v2\/product"}],"about":[{"href":"https:\/\/www.powerfoodsjmb.com\/de\/wp-json\/wp\/v2\/types\/product"}],"replies":[{"embeddable":true,"href":"https:\/\/www.powerfoodsjmb.com\/de\/wp-json\/wp\/v2\/comments?post=14096"}],"wp:featuredmedia":[{"embeddable":true,"href":"https:\/\/www.powerfoodsjmb.com\/de\/wp-json\/wp\/v2\/media\/14089"}],"wp:attachment":[{"href":"https:\/\/www.powerfoodsjmb.com\/de\/wp-json\/wp\/v2\/media?parent=14096"}],"wp:term":[{"taxonomy":"product_brand","embeddable":true,"href":"https:\/\/www.powerfoodsjmb.com\/de\/wp-json\/wp\/v2\/product_brand?post=14096"},{"taxonomy":"product_cat","embeddable":true,"href":"https:\/\/www.powerfoodsjmb.com\/de\/wp-json\/wp\/v2\/product_cat?post=14096"},{"taxonomy":"product_tag","embeddable":true,"href":"https:\/\/www.powerfoodsjmb.com\/de\/wp-json\/wp\/v2\/product_tag?post=14096"}],"curies":[{"name":"wp","href":"https:\/\/api.w.org\/{rel}","templated":true}]}}