{"id":14094,"date":"2017-08-02T10:54:25","date_gmt":"2017-08-02T08:54:25","guid":{"rendered":"https:\/\/www.powerfoodsjmb.com\/product\/pro-tan-abs-of-steel\/"},"modified":"2023-02-13T21:58:33","modified_gmt":"2023-02-13T20:58:33","slug":"pro-tan-abs-of-steel","status":"publish","type":"product","link":"https:\/\/www.powerfoodsjmb.com\/de\/product\/pro-tan-abs-of-steel\/","title":{"rendered":"Pro Tan Abs of Steel"},"content":{"rendered":"<p>MAXIMUM DEFINITION CREME MIT 5% KOAXEL<br \/>\nHervorheben Sie das Detail, nach dem Sie gesucht haben, mit Abs of Steel&#8217;s fortschrittlicher, hitzeaktivierter wissenschaftlicher Formel, die entwickelt wurde, um das Aussehen eines rasiermesserscharfen, steinharten Kerns zu verleihen.<\/p>\n<p>IDEAL ZUR ANWENDUNG BEI ABDOMINALS, OBLIQUES UND SERRATUS MUSKELN<\/p>\n<p>FUNKTIONEN UND VORTEILE:<\/p>\n<p>\u2713 FORTSCHRITTLICHE WISSENSCHAFTLICHE FORMEL<br \/>\n\u2713 KLINISCH GETESTETE INHALTSSTOFFE<br \/>\n\u2713 W\u00c4RMEAKTIVIERT THERMOGENETISCH<br \/>\n\u2713 KANN DEN ABBAU VON PUNKTFETT UNTERST\u00dcTZEN<br \/>\n\u2713 KANN BEI SCHNELLEM WASSERVERLUST HELFEN<br \/>\n\u2713 FORMULIERT F\u00dcR M\u00c4NNER &amp; FRAUEN<\/p>\n<p>WARUM ABS OF STEEL\u00ae?<\/p>\n<p>Abs von Steel&#8217;s Hauptwirkstoff CoAxel ist ein schnell wirkender Fatburner, der drei Wirkstoffe kombiniert, L-Carnitin, Koffein und Coenzym A, die darauf abzielen, Fett schnell zu eliminieren.<\/p>\n<p>Coenzym A und L-Carnitin induzieren eine &#8222;Einweg-Fetts\u00e4urepumpe&#8220;, um Fettzellen freizusetzen, w\u00e4hrend Koffein, ein Lipolysef\u00f6rderer, Fett und andere Lipide abbaut. In einer Studie, in der die Menschen zweimal t\u00e4glich f\u00fcr 28 Tage 5% CoAxel auftrugen, wurden 50% mehr subkutanes Fett freigesetzt und die Dicke der Hypodermis um 8,2% reduziert.<\/p>\n<p>Abs of Steel&#8217;s Knockout-Punch stammt aus einem alten chinesischen Heilkr\u00e4uter, um die Fettverbrennung durch G-Proteine zu aktivieren, die die Haut straffen und das subkutane Fett reduzieren. Glycerin, ein Kohlenhydrat, das zur Speicherung von Fetts\u00e4uren im K\u00f6rper verwendet wird, wird mit dieser Technologie zu bis zu 265% freigesetzt!<\/p>\n<p>Im Gegensatz zu thermogenen Nahrungserg\u00e4nzungsmitteln, die Ihre K\u00f6rpertemperatur und Herzfrequenz erh\u00f6hen, Ihre Schlafzyklen ver\u00e4ndern und Ihnen andere unerw\u00fcnschte und ungesunde Nebenwirkungen zuf\u00fcgen, greift Abs of Steel\u00ae das Fett durch die Haut an, so dass es keine anderen Nebenwirkungen als vor\u00fcbergehende Hitze und R\u00f6tung gibt. Ihr K\u00f6rper wird keine Toleranz aufbauen oder sich an Abs of Steel\u00ae anpassen, so dass Sie ihn nicht weiterverwenden m\u00fcssen. Abs of Steel\u00ae ist 100% sicher und wir empfehlen, es in Verbindung mit regelm\u00e4\u00dfiger Bewegung und einer gesunden Ern\u00e4hrung zu verwenden, um maximale Ergebnisse zu erzielen.<\/p>\n","protected":false},"excerpt":{"rendered":"<p>MAXIMUM DEFINITION CREME MIT 5% KOAXEL Hervorheben Sie das Detail, nach dem Sie gesucht haben, mit Abs of Steel&#8217;s fortschrittlicher, hitzeaktivierter wissenschaftlicher Formel, die entwickelt wurde, um das Aussehen eines rasiermesserscharfen, steinharten Kerns zu verleihen. IDEAL ZUR ANWENDUNG BEI ABDOMINALS, OBLIQUES UND SERRATUS MUSKELN FUNKTIONEN UND VORTEILE: \u2713 FORTSCHRITTLICHE WISSENSCHAFTLICHE FORMEL \u2713 KLINISCH GETESTETE INHALTSSTOFFE \u2713 W\u00c4RMEAKTIVIERT THERMOGENETISCH \u2713 KANN [&hellip;]<\/p>\n","protected":false},"featured_media":14087,"comment_status":"closed","ping_status":"closed","template":"","meta":[],"product_brand":[],"product_cat":[1037],"product_tag":[981,758],"class_list":{"0":"post-14094","1":"product","2":"type-product","3":"status-publish","4":"has-post-thumbnail","6":"product_cat-wettkampfartikel","7":"product_tag-pro-tan-de","8":"product_tag-wettkampf","10":"first","11":"instock","12":"taxable","13":"shipping-taxable","14":"purchasable","15":"product-type-simple"},"bundle_layout":"","bundled_by":[],"bundled_items":[],"_links":{"self":[{"href":"https:\/\/www.powerfoodsjmb.com\/de\/wp-json\/wp\/v2\/product\/14094","targetHints":{"allow":["GET"]}}],"collection":[{"href":"https:\/\/www.powerfoodsjmb.com\/de\/wp-json\/wp\/v2\/product"}],"about":[{"href":"https:\/\/www.powerfoodsjmb.com\/de\/wp-json\/wp\/v2\/types\/product"}],"replies":[{"embeddable":true,"href":"https:\/\/www.powerfoodsjmb.com\/de\/wp-json\/wp\/v2\/comments?post=14094"}],"wp:featuredmedia":[{"embeddable":true,"href":"https:\/\/www.powerfoodsjmb.com\/de\/wp-json\/wp\/v2\/media\/14087"}],"wp:attachment":[{"href":"https:\/\/www.powerfoodsjmb.com\/de\/wp-json\/wp\/v2\/media?parent=14094"}],"wp:term":[{"taxonomy":"product_brand","embeddable":true,"href":"https:\/\/www.powerfoodsjmb.com\/de\/wp-json\/wp\/v2\/product_brand?post=14094"},{"taxonomy":"product_cat","embeddable":true,"href":"https:\/\/www.powerfoodsjmb.com\/de\/wp-json\/wp\/v2\/product_cat?post=14094"},{"taxonomy":"product_tag","embeddable":true,"href":"https:\/\/www.powerfoodsjmb.com\/de\/wp-json\/wp\/v2\/product_tag?post=14094"}],"curies":[{"name":"wp","href":"https:\/\/api.w.org\/{rel}","templated":true}]}}