{"id":13783,"date":"2017-05-18T19:34:26","date_gmt":"2017-05-18T17:34:26","guid":{"rendered":"https:\/\/www.powerfoodsjmb.com\/shop\/uncategorized\/p-jentschura-wurzelkraft-alcavie\/"},"modified":"2025-01-29T07:26:29","modified_gmt":"2025-01-29T06:26:29","slug":"p-jentschura-wurzelkraft","status":"publish","type":"product","link":"https:\/\/www.powerfoodsjmb.com\/de\/product\/p-jentschura-wurzelkraft\/","title":{"rendered":"P. Jentschura WurzelKraft\u00ae"},"content":{"rendered":"<p>WurzelKraft ist ein nat\u00fcrliches pflanzliches Lebensmittel, das als Granulat angeboten wird. Es beinhaltet neben wertvollen Bl\u00fctenpollen ein Pflanzengemisch aus \u00fcber 100 Zutaten wie Fr\u00fcchten, Kr\u00e4utern, Gem\u00fcsen und Gew\u00fcrzen.<\/p>\n<p><strong>Die verfeinerte Rezeptur<\/strong><\/p>\n<p>Die neue WurzelKraft punktet durch hochwertige Zutaten aus kontrolliert \u00f6kologischem Anbau und begeistert<br \/>\ndurch ein einzigartiges Geschmackserlebnis. Die neue Mischung aus der w\u00fcrzigen und fruchtigen Variante verleiht der WurzelKraft eine einzigartig harmonische Note. Geschmacklich passt sie zu herzhaften aber auch zu s\u00fc\u00dfen Speisen und ist f\u00fcr jedes Gericht eine hochwertige und leckere Verfeinerung. Probieren Sie es selbst aus und lassen Sie sich von unseren Rezeptideen inspirieren!<\/p>\n<p><strong>Inhaltsstoffe:<\/strong><\/p>\n<p>Bl\u00fctenpollen* 32,5 %, Fr\u00fcchte 24,3 % (Apfel*, Ananas*, Mango*, Himbeeren, Heidelbeeren*, Acerolakirschen*, Orangen*, Preiselbeeren*, Brombeeren*, Aprikosen*, Orangenschalen*, Cranberries*, Zitronenschalen*), K\u00fcrbiskerne*, Lupinen*, S\u00fc\u00dfe Mandeln*, Sonnenblumenkerne*, Kr\u00e4uter 2,8 % (S\u00fc\u00dfholzwurzel*, L\u00f6wenzahnkraut*, Hopfenbl\u00fcten*, Buchweizenkraut*, Galgantwurzel*, B\u00e4rlauchkraut*, Brennnesselbl\u00e4tter*, Flohsamen*, Liebst\u00f6ckelbl\u00e4tter*, Rosmarinbl\u00e4tter*, Thymian*, Ysopkraut*, Estragonbl\u00e4tter*, Eukalyptusbl\u00e4tter*, Melissenbl\u00e4tter*, Schachtelhalmkraut*, Schafgarbenkraut*, Weinbl\u00e4tter gr\u00fcn*, Artischockenkraut*, Basilikum*, Bohnenkraut*, Brunnenkresse*, Dillspitzen*, Eisenkrautbl\u00e4tter duftend*, Holunderbl\u00fcten*, Johannisbeerbl\u00e4tter*, Lavendelbl\u00fcten*, Lindenbl\u00e4tter*, Lindenbl\u00fcten silber*, Lungenkraut*, Melissenkraut*, Orangenbl\u00e4tter*, Quendelkraut*, Brennnesselkraut*, Brombeerbl\u00e4tter*, Erdbeerbl\u00e4tter*, Himbeerbl\u00e4tter*, Kapuzinerkressekraut*, Lemongras*, Maishaare*, Majoran*, Rosenbl\u00fctenbl\u00e4tter rosa*, Selleriebl\u00e4tter*, Tausendg\u00fcldenkraut*, Kerbelbl\u00e4tter*), Buchweizen*, Hirse*, Waln\u00fcsse*, Erdmandeln*, Gem\u00fcse 1,6 % (Rote Bete*, Kohlbl\u00e4tter*, Linsen rot*, Karotten*, Rettich schwarz*, Zucchini*, Spargel*, Kichererbsen*, Bohnen*, Brokkoli*, Meerrettichwurzel*, Spinat*, Zwiebeln*), Gew\u00fcrze*, Topinambur*, Amarant*, Hagebutten*, Granatapfelkerne*, Pistazien*<\/p>\n<p><em>*Zutat aus \u00f6kologischem\/biologischem Anbau<\/em><\/p>\n<p><strong>Die Vielfalt der Natur ist grenzenlos und unersetzlich!<\/strong><\/p>\n<p>Die Pflanze steht dem Menschen seit Urzeiten als lebendige Nahrung zur Verf\u00fcgung. \u00dcber Jahrtausende hat sich unser Organismus der Natur folgend entwickelt und sich an eine pflanzlich betonte Ern\u00e4hrung angepasst. Jede Pflanze ist f\u00fcr sich alleine wertvoll. Jede besitzt aber nur ihre arttypischen Inhaltsstoffe. Erst die gezielte Kombination vieler Pflanzen liefert uns die ganze F\u00fclle der Pflanzenwelt. Deshalb sind in WurzelKraft mehr als 100 ausgew\u00e4hlte Pflanzen zu einer genialen Mischung kombiniert.<\/p>\n","protected":false},"excerpt":{"rendered":"<p>WurzelKraft ist ein nat\u00fcrliches pflanzliches Lebensmittel, das als Granulat angeboten wird. Es beinhaltet neben wertvollen Bl\u00fctenpollen ein Pflanzengemisch aus \u00fcber 100 Zutaten wie Fr\u00fcchten, Kr\u00e4utern, Gem\u00fcsen und Gew\u00fcrzen. Die verfeinerte Rezeptur Die neue WurzelKraft punktet durch hochwertige Zutaten aus kontrolliert \u00f6kologischem Anbau und begeistert durch ein einzigartiges Geschmackserlebnis. Die neue Mischung aus der w\u00fcrzigen und fruchtigen Variante verleiht der WurzelKraft [&hellip;]<\/p>\n","protected":false},"featured_media":18402,"comment_status":"closed","ping_status":"closed","template":"","meta":[],"product_brand":[],"product_cat":[531],"product_tag":[1015],"class_list":{"0":"post-13783","1":"product","2":"type-product","3":"status-publish","4":"has-post-thumbnail","6":"product_cat-wohlbefinden-gesundheit","7":"product_tag-p-jentschura-de","9":"first","10":"instock","11":"taxable","12":"shipping-taxable","13":"purchasable","14":"product-type-simple"},"bundle_layout":"","bundled_by":[],"bundled_items":[],"_links":{"self":[{"href":"https:\/\/www.powerfoodsjmb.com\/de\/wp-json\/wp\/v2\/product\/13783","targetHints":{"allow":["GET"]}}],"collection":[{"href":"https:\/\/www.powerfoodsjmb.com\/de\/wp-json\/wp\/v2\/product"}],"about":[{"href":"https:\/\/www.powerfoodsjmb.com\/de\/wp-json\/wp\/v2\/types\/product"}],"replies":[{"embeddable":true,"href":"https:\/\/www.powerfoodsjmb.com\/de\/wp-json\/wp\/v2\/comments?post=13783"}],"wp:featuredmedia":[{"embeddable":true,"href":"https:\/\/www.powerfoodsjmb.com\/de\/wp-json\/wp\/v2\/media\/18402"}],"wp:attachment":[{"href":"https:\/\/www.powerfoodsjmb.com\/de\/wp-json\/wp\/v2\/media?parent=13783"}],"wp:term":[{"taxonomy":"product_brand","embeddable":true,"href":"https:\/\/www.powerfoodsjmb.com\/de\/wp-json\/wp\/v2\/product_brand?post=13783"},{"taxonomy":"product_cat","embeddable":true,"href":"https:\/\/www.powerfoodsjmb.com\/de\/wp-json\/wp\/v2\/product_cat?post=13783"},{"taxonomy":"product_tag","embeddable":true,"href":"https:\/\/www.powerfoodsjmb.com\/de\/wp-json\/wp\/v2\/product_tag?post=13783"}],"curies":[{"name":"wp","href":"https:\/\/api.w.org\/{rel}","templated":true}]}}