{"id":12854,"date":"2016-09-22T12:24:40","date_gmt":"2016-09-22T10:24:40","guid":{"rendered":"https:\/\/www.powerfoodsjmb.com\/de\/shop\/uncategorized\/pro-tan-show-shine\/"},"modified":"2023-02-13T13:35:53","modified_gmt":"2023-02-13T12:35:53","slug":"pro-tan-show-shine","status":"publish","type":"product","link":"https:\/\/www.powerfoodsjmb.com\/de\/product\/pro-tan-show-shine\/","title":{"rendered":"Pro Tan SHOW SHINE\u00ae ULTRA-LIGHT POSING OIL"},"content":{"rendered":"<p>ULTRA-LEICHTES POSING\u00d6L MIT MAXIMALEM DEFINITION<\/p>\n<p>Show Shine\u00ae wurde exklusiv f\u00fcr warmes Licht entwickelt und hebt Ihre wahre Muskeldefinition hervor, eliminiert blinde Flecken, die durch das Licht entstehen, und erm\u00f6glicht es den Richtern, alles zu sch\u00e4tzen, wof\u00fcr Sie gearbeitet haben.<\/p>\n<p>Show Shine\u00ae ist perfekt f\u00fcr Bikini-, Bodybuilding-, Fitness- und Physik-Wettbewerber gleicherma\u00dfen geeignet und kann auch t\u00e4glich nach der Dusche oder dem Bad angewendet werden, um Ihre Haut gesund und vital zu halten.<\/p>\n<p>FUNKTIONEN UND VORTEILE:<br \/>\n\u2713 WURDE AUSSCHLIE\u00dfLICH F\u00dcR HELLE LICHTER ENTWICKELT<br \/>\n\u2713 ULTRA-LEICHTES POSING\u00d6L<br \/>\n\u2713 FORMULIERT MIT NAT\u00dcRLICHEN \u00d6LEN<\/p>\n","protected":false},"excerpt":{"rendered":"<p>ULTRA-LEICHTES POSING\u00d6L MIT MAXIMALEM DEFINITION Show Shine\u00ae wurde exklusiv f\u00fcr warmes Licht entwickelt und hebt Ihre wahre Muskeldefinition hervor, eliminiert blinde Flecken, die durch das Licht entstehen, und erm\u00f6glicht es den Richtern, alles zu sch\u00e4tzen, wof\u00fcr Sie gearbeitet haben. Show Shine\u00ae ist perfekt f\u00fcr Bikini-, Bodybuilding-, Fitness- und Physik-Wettbewerber gleicherma\u00dfen geeignet und kann auch t\u00e4glich nach der Dusche oder dem [&hellip;]<\/p>\n","protected":false},"featured_media":12828,"comment_status":"closed","ping_status":"closed","template":"","meta":[],"product_brand":[],"product_cat":[1037],"product_tag":[981,758],"class_list":{"0":"post-12854","1":"product","2":"type-product","3":"status-publish","4":"has-post-thumbnail","6":"product_cat-wettkampfartikel","7":"product_tag-pro-tan-de","8":"product_tag-wettkampf","10":"first","11":"instock","12":"taxable","13":"shipping-taxable","14":"purchasable","15":"product-type-simple"},"bundle_layout":"","bundled_by":[],"bundled_items":[],"_links":{"self":[{"href":"https:\/\/www.powerfoodsjmb.com\/de\/wp-json\/wp\/v2\/product\/12854","targetHints":{"allow":["GET"]}}],"collection":[{"href":"https:\/\/www.powerfoodsjmb.com\/de\/wp-json\/wp\/v2\/product"}],"about":[{"href":"https:\/\/www.powerfoodsjmb.com\/de\/wp-json\/wp\/v2\/types\/product"}],"replies":[{"embeddable":true,"href":"https:\/\/www.powerfoodsjmb.com\/de\/wp-json\/wp\/v2\/comments?post=12854"}],"wp:featuredmedia":[{"embeddable":true,"href":"https:\/\/www.powerfoodsjmb.com\/de\/wp-json\/wp\/v2\/media\/12828"}],"wp:attachment":[{"href":"https:\/\/www.powerfoodsjmb.com\/de\/wp-json\/wp\/v2\/media?parent=12854"}],"wp:term":[{"taxonomy":"product_brand","embeddable":true,"href":"https:\/\/www.powerfoodsjmb.com\/de\/wp-json\/wp\/v2\/product_brand?post=12854"},{"taxonomy":"product_cat","embeddable":true,"href":"https:\/\/www.powerfoodsjmb.com\/de\/wp-json\/wp\/v2\/product_cat?post=12854"},{"taxonomy":"product_tag","embeddable":true,"href":"https:\/\/www.powerfoodsjmb.com\/de\/wp-json\/wp\/v2\/product_tag?post=12854"}],"curies":[{"name":"wp","href":"https:\/\/api.w.org\/{rel}","templated":true}]}}