{"id":12850,"date":"2016-09-22T12:20:57","date_gmt":"2016-09-22T10:20:57","guid":{"rendered":"https:\/\/www.powerfoodsjmb.com\/de\/shop\/uncategorized\/pro-tan-get-buffed\/"},"modified":"2023-02-13T13:31:39","modified_gmt":"2023-02-13T12:31:39","slug":"pro-tan-get-buffed","status":"publish","type":"product","link":"https:\/\/www.powerfoodsjmb.com\/de\/product\/pro-tan-get-buffed\/","title":{"rendered":"Pro Tan GET BUFFED\u00ae PRE-TAN BODY SCRUB"},"content":{"rendered":"<p>PRE-TAN BODY SCRUB UND SKIN BALANCING EXFOLIATOR<\/p>\n<p>Eine perfekte Br\u00e4une beginnt mit Get Buffed\u00ae Pre-Tan Body Scrub. Entwickelt mit nat\u00fcrlichen Peelings, Pflanzenextrakten und Vitaminen, die ausschlie\u00dflich darauf ausgelegt sind, Ihr sonnenloses Br\u00e4unungsergebnis zu maximieren und zu verbessern und gleichzeitig den pH-Wert Ihrer Haut auszugleichen.<\/p>\n<p>FUNKTIONEN UND VORTEILE:<br \/>\n\u2713 NAT\u00dcRLICHES PEELING<br \/>\n\u2713 VERBESSERT DIE ERGEBNISSE DER SONNENLOSEN BR\u00c4UNUNG<br \/>\n\u2713 GLEICHT DEN PH-WERT DER HAUT AUS.<br \/>\n\u2713 FORMULIERT MIT PFLANZENEXTRAKTEN UND VITAMINEN<\/p>\n","protected":false},"excerpt":{"rendered":"<p>PRE-TAN BODY SCRUB UND SKIN BALANCING EXFOLIATOR Eine perfekte Br\u00e4une beginnt mit Get Buffed\u00ae Pre-Tan Body Scrub. Entwickelt mit nat\u00fcrlichen Peelings, Pflanzenextrakten und Vitaminen, die ausschlie\u00dflich darauf ausgelegt sind, Ihr sonnenloses Br\u00e4unungsergebnis zu maximieren und zu verbessern und gleichzeitig den pH-Wert Ihrer Haut auszugleichen. FUNKTIONEN UND VORTEILE: \u2713 NAT\u00dcRLICHES PEELING \u2713 VERBESSERT DIE ERGEBNISSE DER SONNENLOSEN BR\u00c4UNUNG \u2713 GLEICHT DEN [&hellip;]<\/p>\n","protected":false},"featured_media":12816,"comment_status":"closed","ping_status":"closed","template":"","meta":[],"product_brand":[],"product_cat":[1037],"product_tag":[981,758],"class_list":{"0":"post-12850","1":"product","2":"type-product","3":"status-publish","4":"has-post-thumbnail","6":"product_cat-wettkampfartikel","7":"product_tag-pro-tan-de","8":"product_tag-wettkampf","10":"first","11":"instock","12":"taxable","13":"shipping-taxable","14":"purchasable","15":"product-type-simple"},"bundle_layout":"","bundled_by":[],"bundled_items":[],"_links":{"self":[{"href":"https:\/\/www.powerfoodsjmb.com\/de\/wp-json\/wp\/v2\/product\/12850","targetHints":{"allow":["GET"]}}],"collection":[{"href":"https:\/\/www.powerfoodsjmb.com\/de\/wp-json\/wp\/v2\/product"}],"about":[{"href":"https:\/\/www.powerfoodsjmb.com\/de\/wp-json\/wp\/v2\/types\/product"}],"replies":[{"embeddable":true,"href":"https:\/\/www.powerfoodsjmb.com\/de\/wp-json\/wp\/v2\/comments?post=12850"}],"wp:featuredmedia":[{"embeddable":true,"href":"https:\/\/www.powerfoodsjmb.com\/de\/wp-json\/wp\/v2\/media\/12816"}],"wp:attachment":[{"href":"https:\/\/www.powerfoodsjmb.com\/de\/wp-json\/wp\/v2\/media?parent=12850"}],"wp:term":[{"taxonomy":"product_brand","embeddable":true,"href":"https:\/\/www.powerfoodsjmb.com\/de\/wp-json\/wp\/v2\/product_brand?post=12850"},{"taxonomy":"product_cat","embeddable":true,"href":"https:\/\/www.powerfoodsjmb.com\/de\/wp-json\/wp\/v2\/product_cat?post=12850"},{"taxonomy":"product_tag","embeddable":true,"href":"https:\/\/www.powerfoodsjmb.com\/de\/wp-json\/wp\/v2\/product_tag?post=12850"}],"curies":[{"name":"wp","href":"https:\/\/api.w.org\/{rel}","templated":true}]}}