{"id":12060,"date":"2016-03-22T10:40:46","date_gmt":"2016-03-04T09:40:46","guid":{"rendered":"https:\/\/www.powerfoodsjmb.com\/de\/shop\/uncategorized\/trisportz-elastique-pour-easyballz\/"},"modified":"2021-01-02T18:23:33","modified_gmt":"2021-01-02T17:23:33","slug":"nongripballz-gummiband","status":"publish","type":"product","link":"https:\/\/www.powerfoodsjmb.com\/de\/product\/nongripballz-gummiband\/","title":{"rendered":"nongripballZ\u00ae Gummiband"},"content":{"rendered":"","protected":false},"excerpt":{"rendered":"<p><span style=\"color: #ff0000;\">Ab sofort sind wir der Exklusiv-Wiederverk\u00e4ufer von nongripballZ\u00ae Produkten f\u00fcr Luxemburg! F\u00fcr weitere Informationen k\u00f6nnen Sie uns jederzeit kontaktieren!<\/span><\/p>\n[youtube id=\"XqWZ7QGdyHs\"]\n<p>Um mit den <a href=\"https:\/\/www.powerfoodsjmb.com\/de\/product\/nongripballz-single\/\">nongripballZ\u00ae single<\/a> oder <a href=\"https:\/\/www.powerfoodsjmb.com\/de\/product\/nongripballz-double\/\">nongripballZ\u00ae double<\/a> zu Hause zu trainieren, ist dieses Gummiband unabk\u00f6mmlich.<\/p>\n<p>Nutze die vielf\u00e4ltigen M\u00f6glichkeiten, die Du mit den B\u00e4ndern erreichen kannst aufgrund der NICHT ORTSGEBUNDENEN Einsatzvielfalt. Egal ob zu Hause oder unterwegs, im Hotel oder Park; der Einsatzvielfalt, Deiner Kreativit\u00e4t und unseren vielen Vorschl\u00e4gen sind keine Grenzen gesetzt!<\/p>\n<p>Unterschiedliche Zugst\u00e4rken, in Farben unterteilt, sind auch genau auf Deinen Trainingsstand ausgelegt.<\/p>\n<p><span style=\"text-decoration: underline;\">Hierbei liegt die Farbe:<\/span><\/p>\n<ul>\n<li>Gelb (leicht)<\/li>\n<li>Gr\u00fcn (mittel)<\/li>\n<li>Rot (stark)<\/li>\n<\/ul>\n<p>Videos: <a href=\"https:\/\/www.youtube.com\/channel\/UCD38S44tXHLxCpdyQE4WDcg\/videos\" target=\"_blank\" rel=\"noopener noreferrer\">YouTube<\/a><\/p>\n<p><strong>Downloads:<\/strong><\/p>\n<ul>\n<li><a href=\"https:\/\/www.powerfoodsjmb.com\/downloads\/ngB\/ngB_Trainingsanleitung_Auflage-2019.pdf\" target=\"_blank\" rel=\"noopener noreferrer\">ngB Trainingsanleitung<\/a><\/li>\n<li><a href=\"https:\/\/www.powerfoodsjmb.com\/downloads\/ngB\/ngB_Homeworkout-2019.pdf\" target=\"_blank\" rel=\"noopener noreferrer\">ngB Homeworkout<\/a><\/li>\n<li><a href=\"https:\/\/www.powerfoodsjmb.com\/downloads\/ngB\/ngB_Powerworkout-2019.pdf\" target=\"_blank\" rel=\"noopener noreferrer\">ngB Powerworkout<\/a><\/li>\n<\/ul>\n","protected":false},"featured_media":12046,"comment_status":"closed","ping_status":"closed","template":"","meta":[],"product_brand":[],"product_cat":[936],"product_tag":[1150],"class_list":{"0":"post-12060","1":"product","2":"type-product","3":"status-publish","4":"has-post-thumbnail","6":"product_cat-nongripballz-und-zubehoer","7":"product_tag-nongripballz-de","9":"first","10":"instock","11":"taxable","12":"shipping-taxable","13":"purchasable","14":"product-type-variable"},"bundle_layout":"","bundled_by":[],"bundled_items":[],"_links":{"self":[{"href":"https:\/\/www.powerfoodsjmb.com\/de\/wp-json\/wp\/v2\/product\/12060","targetHints":{"allow":["GET"]}}],"collection":[{"href":"https:\/\/www.powerfoodsjmb.com\/de\/wp-json\/wp\/v2\/product"}],"about":[{"href":"https:\/\/www.powerfoodsjmb.com\/de\/wp-json\/wp\/v2\/types\/product"}],"replies":[{"embeddable":true,"href":"https:\/\/www.powerfoodsjmb.com\/de\/wp-json\/wp\/v2\/comments?post=12060"}],"wp:featuredmedia":[{"embeddable":true,"href":"https:\/\/www.powerfoodsjmb.com\/de\/wp-json\/wp\/v2\/media\/12046"}],"wp:attachment":[{"href":"https:\/\/www.powerfoodsjmb.com\/de\/wp-json\/wp\/v2\/media?parent=12060"}],"wp:term":[{"taxonomy":"product_brand","embeddable":true,"href":"https:\/\/www.powerfoodsjmb.com\/de\/wp-json\/wp\/v2\/product_brand?post=12060"},{"taxonomy":"product_cat","embeddable":true,"href":"https:\/\/www.powerfoodsjmb.com\/de\/wp-json\/wp\/v2\/product_cat?post=12060"},{"taxonomy":"product_tag","embeddable":true,"href":"https:\/\/www.powerfoodsjmb.com\/de\/wp-json\/wp\/v2\/product_tag?post=12060"}],"curies":[{"name":"wp","href":"https:\/\/api.w.org\/{rel}","templated":true}]}}