{"id":12057,"date":"2016-03-22T10:05:38","date_gmt":"2016-03-04T09:05:38","guid":{"rendered":"https:\/\/www.powerfoodsjmb.com\/de\/shop\/uncategorized\/trisportz-easyringz\/"},"modified":"2021-01-02T18:25:09","modified_gmt":"2021-01-02T17:25:09","slug":"nongripballz-ringz","status":"publish","type":"product","link":"https:\/\/www.powerfoodsjmb.com\/de\/product\/nongripballz-ringz\/","title":{"rendered":"nongripballZ\u00ae ringZ"},"content":{"rendered":"","protected":false},"excerpt":{"rendered":"<p><span style=\"color: #ff0000;\">Ab sofort sind wir der Exklusiv-Wiederverk\u00e4ufer von nongripballZ\u00ae Produkten f\u00fcr Luxemburg! F\u00fcr weitere Informationen k\u00f6nnen Sie uns jederzeit kontaktieren!<\/span><\/p>\n[youtube id=\"-_j51mQsKhs\"]\n<p>Sind unerl\u00e4sslich bei der Benutzung der <a href=\"https:\/\/www.powerfoodsjmb.com\/de\/product\/nongripballz-single\/\">nongripballZ\u00ae single<\/a> und <a href=\"https:\/\/www.powerfoodsjmb.com\/de\/product\/nongripballz-double\/\">nongripballZ\u00ae double<\/a> bei physiotherapeutischen \u00dcbungen!<\/p>\n<p>Die ringZ wirken entlastend und schonend bei der Benutzung der nongripballZ\u00ae bei physiotherapeutischen \u00dcbungen!<\/p>\n<p>Die vergr\u00f6\u00dferte Druckfl\u00e4che verringert die Belastung der Fingergrundgelenke (Rheuma). Dadurch ergibt sich eine h\u00f6here Konzentration auf das Gewicht.<\/p>\n<p><strong>Lieferumfang:<\/strong><\/p>\n<ul>\n<li>3x nongripballZ\u00ae ringZ<\/li>\n<\/ul>\n<p>Videos: <a href=\"https:\/\/www.youtube.com\/channel\/UCD38S44tXHLxCpdyQE4WDcg\/videos\" target=\"_blank\" rel=\"noopener noreferrer\">YouTube<\/a><\/p>\n<p><strong>Downloads:<\/strong><\/p>\n<ul>\n<li><a href=\"https:\/\/www.powerfoodsjmb.com\/downloads\/ngB\/ngB_Trainingsanleitung_Auflage-2019.pdf\" target=\"_blank\" rel=\"noopener noreferrer\">ngB Trainingsanleitung<\/a><\/li>\n<li><a href=\"https:\/\/www.powerfoodsjmb.com\/downloads\/ngB\/ngB_Homeworkout-2019.pdf\" target=\"_blank\" rel=\"noopener noreferrer\">ngB Homeworkout<\/a><\/li>\n<li><a href=\"https:\/\/www.powerfoodsjmb.com\/downloads\/ngB\/ngB_Powerworkout-2019.pdf\" target=\"_blank\" rel=\"noopener noreferrer\">ngB Powerworkout<\/a><\/li>\n<\/ul>\n","protected":false},"featured_media":12042,"comment_status":"closed","ping_status":"closed","template":"","meta":[],"product_brand":[],"product_cat":[936],"product_tag":[1150],"class_list":{"0":"post-12057","1":"product","2":"type-product","3":"status-publish","4":"has-post-thumbnail","6":"product_cat-nongripballz-und-zubehoer","7":"product_tag-nongripballz-de","9":"first","10":"instock","11":"taxable","12":"shipping-taxable","13":"purchasable","14":"product-type-simple"},"bundle_layout":"","bundled_by":[],"bundled_items":[],"_links":{"self":[{"href":"https:\/\/www.powerfoodsjmb.com\/de\/wp-json\/wp\/v2\/product\/12057","targetHints":{"allow":["GET"]}}],"collection":[{"href":"https:\/\/www.powerfoodsjmb.com\/de\/wp-json\/wp\/v2\/product"}],"about":[{"href":"https:\/\/www.powerfoodsjmb.com\/de\/wp-json\/wp\/v2\/types\/product"}],"replies":[{"embeddable":true,"href":"https:\/\/www.powerfoodsjmb.com\/de\/wp-json\/wp\/v2\/comments?post=12057"}],"wp:featuredmedia":[{"embeddable":true,"href":"https:\/\/www.powerfoodsjmb.com\/de\/wp-json\/wp\/v2\/media\/12042"}],"wp:attachment":[{"href":"https:\/\/www.powerfoodsjmb.com\/de\/wp-json\/wp\/v2\/media?parent=12057"}],"wp:term":[{"taxonomy":"product_brand","embeddable":true,"href":"https:\/\/www.powerfoodsjmb.com\/de\/wp-json\/wp\/v2\/product_brand?post=12057"},{"taxonomy":"product_cat","embeddable":true,"href":"https:\/\/www.powerfoodsjmb.com\/de\/wp-json\/wp\/v2\/product_cat?post=12057"},{"taxonomy":"product_tag","embeddable":true,"href":"https:\/\/www.powerfoodsjmb.com\/de\/wp-json\/wp\/v2\/product_tag?post=12057"}],"curies":[{"name":"wp","href":"https:\/\/api.w.org\/{rel}","templated":true}]}}