{"id":12052,"date":"2016-03-22T09:46:29","date_gmt":"2016-03-02T08:46:29","guid":{"rendered":"https:\/\/www.powerfoodsjmb.com\/de\/shop\/uncategorized\/trisportz-easyballz-single\/"},"modified":"2021-01-02T18:27:23","modified_gmt":"2021-01-02T17:27:23","slug":"nongripballz-single","status":"publish","type":"product","link":"https:\/\/www.powerfoodsjmb.com\/de\/product\/nongripballz-single\/","title":{"rendered":"nongripballZ\u00ae single"},"content":{"rendered":"","protected":false},"excerpt":{"rendered":"<p><span style=\"color: #ff0000;\">Ab sofort sind wir der Exklusiv-Wiederverk\u00e4ufer von nongripballZ\u00ae Produkten f\u00fcr Luxemburg! F\u00fcr weitere Informationen k\u00f6nnen Sie uns jederzeit kontaktieren!<\/span><\/p>\n[youtube id=\"__n7zFqi9nc\"]\n<p>Mit dem nongripballZ\u00ae single trainiert man effektiv und gelenkschonend den Bizeps\/Trizeps sowie die Schulter.<\/p>\n<p>Die nongripballZ\u00ae werden in Deutschland hergestellt.<\/p>\n<p><strong>Lieferumfang:<\/strong><\/p>\n<ul>\n<li>nongripballZ\u00ae single<\/li>\n<li>Karabinerhaken<\/li>\n<li>Anwendungswegweiser<\/li>\n<li>6-seitige ausf\u00fchrliche Erkl\u00e4rung<\/li>\n<\/ul>\n<p>Videos: <a href=\"https:\/\/www.youtube.com\/channel\/UCD38S44tXHLxCpdyQE4WDcg\/videos\" target=\"_blank\" rel=\"noopener noreferrer\">YouTube<\/a><\/p>\n<p><strong>Downloads:<\/strong><\/p>\n<ul>\n<li><a href=\"https:\/\/www.powerfoodsjmb.com\/downloads\/ngB\/ngB_Trainingsanleitung_Auflage-2019.pdf\" target=\"_blank\" rel=\"noopener noreferrer\">ngB Trainingsanleitung<\/a><\/li>\n<li><a href=\"https:\/\/www.powerfoodsjmb.com\/downloads\/ngB\/ngB_Homeworkout-2019.pdf\" target=\"_blank\" rel=\"noopener noreferrer\">ngB Homeworkout<\/a><\/li>\n<li><a href=\"https:\/\/www.powerfoodsjmb.com\/downloads\/ngB\/ngB_Powerworkout-2019.pdf\" target=\"_blank\" rel=\"noopener noreferrer\">ngB Powerworkout<\/a><\/li>\n<\/ul>\n","protected":false},"featured_media":12027,"comment_status":"closed","ping_status":"closed","template":"","meta":[],"product_brand":[],"product_cat":[936],"product_tag":[1150],"class_list":{"0":"post-12052","1":"product","2":"type-product","3":"status-publish","4":"has-post-thumbnail","6":"product_cat-nongripballz-und-zubehoer","7":"product_tag-nongripballz-de","9":"first","10":"instock","11":"taxable","12":"shipping-taxable","13":"purchasable","14":"product-type-simple"},"bundle_layout":"","bundled_by":[],"bundled_items":[],"_links":{"self":[{"href":"https:\/\/www.powerfoodsjmb.com\/de\/wp-json\/wp\/v2\/product\/12052","targetHints":{"allow":["GET"]}}],"collection":[{"href":"https:\/\/www.powerfoodsjmb.com\/de\/wp-json\/wp\/v2\/product"}],"about":[{"href":"https:\/\/www.powerfoodsjmb.com\/de\/wp-json\/wp\/v2\/types\/product"}],"replies":[{"embeddable":true,"href":"https:\/\/www.powerfoodsjmb.com\/de\/wp-json\/wp\/v2\/comments?post=12052"}],"wp:featuredmedia":[{"embeddable":true,"href":"https:\/\/www.powerfoodsjmb.com\/de\/wp-json\/wp\/v2\/media\/12027"}],"wp:attachment":[{"href":"https:\/\/www.powerfoodsjmb.com\/de\/wp-json\/wp\/v2\/media?parent=12052"}],"wp:term":[{"taxonomy":"product_brand","embeddable":true,"href":"https:\/\/www.powerfoodsjmb.com\/de\/wp-json\/wp\/v2\/product_brand?post=12052"},{"taxonomy":"product_cat","embeddable":true,"href":"https:\/\/www.powerfoodsjmb.com\/de\/wp-json\/wp\/v2\/product_cat?post=12052"},{"taxonomy":"product_tag","embeddable":true,"href":"https:\/\/www.powerfoodsjmb.com\/de\/wp-json\/wp\/v2\/product_tag?post=12052"}],"curies":[{"name":"wp","href":"https:\/\/api.w.org\/{rel}","templated":true}]}}