{"id":11281,"date":"2015-11-10T14:56:27","date_gmt":"2015-11-10T13:56:27","guid":{"rendered":"https:\/\/www.powerfoodsjmb.com\/de\/jean-marie-bermer\/"},"modified":"2023-11-18T17:19:54","modified_gmt":"2023-11-18T16:19:54","slug":"jean-marie-bermer","status":"publish","type":"page","link":"https:\/\/www.powerfoodsjmb.com\/de\/jean-marie-bermer\/","title":{"rendered":"Jean-Marie Bermer"},"content":{"rendered":"[spb_row wrap_type=&#8220;content-width&#8220; row_bg_type=&#8220;color&#8220; color_row_height=&#8220;content-height&#8220; bg_type=&#8220;cover&#8220; parallax_image_height=&#8220;content-height&#8220; parallax_image_movement=&#8220;fixed&#8220; parallax_image_speed=&#8220;0.5&#8243; parallax_video_height=&#8220;window-height&#8220; parallax_video_overlay=&#8220;none&#8220; row_overlay_opacity=&#8220;0&#8243; row_padding_vertical=&#8220;0&#8243; row_padding_horizontal=&#8220;0&#8243; row_margin_vertical=&#8220;0&#8243; remove_element_spacing=&#8220;yes&#8220; vertical_center=&#8220;true&#8220; inner_column_height=&#8220;col-natural&#8220; row_expanding=&#8220;no&#8220; width=&#8220;1\/1&#8243; el_position=&#8220;first last&#8220;] [spb_column width=&#8220;2\/3&#8243; el_position=&#8220;first&#8220;] [spb_text_block pb_margin_bottom=&#8220;no&#8220; pb_border_bottom=&#8220;no&#8220; width=&#8220;1\/1&#8243; el_position=&#8220;first last&#8220;]\n<p>Als diplomierter Ern\u00e4hrungsberater, diplomierter Experte f\u00fcr Sportern\u00e4hrung, diplomierter Trainer, diplo- mierter NGB Master Instruktor f\u00fcr Sport und Physio, diplomierter Wettkampf Vorbereiter (aller Sportarten) und zertifizierter Gesundheitsberater In-Body, gibt er seinen hohen Anspruch an Qualit\u00e4t und Leistung von Nahrungserg\u00e4nzungsprodukten, Ern\u00e4hrung, Training, Gesundheit, Vitalit\u00e4t und besserem Wohlbefinden an Sie weiter.<\/p>\n<p><strong>Erfolge:<\/strong><\/p>\n<ul>\n<li>Mehrfacher Luxemburger Meister (IFBB-WABBA-NAC)<\/li>\n<li>Mister Esch (IFBB)<\/li>\n<li>Vizemeister beim Grand Prix d\u2019Europe (WABBA)<\/li>\n<li>Finalplatz beim Weider-Cup (IFBB)<\/li>\n<li>2x Finalplatz bei internationalen deutschen Meisterschaften (WABBA-NAC)<\/li>\n<li>3x Finalplatz bei den Weltmeisterschaften (WABBA-NAC)<\/li>\n<li>2x Top 10 bei der Mister Universum (NAC)<\/li>\n<li>Finalplatz (Paare) bei der Weltmeisterschaft (WABBA)<\/li>\n<li>Finalplatz (Paare) bei der Mr-Mrs Universum (NAC)<\/li>\n<li>Finalplatz bei der Europameisterschaft (WABBA)<\/li>\n<li>Vize Welt-Jury der NAC-International<\/li>\n<li>2x Top 3 Welt-Jury NAC-International<\/li>\n<li>Organisator vom Gr Prix d\u2019Europe (WABBA)<\/li>\n<li>8x Organisator von Luxemburgischen Meisterschaften (2x WABBA- 1x IFBB in Zusammenarbeit und 5x NAC)<\/li>\n<li>5x Organisator vom J-M.B\u00ae OPEN International von 2015 bis 2019<\/li>\n<li>Organisator der Weltmeisterschaft NAC-INTERNATIONAL 2011<\/li>\n<\/ul>\n<p>Als Inhaber der Firma <strong>J-M.B\u2019s luxury Power-Food\u2019s\u00ae<\/strong> (seit 2003) und ehemaliger Pr\u00e4sident und Gr\u00fcnder der Verb\u00e4nde WABBA (1996-2001) und der NAC-Luxembourg (2005-2020) sowie Internationaler Jury der WABBA und NAC. Gr\u00fcnder des J-M.B\u00ae OPEN International von 2015-2019 und erfolgreicher Nationaler sowie Internationaler Athlet, ist Jean-Marie Bermer seit mittlerweile \u00fcber 38 Jahren f\u00fcr Sie aktiv und t\u00e4tig und alle gesammelten Erfahrungen dienen heute als Grundlage f\u00fcr erfolgreiches Training und Ern\u00e4hrung zur Betreuung all seiner Kunden sowie Wettkampfvorbereitung seiner Athleten.<\/p>\n[\/spb_text_block] [\/spb_column] [spb_column width=&#8220;1\/3&#8243; el_position=&#8220;last&#8220;] [spb_single_image image=&#8220;18942&#8243; image_size=&#8220;full&#8220; frame=&#8220;noframe&#8220; lightbox=&#8220;no&#8220; link_target=&#8220;_self&#8220; fullwidth=&#8220;no&#8220; el_class=&#8220;.nomarginbottom&#8220; width=&#8220;1\/1&#8243; el_position=&#8220;first last&#8220;][\/spb_single_image] [spb_single_image image=&#8220;18419&#8243; image_size=&#8220;full&#8220; frame=&#8220;noframe&#8220; lightbox=&#8220;no&#8220; link_target=&#8220;_self&#8220; fullwidth=&#8220;no&#8220; width=&#8220;1\/1&#8243; el_position=&#8220;first last&#8220;][\/spb_single_image] [\/spb_column] [\/spb_row] [spb_column width=&#8220;1\/3&#8243; el_position=&#8220;first&#8220;] [spb_single_image image=&#8220;11269&#8243; image_size=&#8220;full&#8220; frame=&#8220;noframe&#8220; lightbox=&#8220;yes&#8220; link_target=&#8220;_self&#8220; fullwidth=&#8220;no&#8220; width=&#8220;1\/1&#8243; el_position=&#8220;first last&#8220;][\/spb_single_image] [\/spb_column] [spb_column width=&#8220;1\/3&#8243;] [spb_single_image image=&#8220;11271&#8243; image_size=&#8220;full&#8220; frame=&#8220;noframe&#8220; lightbox=&#8220;yes&#8220; link_target=&#8220;_self&#8220; fullwidth=&#8220;no&#8220; el_class=&#8220;img-grid&#8220; width=&#8220;1\/1&#8243; el_position=&#8220;first last&#8220;][\/spb_single_image] [spb_single_image image=&#8220;11273&#8243; image_size=&#8220;full&#8220; frame=&#8220;noframe&#8220; lightbox=&#8220;yes&#8220; link_target=&#8220;_self&#8220; fullwidth=&#8220;no&#8220; width=&#8220;1\/1&#8243; el_position=&#8220;first last&#8220;][\/spb_single_image] [\/spb_column] [spb_column width=&#8220;1\/3&#8243; el_position=&#8220;last&#8220;] [spb_single_image image=&#8220;11275&#8243; image_size=&#8220;full&#8220; frame=&#8220;noframe&#8220; lightbox=&#8220;yes&#8220; link_target=&#8220;_self&#8220; fullwidth=&#8220;no&#8220; width=&#8220;1\/1&#8243; el_position=&#8220;first last&#8220;][\/spb_single_image] [\/spb_column] [posts_carousel title=&#8220;Neuigkeiten&#8220; item_count=&#8220;12&#8243; category=&#8220;jean-marie-bermer&#8220; show_title=&#8220;yes&#8220; show_excerpt=&#8220;yes&#8220; show_details=&#8220;yes&#8220; excerpt_length=&#8220;20&#8243; width=&#8220;1\/1&#8243; el_position=&#8220;first last&#8220;]\n","protected":false},"excerpt":{"rendered":"<p>[spb_row wrap_type=&#8220;content-width&#8220; row_bg_type=&#8220;color&#8220; color_row_height=&#8220;content-height&#8220; bg_type=&#8220;cover&#8220; parallax_image_height=&#8220;content-height&#8220; parallax_image_movement=&#8220;fixed&#8220; parallax_image_speed=&#8220;0.5&#8243; parallax_video_height=&#8220;window-height&#8220; parallax_video_overlay=&#8220;none&#8220; row_overlay_opacity=&#8220;0&#8243; row_padding_vertical=&#8220;0&#8243; row_padding_horizontal=&#8220;0&#8243; row_margin_vertical=&#8220;0&#8243; remove_element_spacing=&#8220;yes&#8220; vertical_center=&#8220;true&#8220; inner_column_height=&#8220;col-natural&#8220; row_expanding=&#8220;no&#8220; width=&#8220;1\/1&#8243; el_position=&#8220;first last&#8220;] [spb_column width=&#8220;2\/3&#8243; el_position=&#8220;first&#8220;] [spb_text_block pb_margin_bottom=&#8220;no&#8220; pb_border_bottom=&#8220;no&#8220; width=&#8220;1\/1&#8243; el_position=&#8220;first last&#8220;] Als diplomierter Ern\u00e4hrungsberater, diplomierter Experte f\u00fcr Sportern\u00e4hrung, diplomierter Trainer, diplo- mierter NGB Master Instruktor f\u00fcr Sport und Physio, diplomierter Wettkampf Vorbereiter (aller Sportarten) und zertifizierter Gesundheitsberater In-Body, gibt er seinen [&hellip;]<\/p>\n","protected":false},"author":1,"featured_media":0,"parent":0,"menu_order":0,"comment_status":"closed","ping_status":"closed","template":"","meta":{"footnotes":""},"class_list":["post-11281","page","type-page","status-publish","hentry"],"_links":{"self":[{"href":"https:\/\/www.powerfoodsjmb.com\/de\/wp-json\/wp\/v2\/pages\/11281","targetHints":{"allow":["GET"]}}],"collection":[{"href":"https:\/\/www.powerfoodsjmb.com\/de\/wp-json\/wp\/v2\/pages"}],"about":[{"href":"https:\/\/www.powerfoodsjmb.com\/de\/wp-json\/wp\/v2\/types\/page"}],"author":[{"embeddable":true,"href":"https:\/\/www.powerfoodsjmb.com\/de\/wp-json\/wp\/v2\/users\/1"}],"replies":[{"embeddable":true,"href":"https:\/\/www.powerfoodsjmb.com\/de\/wp-json\/wp\/v2\/comments?post=11281"}],"version-history":[{"count":15,"href":"https:\/\/www.powerfoodsjmb.com\/de\/wp-json\/wp\/v2\/pages\/11281\/revisions"}],"predecessor-version":[{"id":18945,"href":"https:\/\/www.powerfoodsjmb.com\/de\/wp-json\/wp\/v2\/pages\/11281\/revisions\/18945"}],"wp:attachment":[{"href":"https:\/\/www.powerfoodsjmb.com\/de\/wp-json\/wp\/v2\/media?parent=11281"}],"curies":[{"name":"wp","href":"https:\/\/api.w.org\/{rel}","templated":true}]}}